{"id":782,"date":"2025-06-13T00:21:13","date_gmt":"2025-06-13T00:21:13","guid":{"rendered":"http:\/\/zdrowiejoga.pl\/?page_id=782"},"modified":"2025-07-13T19:34:22","modified_gmt":"2025-07-13T19:34:22","slug":"b-luron-kompleks-dla-skory-kosci-paznokci-kregoslupa-stawow-itd","status":"publish","type":"page","link":"https:\/\/zdrowiejoga.pl\/index.php\/b-luron-kompleks-dla-skory-kosci-paznokci-kregoslupa-stawow-itd\/","title":{"rendered":"Produkty &#8211; B-LURON"},"content":{"rendered":"\t\t<div data-elementor-type=\"wp-page\" data-elementor-id=\"782\" class=\"elementor elementor-782\">\n\t\t\t\t<div class=\"elementor-element elementor-element-8c2f6ea e-flex e-con-boxed e-con e-parent\" data-id=\"8c2f6ea\" data-element_type=\"container\">\n\t\t\t\t\t<div class=\"e-con-inner\">\n\t\t<div class=\"elementor-element elementor-element-fa2bf77 e-con-full e-flex e-con e-child\" data-id=\"fa2bf77\" data-element_type=\"container\" data-settings=\"{&quot;background_background&quot;:&quot;classic&quot;}\">\n\t\t<div class=\"elementor-element elementor-element-e0da9b2 e-con-full e-flex e-con e-child\" data-id=\"e0da9b2\" data-element_type=\"container\">\n\t\t<div class=\"elementor-element elementor-element-63bc04f e-con-full e-flex e-con e-child\" data-id=\"63bc04f\" data-element_type=\"container\">\n\t\t\t\t<div class=\"elementor-element elementor-element-76c95fe elementor-widget__width-initial zoooom elementor-widget elementor-widget-image\" data-id=\"76c95fe\" data-element_type=\"widget\" data-widget_type=\"image.default\">\n\t\t\t\t<div class=\"elementor-widget-container\">\n\t\t\t\t\t\t\t\t\t\t\t\t\t\t\t<img fetchpriority=\"high\" decoding=\"async\" width=\"931\" height=\"766\" src=\"https:\/\/zdrowiejoga.pl\/wp-content\/uploads\/2025\/06\/bluron.png\" class=\"attachment-large size-large wp-image-788\" alt=\"\" srcset=\"https:\/\/zdrowiejoga.pl\/wp-content\/uploads\/2025\/06\/bluron.png 931w, https:\/\/zdrowiejoga.pl\/wp-content\/uploads\/2025\/06\/bluron-300x247.png 300w, https:\/\/zdrowiejoga.pl\/wp-content\/uploads\/2025\/06\/bluron-768x632.png 768w\" sizes=\"(max-width: 931px) 100vw, 931px\" \/>\t\t\t\t\t\t\t\t\t\t\t\t\t\t\t<\/div>\n\t\t\t\t<\/div>\n\t\t\t\t<div class=\"elementor-element elementor-element-d324f18 elementor-absolute elementor-widget elementor-widget-image\" data-id=\"d324f18\" data-element_type=\"widget\" data-settings=\"{&quot;_position&quot;:&quot;absolute&quot;}\" data-widget_type=\"image.default\">\n\t\t\t\t<div class=\"elementor-widget-container\">\n\t\t\t\t\t\t\t\t\t\t\t\t\t\t\t<img decoding=\"async\" src=\"https:\/\/zdrowiejoga.pl\/wp-content\/uploads\/elementor\/thumbs\/Group-4-\u043a\u043e\u043f\u0456\u044f-r77ra4q79hq6me7zbvxneicfoez73sx523ovevc94s.png\" title=\"Group 4 \u043a\u043e\u043f\u0456\u044f\" alt=\"Group 4 \u043a\u043e\u043f\u0456\u044f\" loading=\"lazy\" \/>\t\t\t\t\t\t\t\t\t\t\t\t\t\t\t<\/div>\n\t\t\t\t<\/div>\n\t\t\t\t<\/div>\n\t\t<div class=\"elementor-element elementor-element-80652a4 e-con-full e-flex e-con e-child\" data-id=\"80652a4\" data-element_type=\"container\">\n\t\t\t\t<div class=\"elementor-element elementor-element-505a700 elementor-widget elementor-widget-heading\" data-id=\"505a700\" data-element_type=\"widget\" data-widget_type=\"heading.default\">\n\t\t\t\t<div class=\"elementor-widget-container\">\n\t\t\t\t\t<h2 class=\"elementor-heading-title elementor-size-default\">B-LURON kompleks dla sk\u00f3ry, ko\u015bci, paznokci, kr\u0119gos\u0142upa, staw\u00f3w, itd.<\/h2>\t\t\t\t<\/div>\n\t\t\t\t<\/div>\n\t\t<div class=\"elementor-element elementor-element-71f5b94 e-con-full e-flex e-con e-child\" data-id=\"71f5b94\" data-element_type=\"container\">\n\t\t\t\t<div class=\"elementor-element elementor-element-16d4c46 elementor-widget__width-auto elementor-widget elementor-widget-heading\" data-id=\"16d4c46\" data-element_type=\"widget\" data-widget_type=\"heading.default\">\n\t\t\t\t<div class=\"elementor-widget-container\">\n\t\t\t\t\t<h2 class=\"elementor-heading-title elementor-size-default\">998.50 z\u0142<\/h2>\t\t\t\t<\/div>\n\t\t\t\t<\/div>\n\t\t\t\t<div class=\"elementor-element elementor-element-98aa48a elementor-widget elementor-widget-heading\" data-id=\"98aa48a\" data-element_type=\"widget\" data-widget_type=\"heading.default\">\n\t\t\t\t<div class=\"elementor-widget-container\">\n\t\t\t\t\t<h2 class=\"elementor-heading-title elementor-size-default\">890.10 z\u0142<\/h2>\t\t\t\t<\/div>\n\t\t\t\t<\/div>\n\t\t\t\t<\/div>\n\t\t\t\t<div class=\"elementor-element elementor-element-6f09f50 elementor-widget elementor-widget-text-editor\" data-id=\"6f09f50\" data-element_type=\"widget\" data-widget_type=\"text-editor.default\">\n\t\t\t\t<div class=\"elementor-widget-container\">\n\t\t\t\t\t\t\t\t\t<p>B-Luron to biologicznie aktywny dodatek do \u017cywno\u015bci z kompleksem hialuronowo-chondroitynowym, kt\u00f3ry jest technologiczn\u0105 innowacj\u0105 maj\u0105c\u0105 na celu pobudzenie produkcji w\u0142asnych p\u0142yn\u00f3w maziowych oraz zapewnienie od\u017cywiania i regeneracji tkanki chrz\u0119stnej staw\u00f3w. Rodzaj 2 x 500 ml<\/p>\t\t\t\t\t\t\t\t<\/div>\n\t\t\t\t<\/div>\n\t\t\t\t<\/div>\n\t\t\t\t<\/div>\n\t\t\t\t<div class=\"elementor-element elementor-element-5400394 elementor-icon-list--layout-traditional elementor-list-item-link-full_width elementor-widget elementor-widget-icon-list\" data-id=\"5400394\" data-element_type=\"widget\" data-widget_type=\"icon-list.default\">\n\t\t\t\t<div class=\"elementor-widget-container\">\n\t\t\t\t\t\t\t<ul class=\"elementor-icon-list-items\">\n\t\t\t\t\t\t\t<li class=\"elementor-icon-list-item\">\n\t\t\t\t\t\t\t\t\t\t\t<span class=\"elementor-icon-list-icon\">\n\t\t\t\t\t\t\t<svg aria-hidden=\"true\" class=\"e-font-icon-svg e-fas-long-arrow-alt-right\" viewBox=\"0 0 448 512\" xmlns=\"http:\/\/www.w3.org\/2000\/svg\"><path d=\"M313.941 216H12c-6.627 0-12 5.373-12 12v56c0 6.627 5.373 12 12 12h301.941v46.059c0 21.382 25.851 32.09 40.971 16.971l86.059-86.059c9.373-9.373 9.373-24.569 0-33.941l-86.059-86.059c-15.119-15.119-40.971-4.411-40.971 16.971V216z\"><\/path><\/svg>\t\t\t\t\t\t<\/span>\n\t\t\t\t\t\t\t\t\t\t<span class=\"elementor-icon-list-text\">Jak zam\u00f3wi\u0107 ze zni\u017ck\u0105?<\/span>\n\t\t\t\t\t\t\t\t\t<\/li>\n\t\t\t\t\t\t<\/ul>\n\t\t\t\t\t\t<\/div>\n\t\t\t\t<\/div>\n\t\t\t\t<div class=\"elementor-element elementor-element-101cca5 elementor-widget elementor-widget-text-editor\" data-id=\"101cca5\" data-element_type=\"widget\" data-widget_type=\"text-editor.default\">\n\t\t\t\t<div class=\"elementor-widget-container\">\n\t\t\t\t\t\t\t\t\t<p><strong>UWAGA!\u00a0<\/strong><strong>Jeste\u015bmy oficjalnym dystrybutorem firmy CORAL CLUB, j<\/strong><strong>e\u015bli chcesz zakupi\u0107 produkt ze zni\u017ck\u0105,\u00a0<\/strong><strong>zadzwo\u0144 lub napisz: <a href=\"tel: +48532732688\">532 732 688<\/a>.<\/strong><\/p><p><strong>Produkt zamawiamy za pobraniem na wskazany przez Ciebie adres, w tym przypadku nale\u017cy doda\u0107 do podanej kwoty 18 z\u0142 za pobranie.<\/strong><\/p><p><strong>Je\u015bli chcesz zamawia\u0107 samodzielnie ze zni\u017ck\u0105, do\u0142\u0105cz do nas rejestruj\u0105c si\u0119 pod linkiem\u00a0<a href=\"https:\/\/coral.club\/4580021.html\" target=\"_blank\" rel=\"noopener\"> https:\/\/coral.club\/4580021.html<\/a> <\/strong><\/p><p><strong>Po do\u0142\u0105czeniu do naszej struktury, skontaktuj si\u0119 z nami pod wskazany wy\u017cej numer telefonu.<\/strong><\/p><p><strong>KOMPLEKS HIALURONOWO-CHONDROITYNOWY \u2013 Bestseller<\/strong><\/p><div class=\"t396__elem tn-elem tn-elem__3850916921637183383981\" data-elem-id=\"1637183383981\" data-elem-type=\"text\" data-field-top-value=\"340\" data-field-top-res-960-value=\"293\" data-field-top-res-640-value=\"299\" data-field-top-res-480-value=\"339\" data-field-top-res-320-value=\"305\" data-field-left-value=\"81\" data-field-left-res-960-value=\"81\" data-field-left-res-640-value=\"31\" data-field-left-res-480-value=\"31\" data-field-left-res-320-value=\"31\" data-field-width-value=\"224\" data-field-axisy-value=\"top\" data-field-axisx-value=\"left\" data-field-container-value=\"grid\" data-field-topunits-value=\"px\" data-field-leftunits-value=\"px\" data-field-heightunits-value=\"\" data-field-widthunits-value=\"px\" data-animate-fix=\"0\" data-animate-fix-dist=\"450\" data-animate-fix-trgofst=\"300\" data-fields=\"top,left,width,container,axisx,axisy,widthunits,leftunits,topunits\"><div class=\"tn-atom__sticky-wrapper t-sticky_going\"><div class=\"tn-atom\">ZDROWE STAWY W KA\u017bDYM WIEKU*<\/div><div class=\"tn-atom\">*przeznaczony dla os\u00f3b powy\u017cej 18 roku \u017cycia<\/div><\/div><\/div>\t\t\t\t\t\t\t\t<\/div>\n\t\t\t\t<\/div>\n\t\t\t\t<div class=\"elementor-element elementor-element-c1637fd elementor-icon-list--layout-traditional elementor-list-item-link-full_width elementor-widget elementor-widget-icon-list\" data-id=\"c1637fd\" data-element_type=\"widget\" data-widget_type=\"icon-list.default\">\n\t\t\t\t<div class=\"elementor-widget-container\">\n\t\t\t\t\t\t\t<ul class=\"elementor-icon-list-items\">\n\t\t\t\t\t\t\t<li class=\"elementor-icon-list-item\">\n\t\t\t\t\t\t\t\t\t\t\t<span class=\"elementor-icon-list-icon\">\n\t\t\t\t\t\t\t<svg aria-hidden=\"true\" class=\"e-font-icon-svg e-fas-long-arrow-alt-right\" viewBox=\"0 0 448 512\" xmlns=\"http:\/\/www.w3.org\/2000\/svg\"><path d=\"M313.941 216H12c-6.627 0-12 5.373-12 12v56c0 6.627 5.373 12 12 12h301.941v46.059c0 21.382 25.851 32.09 40.971 16.971l86.059-86.059c9.373-9.373 9.373-24.569 0-33.941l-86.059-86.059c-15.119-15.119-40.971-4.411-40.971 16.971V216z\"><\/path><\/svg>\t\t\t\t\t\t<\/span>\n\t\t\t\t\t\t\t\t\t\t<span class=\"elementor-icon-list-text\">W\u0142a\u015bciwo\u015b\u0107i<\/span>\n\t\t\t\t\t\t\t\t\t<\/li>\n\t\t\t\t\t\t<\/ul>\n\t\t\t\t\t\t<\/div>\n\t\t\t\t<\/div>\n\t\t\t\t<div class=\"elementor-element elementor-element-3469911 elementor-widget__width-inherit elementor-widget elementor-widget-text-editor\" data-id=\"3469911\" data-element_type=\"widget\" data-widget_type=\"text-editor.default\">\n\t\t\t\t<div class=\"elementor-widget-container\">\n\t\t\t\t\t\t\t\t\t<div class=\"t396__elem tn-elem tn-elem__3850916921637180983085\" data-elem-id=\"1637180983085\" data-elem-type=\"text\" data-field-top-value=\"761\" data-field-top-res-960-value=\"723\" data-field-top-res-640-value=\"751\" data-field-top-res-480-value=\"919\" data-field-top-res-320-value=\"1256\" data-field-left-value=\"943\" data-field-left-res-960-value=\"545\" data-field-left-res-640-value=\"385\" data-field-left-res-480-value=\"300\" data-field-left-res-320-value=\"65\" data-field-width-value=\"240\" data-field-axisy-value=\"top\" data-field-axisx-value=\"left\" data-field-container-value=\"grid\" data-field-topunits-value=\"px\" data-field-leftunits-value=\"px\" data-field-heightunits-value=\"\" data-field-widthunits-value=\"px\" data-fields=\"top,left,width,container,axisx,axisy,widthunits,leftunits,topunits\"><div class=\"tn-atom\"><strong>Bezpieczny:<\/strong><\/div><\/div><div class=\"t396__elem tn-elem tn-elem__3850916921637180983082\" data-elem-id=\"1637180983082\" data-elem-type=\"text\" data-field-top-value=\"589\" data-field-top-res-960-value=\"748\" data-field-top-res-640-value=\"824\" data-field-top-res-480-value=\"721\" data-field-top-res-320-value=\"1118\" data-field-left-value=\"943\" data-field-left-res-960-value=\"115\" data-field-left-res-640-value=\"65\" data-field-left-res-480-value=\"300\" data-field-left-res-320-value=\"65\" data-field-width-value=\"240\" data-field-axisy-value=\"top\" data-field-axisx-value=\"left\" data-field-container-value=\"grid\" data-field-topunits-value=\"px\" data-field-leftunits-value=\"px\" data-field-heightunits-value=\"\" data-field-widthunits-value=\"px\" data-fields=\"top,left,width,container,axisx,axisy,widthunits,leftunits,topunits\"><div class=\"tn-atom\">Jego stosowanie mo\u017cna \u0142\u0105czy\u0107 z fizjoterapi\u0105 i przyjmowaniem lek\u00f3w nie wywo\u0142uje efekt\u00f3w ubocznych<\/div><div>\u00a0<\/div><div class=\"tn-atom\"><strong>Wygodna:<\/strong><\/div><\/div><div class=\"t396__elem tn-elem tn-elem__3850916921637180983073\" data-elem-id=\"1637180983073\" data-elem-type=\"text\" data-field-top-value=\"589\" data-field-top-res-960-value=\"625\" data-field-top-res-640-value=\"677\" data-field-top-res-480-value=\"721\" data-field-top-res-320-value=\"875\" data-field-left-value=\"667\" data-field-left-res-960-value=\"115\" data-field-left-res-640-value=\"65\" data-field-left-res-480-value=\"60\" data-field-left-res-320-value=\"65\" data-field-width-value=\"240\" data-field-width-res-480-value=\"184\" data-field-axisy-value=\"top\" data-field-axisx-value=\"left\" data-field-container-value=\"grid\" data-field-topunits-value=\"px\" data-field-leftunits-value=\"px\" data-field-heightunits-value=\"\" data-field-widthunits-value=\"px\" data-fields=\"top,left,width,container,axisx,axisy,widthunits,leftunits,topunits\"><div class=\"tn-atom\">Charakteryzuje si\u0119 form\u0105 produktu i sposobem przyjmowania, przed\u0142u\u017conym dzia\u0142aniem (efekty utrzymuj\u0105 si\u0119 przez 3-5 miesi\u0119cy po zako\u0144czeniu stosowania)<\/div><div>\u00a0<\/div><\/div><div class=\"t396__elem tn-elem tn-elem__3850916921637180983070\" data-elem-id=\"1637180983070\" data-elem-type=\"text\" data-field-top-value=\"466\" data-field-top-res-960-value=\"526\" data-field-top-res-640-value=\"555\" data-field-top-res-480-value=\"597\" data-field-top-res-320-value=\"779\" data-field-left-value=\"943\" data-field-left-res-960-value=\"545\" data-field-left-res-640-value=\"385\" data-field-left-res-480-value=\"300\" data-field-left-res-320-value=\"65\" data-field-width-value=\"330\" data-field-width-res-480-value=\"171\" data-field-axisy-value=\"top\" data-field-axisx-value=\"left\" data-field-container-value=\"grid\" data-field-topunits-value=\"px\" data-field-leftunits-value=\"px\" data-field-heightunits-value=\"\" data-field-widthunits-value=\"px\" data-fields=\"top,left,width,container,axisx,axisy,widthunits,leftunits,topunits\"><div class=\"tn-atom\"><strong>Dzia\u0142a:<\/strong><\/div><\/div><div class=\"t396__elem tn-elem tn-elem__3850916921636974053323\" data-elem-id=\"1636974053323\" data-elem-type=\"text\" data-field-top-value=\"500\" data-field-top-res-960-value=\"560\" data-field-top-res-640-value=\"588\" data-field-top-res-480-value=\"632\" data-field-top-res-320-value=\"811\" data-field-left-value=\"943\" data-field-left-res-960-value=\"545\" data-field-left-res-640-value=\"385\" data-field-left-res-480-value=\"300\" data-field-left-res-320-value=\"65\" data-field-width-value=\"203\" data-field-width-res-960-value=\"350\" data-field-width-res-640-value=\"236\" data-field-width-res-480-value=\"160\" data-field-width-res-320-value=\"337\" data-field-axisy-value=\"top\" data-field-axisx-value=\"left\" data-field-container-value=\"grid\" data-field-topunits-value=\"px\" data-field-leftunits-value=\"px\" data-field-heightunits-value=\"\" data-field-widthunits-value=\"px\" data-fields=\"top,left,width,container,axisx,axisy,widthunits,leftunits,topunits\"><div class=\"tn-atom\">na wszystkie stawy jednocze\u015bnie. Stymuluje produkcj\u0119 p\u0142ynu maziowego w chrz\u0105stkach<\/div><div>\u00a0<\/div><div><div class=\"t396__elem tn-elem tn-elem__3850916921637180983066\" data-elem-id=\"1637180983066\" data-elem-type=\"text\" data-field-top-value=\"343\" data-field-top-res-960-value=\"428\" data-field-top-res-640-value=\"555\" data-field-top-res-480-value=\"597\" data-field-top-res-320-value=\"658\" data-field-left-value=\"943\" data-field-left-res-960-value=\"545\" data-field-left-res-640-value=\"65\" data-field-left-res-480-value=\"60\" data-field-left-res-320-value=\"65\" data-field-width-value=\"240\" data-field-width-res-480-value=\"160\" data-field-axisy-value=\"top\" data-field-axisx-value=\"left\" data-field-container-value=\"grid\" data-field-topunits-value=\"px\" data-field-leftunits-value=\"px\" data-field-heightunits-value=\"\" data-field-widthunits-value=\"px\" data-fields=\"top,left,width,container,axisx,axisy,widthunits,leftunits,topunits\"><div class=\"tn-atom\"><strong>Zmniejsza:<\/strong><\/div><\/div><div class=\"t396__elem tn-elem tn-elem__3850916921636974042836\" data-elem-id=\"1636974042836\" data-elem-type=\"text\" data-field-top-value=\"377\" data-field-top-res-960-value=\"462\" data-field-top-res-640-value=\"588\" data-field-top-res-480-value=\"632\" data-field-top-res-320-value=\"690\" data-field-left-value=\"943\" data-field-left-res-960-value=\"545\" data-field-left-res-640-value=\"65\" data-field-left-res-480-value=\"60\" data-field-left-res-320-value=\"65\" data-field-width-value=\"210\" data-field-width-res-960-value=\"350\" data-field-width-res-640-value=\"221\" data-field-width-res-480-value=\"230\" data-field-width-res-320-value=\"204\" data-field-axisy-value=\"top\" data-field-axisx-value=\"left\" data-field-container-value=\"grid\" data-field-topunits-value=\"px\" data-field-leftunits-value=\"px\" data-field-heightunits-value=\"\" data-field-widthunits-value=\"px\" data-fields=\"top,left,width,container,axisx,axisy,widthunits,leftunits,topunits\"><div class=\"tn-atom\">sztywno\u015b\u0107 i poprawia ruchomo\u015b\u0107 staw\u00f3w<\/div><div>\u00a0<\/div><div><div class=\"t396__elem tn-elem tn-elem__3850916921637180983057\" data-elem-id=\"1637180983057\" data-elem-type=\"text\" data-field-top-value=\"343\" data-field-top-res-960-value=\"428\" data-field-top-res-640-value=\"434\" data-field-top-res-480-value=\"474\" data-field-top-res-320-value=\"440\" data-field-left-value=\"667\" data-field-left-res-960-value=\"115\" data-field-left-res-640-value=\"65\" data-field-left-res-480-value=\"60\" data-field-left-res-320-value=\"65\" data-field-width-value=\"215\" data-field-width-res-480-value=\"156\" data-field-width-res-320-value=\"137\" data-field-axisy-value=\"top\" data-field-axisx-value=\"left\" data-field-container-value=\"grid\" data-field-topunits-value=\"px\" data-field-leftunits-value=\"px\" data-field-heightunits-value=\"\" data-field-widthunits-value=\"px\" data-fields=\"top,left,width,container,axisx,axisy,widthunits,leftunits,topunits\"><div class=\"tn-atom\"><strong>Od\u017cywia:<\/strong><\/div><\/div><div class=\"t396__elem tn-elem tn-elem__3850916921636900416507\" data-elem-id=\"1636900416507\" data-elem-type=\"text\" data-field-top-value=\"377\" data-field-top-res-960-value=\"462\" data-field-top-res-640-value=\"467\" data-field-top-res-480-value=\"508\" data-field-top-res-320-value=\"472\" data-field-left-value=\"667\" data-field-left-res-960-value=\"115\" data-field-left-res-640-value=\"65\" data-field-left-res-480-value=\"60\" data-field-left-res-320-value=\"65\" data-field-width-value=\"145\" data-field-width-res-960-value=\"348\" data-field-width-res-640-value=\"208\" data-field-width-res-480-value=\"159\" data-field-width-res-320-value=\"310\" data-field-axisy-value=\"top\" data-field-axisx-value=\"left\" data-field-container-value=\"grid\" data-field-topunits-value=\"px\" data-field-leftunits-value=\"px\" data-field-heightunits-value=\"\" data-field-widthunits-value=\"px\" data-fields=\"top,left,width,container,axisx,axisy,widthunits,leftunits,topunits\"><div class=\"tn-atom\">i wspomaga regeneracj\u0119 tkanki chrz\u0119stnej<\/div><\/div><\/div><\/div><\/div><\/div>\t\t\t\t\t\t\t\t<\/div>\n\t\t\t\t<\/div>\n\t\t<div class=\"elementor-element elementor-element-013afab e-con-full e-flex e-con e-child\" data-id=\"013afab\" data-element_type=\"container\">\n\t\t\t\t<div class=\"elementor-element elementor-element-5600449 elementor-align-right elementor-widget elementor-widget-button\" data-id=\"5600449\" data-element_type=\"widget\" data-widget_type=\"button.default\">\n\t\t\t\t<div class=\"elementor-widget-container\">\n\t\t\t\t\t\t\t\t\t<div class=\"elementor-button-wrapper\">\n\t\t\t\t\t<a class=\"elementor-button elementor-button-link elementor-size-sm\" href=\"https:\/\/zdrowiejoga.pl\/index.php\/kontakt\/\" target=\"_blank\">\n\t\t\t\t\t\t<span class=\"elementor-button-content-wrapper\">\n\t\t\t\t\t\t\t\t\t<span class=\"elementor-button-text\">Zam\u00f3w<\/span>\n\t\t\t\t\t<\/span>\n\t\t\t\t\t<\/a>\n\t\t\t\t<\/div>\n\t\t\t\t\t\t\t\t<\/div>\n\t\t\t\t<\/div>\n\t\t\t\t<div class=\"elementor-element elementor-element-91002d8 elementor-button-info elementor-align-right elementor-widget elementor-widget-button\" data-id=\"91002d8\" data-element_type=\"widget\" data-widget_type=\"button.default\">\n\t\t\t\t<div class=\"elementor-widget-container\">\n\t\t\t\t\t\t\t\t\t<div class=\"elementor-button-wrapper\">\n\t\t\t\t\t<a class=\"elementor-button elementor-button-link elementor-size-sm\" href=\"https:\/\/zdrowiejoga.pl\/index.php\/produkty\/\">\n\t\t\t\t\t\t<span class=\"elementor-button-content-wrapper\">\n\t\t\t\t\t\t\t\t\t<span class=\"elementor-button-text\">Wszystkie produkty<\/span>\n\t\t\t\t\t<\/span>\n\t\t\t\t\t<\/a>\n\t\t\t\t<\/div>\n\t\t\t\t\t\t\t\t<\/div>\n\t\t\t\t<\/div>\n\t\t\t\t<\/div>\n\t\t\t\t<\/div>\n\t\t\t\t\t<\/div>\n\t\t\t\t<\/div>\n\t\t\t\t<\/div>\n\t\t","protected":false},"excerpt":{"rendered":"<p>B-LURON kompleks dla sk\u00f3ry, ko\u015bci, paznokci, kr\u0119gos\u0142upa, staw\u00f3w, itd. 998.50 z\u0142 890.10 z\u0142 B-Luron to biologicznie aktywny dodatek do \u017cywno\u015bci z kompleksem hialuronowo-chondroitynowym, kt\u00f3ry jest technologiczn\u0105 innowacj\u0105 maj\u0105c\u0105 na celu pobudzenie produkcji w\u0142asnych p\u0142yn\u00f3w maziowych oraz zapewnienie od\u017cywiania i regeneracji tkanki chrz\u0119stnej staw\u00f3w. Rodzaj 2 x 500 ml Jak zam\u00f3wi\u0107 ze zni\u017ck\u0105? UWAGA!\u00a0Jeste\u015bmy oficjalnym dystrybutorem [&hellip;]<\/p>\n","protected":false},"author":1,"featured_media":0,"parent":0,"menu_order":0,"comment_status":"closed","ping_status":"closed","template":"elementor_header_footer","meta":{"ocean_post_layout":"","ocean_both_sidebars_style":"","ocean_both_sidebars_content_width":0,"ocean_both_sidebars_sidebars_width":0,"ocean_sidebar":"","ocean_second_sidebar":"","ocean_disable_margins":"enable","ocean_add_body_class":"","ocean_shortcode_before_top_bar":"","ocean_shortcode_after_top_bar":"","ocean_shortcode_before_header":"","ocean_shortcode_after_header":"","ocean_has_shortcode":"","ocean_shortcode_after_title":"","ocean_shortcode_before_footer_widgets":"","ocean_shortcode_after_footer_widgets":"","ocean_shortcode_before_footer_bottom":"","ocean_shortcode_after_footer_bottom":"","ocean_display_top_bar":"default","ocean_display_header":"default","ocean_header_style":"","ocean_center_header_left_menu":"","ocean_custom_header_template":"","ocean_custom_logo":0,"ocean_custom_retina_logo":0,"ocean_custom_logo_max_width":0,"ocean_custom_logo_tablet_max_width":0,"ocean_custom_logo_mobile_max_width":0,"ocean_custom_logo_max_height":0,"ocean_custom_logo_tablet_max_height":0,"ocean_custom_logo_mobile_max_height":0,"ocean_header_custom_menu":"","ocean_menu_typo_font_family":"","ocean_menu_typo_font_subset":"","ocean_menu_typo_font_size":0,"ocean_menu_typo_font_size_tablet":0,"ocean_menu_typo_font_size_mobile":0,"ocean_menu_typo_font_size_unit":"px","ocean_menu_typo_font_weight":"","ocean_menu_typo_font_weight_tablet":"","ocean_menu_typo_font_weight_mobile":"","ocean_menu_typo_transform":"","ocean_menu_typo_transform_tablet":"","ocean_menu_typo_transform_mobile":"","ocean_menu_typo_line_height":0,"ocean_menu_typo_line_height_tablet":0,"ocean_menu_typo_line_height_mobile":0,"ocean_menu_typo_line_height_unit":"","ocean_menu_typo_spacing":0,"ocean_menu_typo_spacing_tablet":0,"ocean_menu_typo_spacing_mobile":0,"ocean_menu_typo_spacing_unit":"","ocean_menu_link_color":"","ocean_menu_link_color_hover":"","ocean_menu_link_color_active":"","ocean_menu_link_background":"","ocean_menu_link_hover_background":"","ocean_menu_link_active_background":"","ocean_menu_social_links_bg":"","ocean_menu_social_hover_links_bg":"","ocean_menu_social_links_color":"","ocean_menu_social_hover_links_color":"","ocean_disable_title":"default","ocean_disable_heading":"default","ocean_post_title":"","ocean_post_subheading":"","ocean_post_title_style":"","ocean_post_title_background_color":"","ocean_post_title_background":0,"ocean_post_title_bg_image_position":"","ocean_post_title_bg_image_attachment":"","ocean_post_title_bg_image_repeat":"","ocean_post_title_bg_image_size":"","ocean_post_title_height":0,"ocean_post_title_bg_overlay":0.5,"ocean_post_title_bg_overlay_color":"","ocean_disable_breadcrumbs":"default","ocean_breadcrumbs_color":"","ocean_breadcrumbs_separator_color":"","ocean_breadcrumbs_links_color":"","ocean_breadcrumbs_links_hover_color":"","ocean_display_footer_widgets":"default","ocean_display_footer_bottom":"default","ocean_custom_footer_template":"","footnotes":""},"class_list":["post-782","page","type-page","status-publish","hentry","entry"],"_links":{"self":[{"href":"https:\/\/zdrowiejoga.pl\/index.php\/wp-json\/wp\/v2\/pages\/782","targetHints":{"allow":["GET"]}}],"collection":[{"href":"https:\/\/zdrowiejoga.pl\/index.php\/wp-json\/wp\/v2\/pages"}],"about":[{"href":"https:\/\/zdrowiejoga.pl\/index.php\/wp-json\/wp\/v2\/types\/page"}],"author":[{"embeddable":true,"href":"https:\/\/zdrowiejoga.pl\/index.php\/wp-json\/wp\/v2\/users\/1"}],"replies":[{"embeddable":true,"href":"https:\/\/zdrowiejoga.pl\/index.php\/wp-json\/wp\/v2\/comments?post=782"}],"version-history":[{"count":47,"href":"https:\/\/zdrowiejoga.pl\/index.php\/wp-json\/wp\/v2\/pages\/782\/revisions"}],"predecessor-version":[{"id":3279,"href":"https:\/\/zdrowiejoga.pl\/index.php\/wp-json\/wp\/v2\/pages\/782\/revisions\/3279"}],"wp:attachment":[{"href":"https:\/\/zdrowiejoga.pl\/index.php\/wp-json\/wp\/v2\/media?parent=782"}],"curies":[{"name":"wp","href":"https:\/\/api.w.org\/{rel}","templated":true}]}}