{"id":776,"date":"2025-06-13T00:10:44","date_gmt":"2025-06-13T00:10:44","guid":{"rendered":"http:\/\/zdrowiejoga.pl\/?page_id=776"},"modified":"2025-07-13T19:34:50","modified_gmt":"2025-07-13T19:34:50","slug":"parashield-zestaw-przeciwpasozytniczy","status":"publish","type":"page","link":"https:\/\/zdrowiejoga.pl\/index.php\/parashield-zestaw-przeciwpasozytniczy\/","title":{"rendered":"Produkty &#8211; Parashield"},"content":{"rendered":"\t\t<div data-elementor-type=\"wp-page\" data-elementor-id=\"776\" class=\"elementor elementor-776\">\n\t\t\t\t<div class=\"elementor-element elementor-element-dc639bf e-flex e-con-boxed e-con e-parent\" data-id=\"dc639bf\" data-element_type=\"container\">\n\t\t\t\t\t<div class=\"e-con-inner\">\n\t\t<div class=\"elementor-element elementor-element-cb2cbec e-con-full e-flex e-con e-child\" data-id=\"cb2cbec\" data-element_type=\"container\" data-settings=\"{&quot;background_background&quot;:&quot;classic&quot;}\">\n\t\t<div class=\"elementor-element elementor-element-287ee47 e-con-full e-flex e-con e-child\" data-id=\"287ee47\" data-element_type=\"container\">\n\t\t<div class=\"elementor-element elementor-element-14afabe e-con-full e-flex e-con e-child\" data-id=\"14afabe\" data-element_type=\"container\">\n\t\t\t\t<div class=\"elementor-element elementor-element-e9b251a elementor-widget__width-initial zoooom elementor-widget elementor-widget-image\" data-id=\"e9b251a\" data-element_type=\"widget\" data-widget_type=\"image.default\">\n\t\t\t\t<div class=\"elementor-widget-container\">\n\t\t\t\t\t\t\t\t\t\t\t\t\t\t\t<img fetchpriority=\"high\" decoding=\"async\" width=\"1024\" height=\"547\" src=\"https:\/\/zdrowiejoga.pl\/wp-content\/uploads\/2025\/06\/parashield-1024x547.png\" class=\"attachment-large size-large wp-image-778\" alt=\"\" srcset=\"https:\/\/zdrowiejoga.pl\/wp-content\/uploads\/2025\/06\/parashield-1024x547.png 1024w, https:\/\/zdrowiejoga.pl\/wp-content\/uploads\/2025\/06\/parashield-300x160.png 300w, https:\/\/zdrowiejoga.pl\/wp-content\/uploads\/2025\/06\/parashield-768x410.png 768w, https:\/\/zdrowiejoga.pl\/wp-content\/uploads\/2025\/06\/parashield.png 1090w\" sizes=\"(max-width: 1024px) 100vw, 1024px\" \/>\t\t\t\t\t\t\t\t\t\t\t\t\t\t\t<\/div>\n\t\t\t\t<\/div>\n\t\t\t\t<div class=\"elementor-element elementor-element-fbac320 elementor-absolute elementor-widget elementor-widget-image\" data-id=\"fbac320\" data-element_type=\"widget\" data-settings=\"{&quot;_position&quot;:&quot;absolute&quot;}\" data-widget_type=\"image.default\">\n\t\t\t\t<div class=\"elementor-widget-container\">\n\t\t\t\t\t\t\t\t\t\t\t\t\t\t\t<img decoding=\"async\" src=\"https:\/\/zdrowiejoga.pl\/wp-content\/uploads\/elementor\/thumbs\/Group-4-\u043a\u043e\u043f\u0456\u044f-r77ra4q79hq6me7zbvxneicfoez73sx523ovevc94s.png\" title=\"Group 4 \u043a\u043e\u043f\u0456\u044f\" alt=\"Group 4 \u043a\u043e\u043f\u0456\u044f\" loading=\"lazy\" \/>\t\t\t\t\t\t\t\t\t\t\t\t\t\t\t<\/div>\n\t\t\t\t<\/div>\n\t\t\t\t<\/div>\n\t\t<div class=\"elementor-element elementor-element-e3863fe e-con-full e-flex e-con e-child\" data-id=\"e3863fe\" data-element_type=\"container\">\n\t\t\t\t<div class=\"elementor-element elementor-element-d663ec2 elementor-widget elementor-widget-heading\" data-id=\"d663ec2\" data-element_type=\"widget\" data-widget_type=\"heading.default\">\n\t\t\t\t<div class=\"elementor-widget-container\">\n\t\t\t\t\t<h2 class=\"elementor-heading-title elementor-size-default\">Parashield \u2013 zestaw przeciwpaso\u017cytniczy<\/h2>\t\t\t\t<\/div>\n\t\t\t\t<\/div>\n\t\t<div class=\"elementor-element elementor-element-4627db0 e-con-full e-flex e-con e-child\" data-id=\"4627db0\" data-element_type=\"container\">\n\t\t\t\t<div class=\"elementor-element elementor-element-b3c85a4 elementor-widget__width-auto elementor-widget elementor-widget-heading\" data-id=\"b3c85a4\" data-element_type=\"widget\" data-widget_type=\"heading.default\">\n\t\t\t\t<div class=\"elementor-widget-container\">\n\t\t\t\t\t<h2 class=\"elementor-heading-title elementor-size-default\">451.50 z\u0142<\/h2>\t\t\t\t<\/div>\n\t\t\t\t<\/div>\n\t\t\t\t<div class=\"elementor-element elementor-element-35b9398 elementor-widget elementor-widget-heading\" data-id=\"35b9398\" data-element_type=\"widget\" data-widget_type=\"heading.default\">\n\t\t\t\t<div class=\"elementor-widget-container\">\n\t\t\t\t\t<h2 class=\"elementor-heading-title elementor-size-default\">361.20 z\u0142<\/h2>\t\t\t\t<\/div>\n\t\t\t\t<\/div>\n\t\t\t\t<\/div>\n\t\t\t\t<div class=\"elementor-element elementor-element-8a099c1 elementor-widget elementor-widget-text-editor\" data-id=\"8a099c1\" data-element_type=\"widget\" data-widget_type=\"text-editor.default\">\n\t\t\t\t<div class=\"elementor-widget-container\">\n\t\t\t\t\t\t\t\t\t<p>Jeden z najlepszych zestaw\u00f3w przeciwpaso\u017cytniczych, przeciwzapalnych, oczyszczaj\u0105cych w\u0105trob\u0119, jelita i ca\u0142y organizm. 90 % chor\u00f3b organizmu s\u0105 wywo\u0142ane przez paso\u017cyty, grzyby, bakterie i wirusy, skutecznie usuwaj\u0105c je z organizmu, pomagasz sobie wyzdrowie\u0107.<\/p>\t\t\t\t\t\t\t\t<\/div>\n\t\t\t\t<\/div>\n\t\t\t\t<\/div>\n\t\t\t\t<\/div>\n\t\t\t\t<div class=\"elementor-element elementor-element-662aefb elementor-icon-list--layout-traditional elementor-list-item-link-full_width elementor-widget elementor-widget-icon-list\" data-id=\"662aefb\" data-element_type=\"widget\" data-widget_type=\"icon-list.default\">\n\t\t\t\t<div class=\"elementor-widget-container\">\n\t\t\t\t\t\t\t<ul class=\"elementor-icon-list-items\">\n\t\t\t\t\t\t\t<li class=\"elementor-icon-list-item\">\n\t\t\t\t\t\t\t\t\t\t\t<span class=\"elementor-icon-list-icon\">\n\t\t\t\t\t\t\t<svg aria-hidden=\"true\" class=\"e-font-icon-svg e-fas-long-arrow-alt-right\" viewBox=\"0 0 448 512\" xmlns=\"http:\/\/www.w3.org\/2000\/svg\"><path d=\"M313.941 216H12c-6.627 0-12 5.373-12 12v56c0 6.627 5.373 12 12 12h301.941v46.059c0 21.382 25.851 32.09 40.971 16.971l86.059-86.059c9.373-9.373 9.373-24.569 0-33.941l-86.059-86.059c-15.119-15.119-40.971-4.411-40.971 16.971V216z\"><\/path><\/svg>\t\t\t\t\t\t<\/span>\n\t\t\t\t\t\t\t\t\t\t<span class=\"elementor-icon-list-text\">Jak zam\u00f3wi\u0107 ze zni\u017ck\u0105?<\/span>\n\t\t\t\t\t\t\t\t\t<\/li>\n\t\t\t\t\t\t<\/ul>\n\t\t\t\t\t\t<\/div>\n\t\t\t\t<\/div>\n\t\t\t\t<div class=\"elementor-element elementor-element-22c7599 elementor-widget elementor-widget-text-editor\" data-id=\"22c7599\" data-element_type=\"widget\" data-widget_type=\"text-editor.default\">\n\t\t\t\t<div class=\"elementor-widget-container\">\n\t\t\t\t\t\t\t\t\t<p><strong>UWAGA!\u00a0<\/strong><strong>Jeste\u015bmy oficjalnym dystrybutorem firmy CORAL CLUB, j<\/strong><strong>e\u015bli chcesz zakupi\u0107 produkt ze zni\u017ck\u0105,\u00a0<\/strong><strong>zadzwo\u0144 lub napisz: <a href=\"tel: +48532732688\">532 732 688<\/a>.<\/strong><\/p><p><strong>Produkt zamawiamy za pobraniem na wskazany przez Ciebie adres, w tym przypadku nale\u017cy doda\u0107 do podanej kwoty 18 z\u0142 za pobranie.<\/strong><\/p><p><strong>Je\u015bli chcesz zamawia\u0107 samodzielnie ze zni\u017ck\u0105, do\u0142\u0105cz do nas rejestruj\u0105c si\u0119 pod linkiem\u00a0<a href=\"https:\/\/coral.club\/4580021.html\" target=\"_blank\" rel=\"noopener\">https:\/\/coral.club\/4580021.html<\/a><\/strong><\/p><p><strong>Po do\u0142\u0105czeniu do naszej struktury, skontaktuj si\u0119 z nami pod wskazany wy\u017cej numer telefonu.<\/strong><\/p><p><strong>Wszystkie nasze zestawy, to zestawy PREMIUM, najwy\u017cszej jako\u015bci!<\/strong><\/p><p>Jeden z najlepszych zestaw\u00f3w przeciwpaso\u017cytniczych, przeciwzapalnych, oczyszczaj\u0105cych w\u0105trob\u0119, jelita i ca\u0142y organizm. 90 % chor\u00f3b organizmu s\u0105 wywo\u0142ane przez paso\u017cyty, grzyby, bakterie i wirusy, skutecznie usuwaj\u0105c je z organizmu, pomagasz sobie wyzdrowie\u0107.<\/p>\t\t\t\t\t\t\t\t<\/div>\n\t\t\t\t<\/div>\n\t\t\t\t<div class=\"elementor-element elementor-element-6d99bb0 elementor-icon-list--layout-traditional elementor-list-item-link-full_width elementor-widget elementor-widget-icon-list\" data-id=\"6d99bb0\" data-element_type=\"widget\" data-widget_type=\"icon-list.default\">\n\t\t\t\t<div class=\"elementor-widget-container\">\n\t\t\t\t\t\t\t<ul class=\"elementor-icon-list-items\">\n\t\t\t\t\t\t\t<li class=\"elementor-icon-list-item\">\n\t\t\t\t\t\t\t\t\t\t\t<span class=\"elementor-icon-list-icon\">\n\t\t\t\t\t\t\t<svg aria-hidden=\"true\" class=\"e-font-icon-svg e-fas-long-arrow-alt-right\" viewBox=\"0 0 448 512\" xmlns=\"http:\/\/www.w3.org\/2000\/svg\"><path d=\"M313.941 216H12c-6.627 0-12 5.373-12 12v56c0 6.627 5.373 12 12 12h301.941v46.059c0 21.382 25.851 32.09 40.971 16.971l86.059-86.059c9.373-9.373 9.373-24.569 0-33.941l-86.059-86.059c-15.119-15.119-40.971-4.411-40.971 16.971V216z\"><\/path><\/svg>\t\t\t\t\t\t<\/span>\n\t\t\t\t\t\t\t\t\t\t<span class=\"elementor-icon-list-text\">Zestaw<\/span>\n\t\t\t\t\t\t\t\t\t<\/li>\n\t\t\t\t\t\t<\/ul>\n\t\t\t\t\t\t<\/div>\n\t\t\t\t<\/div>\n\t\t\t\t<div class=\"elementor-element elementor-element-125622a elementor-widget elementor-widget-heading\" data-id=\"125622a\" data-element_type=\"widget\" data-widget_type=\"heading.default\">\n\t\t\t\t<div class=\"elementor-widget-container\">\n\t\t\t\t\t<h2 class=\"elementor-heading-title elementor-size-default\"><a href=\"https:\/\/pl.coral.club\/shop\/parafight.html\" target=\"_blank\" rel=\"noopener\">ParaFight<\/a><\/h2>\t\t\t\t<\/div>\n\t\t\t\t<\/div>\n\t\t\t\t<div class=\"elementor-element elementor-element-568d52c elementor-widget elementor-widget-text-editor\" data-id=\"568d52c\" data-element_type=\"widget\" data-widget_type=\"text-editor.default\">\n\t\t\t\t<div class=\"elementor-widget-container\">\n\t\t\t\t\t\t\t\t\t<p>Li\u015bcie czarnego orzecha s\u0105 g\u0142\u00f3wnym sk\u0142adnikiem suplementu diety ParaFight. Produkt zawiera r\u00f3wnie\u017c wyci\u0105gi z sza\u0142wii czerwonej, lebiodki pospolitej, tymianku i mi\u0119ty pieprzowej. Po\u0142\u0105czone dzia\u0142anie naturalnych komponent\u00f3w wspomaga oczyszczanie organizmu.<\/p>\t\t\t\t\t\t\t\t<\/div>\n\t\t\t\t<\/div>\n\t\t\t\t<div class=\"elementor-element elementor-element-eab9795 elementor-widget elementor-widget-heading\" data-id=\"eab9795\" data-element_type=\"widget\" data-widget_type=\"heading.default\">\n\t\t\t\t<div class=\"elementor-widget-container\">\n\t\t\t\t\t<h2 class=\"elementor-heading-title elementor-size-default\"><a href=\"https:\/\/pl.coral.club\/shop\/coral-burdock-root.html\" target=\"_blank\" rel=\"noopener\">Coral Burdock Root<\/a><\/h2>\t\t\t\t<\/div>\n\t\t\t\t<\/div>\n\t\t\t\t<div class=\"elementor-element elementor-element-864b6c7 elementor-widget elementor-widget-text-editor\" data-id=\"864b6c7\" data-element_type=\"widget\" data-widget_type=\"text-editor.default\">\n\t\t\t\t<div class=\"elementor-widget-container\">\n\t\t\t\t\t\t\t\t\t<p>Zawarty w suplemencie diety korze\u0144 \u0142opianu wspomaga detoksykacj\u0119 organizmu, pomaga utrzyma\u0107 prawid\u0142owy poziom cholesterolu we krwi, optymalizuje proces trawienia i czynno\u015bci w\u0105troby.<\/p>\t\t\t\t\t\t\t\t<\/div>\n\t\t\t\t<\/div>\n\t\t\t\t<div class=\"elementor-element elementor-element-444a605 elementor-widget elementor-widget-heading\" data-id=\"444a605\" data-element_type=\"widget\" data-widget_type=\"heading.default\">\n\t\t\t\t<div class=\"elementor-widget-container\">\n\t\t\t\t\t<h2 class=\"elementor-heading-title elementor-size-default\"><a href=\"https:\/\/pl.coral.club\/shop\/msm.html\" target=\"_blank\" rel=\"noopener\">MSM <\/a><\/h2>\t\t\t\t<\/div>\n\t\t\t\t<\/div>\n\t\t\t\t<div class=\"elementor-element elementor-element-aafa76d elementor-widget elementor-widget-text-editor\" data-id=\"aafa76d\" data-element_type=\"widget\" data-widget_type=\"text-editor.default\">\n\t\t\t\t<div class=\"elementor-widget-container\">\n\t\t\t\t\t\t\t\t\t<p>Suplement diety stanowi \u017ar\u00f3d\u0142o \u0142atwo przyswajalnej siarki. Siarka jest sk\u0142adnikiem bia\u0142ek, w tym uk\u0142adu odporno\u015bciowego, enzym\u00f3w, hormon\u00f3w. Siarka wchodzi te\u017c w sk\u0142ad keratyny \u2013 podstawowego bia\u0142ka nask\u00f3rka, w\u0142os\u00f3w i paznokci, jak r\u00f3wnie\u017c uczestniczy w syntezie podstawowych bia\u0142ek tkanki \u0142\u0105cznej \u2013 kolagenu i elastyny.\u00a0<\/p>\t\t\t\t\t\t\t\t<\/div>\n\t\t\t\t<\/div>\n\t\t\t\t<div class=\"elementor-element elementor-element-d235451 elementor-widget elementor-widget-heading\" data-id=\"d235451\" data-element_type=\"widget\" data-widget_type=\"heading.default\">\n\t\t\t\t<div class=\"elementor-widget-container\">\n\t\t\t\t\t<h2 class=\"elementor-heading-title elementor-size-default\"><a href=\"https:\/\/pl.coral.club\/shop\/super-flora.html\" target=\"_blank\" rel=\"noopener\">SUPER-FLORA <\/a><\/h2>\t\t\t\t<\/div>\n\t\t\t\t<\/div>\n\t\t\t\t<div class=\"elementor-element elementor-element-fe7c03a elementor-widget elementor-widget-text-editor\" data-id=\"fe7c03a\" data-element_type=\"widget\" data-widget_type=\"text-editor.default\">\n\t\t\t\t<div class=\"elementor-widget-container\">\n\t\t\t\t\t\t\t\t\t<p>Wyj\u0105tkowo efektywny synbiotyk, b\u0119d\u0105cy zr\u00f3wnowa\u017conym po\u0142\u0105czeniem probiotyk\u00f3w oraz inuliny, kt\u00f3re skutecznie troszcz\u0105 si\u0119 o mikroflor\u0119 jelitow\u0105. W produkcie zwi\u0119kszono zawarto\u015b\u0107 korzystnych bakterii, co pot\u0119guje jego efektywno\u015b\u0107.\u00a0<\/p>\t\t\t\t\t\t\t\t<\/div>\n\t\t\t\t<\/div>\n\t\t\t\t<div class=\"elementor-element elementor-element-dd605a3 elementor-widget elementor-widget-heading\" data-id=\"dd605a3\" data-element_type=\"widget\" data-widget_type=\"heading.default\">\n\t\t\t\t<div class=\"elementor-widget-container\">\n\t\t\t\t\t<h2 class=\"elementor-heading-title elementor-size-default\"><a href=\"https:\/\/pl.coral.club\/shop\/coral-mine.html?offer=2221\" target=\"_blank\" rel=\"noopener\">CORAL-MINE <\/a><\/h2>\t\t\t\t<\/div>\n\t\t\t\t<\/div>\n\t\t\t\t<div class=\"elementor-element elementor-element-b0de17a elementor-widget elementor-widget-text-editor\" data-id=\"b0de17a\" data-element_type=\"widget\" data-widget_type=\"text-editor.default\">\n\t\t\t\t<div class=\"elementor-widget-container\">\n\t\t\t\t\t\t\t\t\t<p>Produkowany jest w Japonii z g\u0142\u0119binowych koralowc\u00f3w \u017cyj\u0105cych w Morzu Japo\u0144skim w pobli\u017cu wysp Okinawa i Tokunoshima. Szkielet koralowca zawiera kompleks soli mineralnych o dobroczynnym wp\u0142ywie na nasz organizm.<\/p>\t\t\t\t\t\t\t\t<\/div>\n\t\t\t\t<\/div>\n\t\t<div class=\"elementor-element elementor-element-7bc85d9 e-con-full e-flex e-con e-child\" data-id=\"7bc85d9\" data-element_type=\"container\">\n\t\t\t\t<div class=\"elementor-element elementor-element-b9da4c2 elementor-align-right elementor-widget elementor-widget-button\" data-id=\"b9da4c2\" data-element_type=\"widget\" data-widget_type=\"button.default\">\n\t\t\t\t<div class=\"elementor-widget-container\">\n\t\t\t\t\t\t\t\t\t<div class=\"elementor-button-wrapper\">\n\t\t\t\t\t<a class=\"elementor-button elementor-button-link elementor-size-sm\" href=\"https:\/\/zdrowiejoga.pl\/index.php\/kontakt\/\" target=\"_blank\">\n\t\t\t\t\t\t<span class=\"elementor-button-content-wrapper\">\n\t\t\t\t\t\t\t\t\t<span class=\"elementor-button-text\">Zam\u00f3w<\/span>\n\t\t\t\t\t<\/span>\n\t\t\t\t\t<\/a>\n\t\t\t\t<\/div>\n\t\t\t\t\t\t\t\t<\/div>\n\t\t\t\t<\/div>\n\t\t\t\t<div class=\"elementor-element elementor-element-ebc1105 elementor-button-info elementor-align-right elementor-widget elementor-widget-button\" data-id=\"ebc1105\" data-element_type=\"widget\" data-widget_type=\"button.default\">\n\t\t\t\t<div class=\"elementor-widget-container\">\n\t\t\t\t\t\t\t\t\t<div class=\"elementor-button-wrapper\">\n\t\t\t\t\t<a class=\"elementor-button elementor-button-link elementor-size-sm\" href=\"https:\/\/zdrowiejoga.pl\/index.php\/produkty\/\">\n\t\t\t\t\t\t<span class=\"elementor-button-content-wrapper\">\n\t\t\t\t\t\t\t\t\t<span class=\"elementor-button-text\">Wszystkie produkty<\/span>\n\t\t\t\t\t<\/span>\n\t\t\t\t\t<\/a>\n\t\t\t\t<\/div>\n\t\t\t\t\t\t\t\t<\/div>\n\t\t\t\t<\/div>\n\t\t\t\t<\/div>\n\t\t\t\t<\/div>\n\t\t\t\t\t<\/div>\n\t\t\t\t<\/div>\n\t\t\t\t<\/div>\n\t\t","protected":false},"excerpt":{"rendered":"<p>Parashield \u2013 zestaw przeciwpaso\u017cytniczy 451.50 z\u0142 361.20 z\u0142 Jeden z najlepszych zestaw\u00f3w przeciwpaso\u017cytniczych, przeciwzapalnych, oczyszczaj\u0105cych w\u0105trob\u0119, jelita i ca\u0142y organizm. 90 % chor\u00f3b organizmu s\u0105 wywo\u0142ane przez paso\u017cyty, grzyby, bakterie i wirusy, skutecznie usuwaj\u0105c je z organizmu, pomagasz sobie wyzdrowie\u0107. Jak zam\u00f3wi\u0107 ze zni\u017ck\u0105? UWAGA!\u00a0Jeste\u015bmy oficjalnym dystrybutorem firmy CORAL CLUB, je\u015bli chcesz zakupi\u0107 produkt ze [&hellip;]<\/p>\n","protected":false},"author":1,"featured_media":0,"parent":0,"menu_order":0,"comment_status":"closed","ping_status":"closed","template":"elementor_header_footer","meta":{"ocean_post_layout":"","ocean_both_sidebars_style":"","ocean_both_sidebars_content_width":0,"ocean_both_sidebars_sidebars_width":0,"ocean_sidebar":"","ocean_second_sidebar":"","ocean_disable_margins":"enable","ocean_add_body_class":"","ocean_shortcode_before_top_bar":"","ocean_shortcode_after_top_bar":"","ocean_shortcode_before_header":"","ocean_shortcode_after_header":"","ocean_has_shortcode":"","ocean_shortcode_after_title":"","ocean_shortcode_before_footer_widgets":"","ocean_shortcode_after_footer_widgets":"","ocean_shortcode_before_footer_bottom":"","ocean_shortcode_after_footer_bottom":"","ocean_display_top_bar":"default","ocean_display_header":"default","ocean_header_style":"","ocean_center_header_left_menu":"","ocean_custom_header_template":"","ocean_custom_logo":0,"ocean_custom_retina_logo":0,"ocean_custom_logo_max_width":0,"ocean_custom_logo_tablet_max_width":0,"ocean_custom_logo_mobile_max_width":0,"ocean_custom_logo_max_height":0,"ocean_custom_logo_tablet_max_height":0,"ocean_custom_logo_mobile_max_height":0,"ocean_header_custom_menu":"","ocean_menu_typo_font_family":"","ocean_menu_typo_font_subset":"","ocean_menu_typo_font_size":0,"ocean_menu_typo_font_size_tablet":0,"ocean_menu_typo_font_size_mobile":0,"ocean_menu_typo_font_size_unit":"px","ocean_menu_typo_font_weight":"","ocean_menu_typo_font_weight_tablet":"","ocean_menu_typo_font_weight_mobile":"","ocean_menu_typo_transform":"","ocean_menu_typo_transform_tablet":"","ocean_menu_typo_transform_mobile":"","ocean_menu_typo_line_height":0,"ocean_menu_typo_line_height_tablet":0,"ocean_menu_typo_line_height_mobile":0,"ocean_menu_typo_line_height_unit":"","ocean_menu_typo_spacing":0,"ocean_menu_typo_spacing_tablet":0,"ocean_menu_typo_spacing_mobile":0,"ocean_menu_typo_spacing_unit":"","ocean_menu_link_color":"","ocean_menu_link_color_hover":"","ocean_menu_link_color_active":"","ocean_menu_link_background":"","ocean_menu_link_hover_background":"","ocean_menu_link_active_background":"","ocean_menu_social_links_bg":"","ocean_menu_social_hover_links_bg":"","ocean_menu_social_links_color":"","ocean_menu_social_hover_links_color":"","ocean_disable_title":"default","ocean_disable_heading":"default","ocean_post_title":"","ocean_post_subheading":"","ocean_post_title_style":"","ocean_post_title_background_color":"","ocean_post_title_background":0,"ocean_post_title_bg_image_position":"","ocean_post_title_bg_image_attachment":"","ocean_post_title_bg_image_repeat":"","ocean_post_title_bg_image_size":"","ocean_post_title_height":0,"ocean_post_title_bg_overlay":0.5,"ocean_post_title_bg_overlay_color":"","ocean_disable_breadcrumbs":"default","ocean_breadcrumbs_color":"","ocean_breadcrumbs_separator_color":"","ocean_breadcrumbs_links_color":"","ocean_breadcrumbs_links_hover_color":"","ocean_display_footer_widgets":"default","ocean_display_footer_bottom":"default","ocean_custom_footer_template":"","footnotes":""},"class_list":["post-776","page","type-page","status-publish","hentry","entry"],"_links":{"self":[{"href":"https:\/\/zdrowiejoga.pl\/index.php\/wp-json\/wp\/v2\/pages\/776","targetHints":{"allow":["GET"]}}],"collection":[{"href":"https:\/\/zdrowiejoga.pl\/index.php\/wp-json\/wp\/v2\/pages"}],"about":[{"href":"https:\/\/zdrowiejoga.pl\/index.php\/wp-json\/wp\/v2\/types\/page"}],"author":[{"embeddable":true,"href":"https:\/\/zdrowiejoga.pl\/index.php\/wp-json\/wp\/v2\/users\/1"}],"replies":[{"embeddable":true,"href":"https:\/\/zdrowiejoga.pl\/index.php\/wp-json\/wp\/v2\/comments?post=776"}],"version-history":[{"count":31,"href":"https:\/\/zdrowiejoga.pl\/index.php\/wp-json\/wp\/v2\/pages\/776\/revisions"}],"predecessor-version":[{"id":3186,"href":"https:\/\/zdrowiejoga.pl\/index.php\/wp-json\/wp\/v2\/pages\/776\/revisions\/3186"}],"wp:attachment":[{"href":"https:\/\/zdrowiejoga.pl\/index.php\/wp-json\/wp\/v2\/media?parent=776"}],"curies":[{"name":"wp","href":"https:\/\/api.w.org\/{rel}","templated":true}]}}