{"id":716,"date":"2025-06-12T19:34:34","date_gmt":"2025-06-12T19:34:34","guid":{"rendered":"http:\/\/zdrowiejoga.pl\/?page_id=716"},"modified":"2025-07-13T14:53:06","modified_gmt":"2025-07-13T14:53:06","slug":"produkty","status":"publish","type":"page","link":"https:\/\/zdrowiejoga.pl\/index.php\/produkty\/","title":{"rendered":"Produkty"},"content":{"rendered":"\t\t<div data-elementor-type=\"wp-page\" data-elementor-id=\"716\" class=\"elementor elementor-716\">\n\t\t\t\t<div class=\"elementor-element elementor-element-4bf9aa8 e-con-full e-flex e-con e-parent\" data-id=\"4bf9aa8\" data-element_type=\"container\" data-settings=\"{&quot;background_background&quot;:&quot;classic&quot;}\">\n\t\t\t\t<div class=\"elementor-element elementor-element-4aa2bad elementor-widget elementor-widget-heading\" data-id=\"4aa2bad\" data-element_type=\"widget\" data-widget_type=\"heading.default\">\n\t\t\t\t<div class=\"elementor-widget-container\">\n\t\t\t\t\t<h2 class=\"elementor-heading-title elementor-size-default\">Nasze Produkty<\/h2>\t\t\t\t<\/div>\n\t\t\t\t<\/div>\n\t\t<div class=\"elementor-element elementor-element-f09e3fe e-grid e-con-boxed e-con e-child\" data-id=\"f09e3fe\" data-element_type=\"container\">\n\t\t\t\t\t<div class=\"e-con-inner\">\n\t\t<div class=\"elementor-element elementor-element-d4875a9 e-con-full e-flex e-con e-child\" data-id=\"d4875a9\" data-element_type=\"container\">\n\t\t\t\t<div class=\"elementor-element elementor-element-18efdc6 elementor-widget__width-inherit elementor-widget elementor-widget-image\" data-id=\"18efdc6\" data-element_type=\"widget\" data-widget_type=\"image.default\">\n\t\t\t\t<div class=\"elementor-widget-container\">\n\t\t\t\t\t\t\t\t\t\t\t\t\t\t\t\t<a href=\"https:\/\/zdrowiejoga.pl\/index.php\/hydramax-totalne-nawodnienie\/\">\n\t\t\t\t\t\t\t<img fetchpriority=\"high\" decoding=\"async\" width=\"300\" height=\"300\" src=\"https:\/\/zdrowiejoga.pl\/wp-content\/uploads\/2025\/06\/hydramax-300x300-1.png\" class=\"attachment-medium size-medium wp-image-134\" alt=\"\" srcset=\"https:\/\/zdrowiejoga.pl\/wp-content\/uploads\/2025\/06\/hydramax-300x300-1.png 300w, https:\/\/zdrowiejoga.pl\/wp-content\/uploads\/2025\/06\/hydramax-300x300-1-150x150.png 150w\" sizes=\"(max-width: 300px) 100vw, 300px\" \/>\t\t\t\t\t\t\t\t<\/a>\n\t\t\t\t\t\t\t\t\t\t\t\t\t\t\t<\/div>\n\t\t\t\t<\/div>\n\t\t\t\t<div class=\"elementor-element elementor-element-6427bf5 elementor-widget elementor-widget-heading\" data-id=\"6427bf5\" data-element_type=\"widget\" data-widget_type=\"heading.default\">\n\t\t\t\t<div class=\"elementor-widget-container\">\n\t\t\t\t\t<h2 class=\"elementor-heading-title elementor-size-default\"><a href=\"https:\/\/zdrowiejoga.pl\/index.php\/hydramax-totalne-nawodnienie\/\">Hydramax - totalne nawodnienie<\/a><\/h2>\t\t\t\t<\/div>\n\t\t\t\t<\/div>\n\t\t<div class=\"elementor-element elementor-element-7f84200 e-con-full e-flex e-con e-child\" data-id=\"7f84200\" data-element_type=\"container\">\n\t\t\t\t<div class=\"elementor-element elementor-element-3e3cd24 elementor-widget__width-auto elementor-widget elementor-widget-heading\" data-id=\"3e3cd24\" data-element_type=\"widget\" data-widget_type=\"heading.default\">\n\t\t\t\t<div class=\"elementor-widget-container\">\n\t\t\t\t\t<h2 class=\"elementor-heading-title elementor-size-default\">440.75 z\u0142<\/h2>\t\t\t\t<\/div>\n\t\t\t\t<\/div>\n\t\t\t\t<div class=\"elementor-element elementor-element-2e5bd2d elementor-widget elementor-widget-heading\" data-id=\"2e5bd2d\" data-element_type=\"widget\" data-widget_type=\"heading.default\">\n\t\t\t\t<div class=\"elementor-widget-container\">\n\t\t\t\t\t<h2 class=\"elementor-heading-title elementor-size-default\">352.60 z\u0142<\/h2>\t\t\t\t<\/div>\n\t\t\t\t<\/div>\n\t\t\t\t<\/div>\n\t\t\t\t<div class=\"elementor-element elementor-element-bfe1595 elementor-button-info elementor-align-left elementor-widget elementor-widget-button\" data-id=\"bfe1595\" data-element_type=\"widget\" data-widget_type=\"button.default\">\n\t\t\t\t<div class=\"elementor-widget-container\">\n\t\t\t\t\t\t\t\t\t<div class=\"elementor-button-wrapper\">\n\t\t\t\t\t<a class=\"elementor-button elementor-button-link elementor-size-sm\" href=\"https:\/\/zdrowiejoga.pl\/index.php\/hydramax-totalne-nawodnienie\/\">\n\t\t\t\t\t\t<span class=\"elementor-button-content-wrapper\">\n\t\t\t\t\t\t\t\t\t<span class=\"elementor-button-text\">Zam\u00f3w<\/span>\n\t\t\t\t\t<\/span>\n\t\t\t\t\t<\/a>\n\t\t\t\t<\/div>\n\t\t\t\t\t\t\t\t<\/div>\n\t\t\t\t<\/div>\n\t\t\t\t<div class=\"elementor-element elementor-element-7e75626 elementor-absolute elementor-widget elementor-widget-image\" data-id=\"7e75626\" data-element_type=\"widget\" data-settings=\"{&quot;_position&quot;:&quot;absolute&quot;}\" data-widget_type=\"image.default\">\n\t\t\t\t<div class=\"elementor-widget-container\">\n\t\t\t\t\t\t\t\t\t\t\t\t\t\t\t<img decoding=\"async\" src=\"https:\/\/zdrowiejoga.pl\/wp-content\/uploads\/elementor\/thumbs\/Group-4-\u043a\u043e\u043f\u0456\u044f-r77ra4q79hq6me7zbvxneicfoez73sx523ovevc94s.png\" title=\"Group 4 \u043a\u043e\u043f\u0456\u044f\" alt=\"Group 4 \u043a\u043e\u043f\u0456\u044f\" loading=\"lazy\" \/>\t\t\t\t\t\t\t\t\t\t\t\t\t\t\t<\/div>\n\t\t\t\t<\/div>\n\t\t\t\t<\/div>\n\t\t<div class=\"elementor-element elementor-element-223841b e-con-full e-flex e-con e-child\" data-id=\"223841b\" data-element_type=\"container\">\n\t\t\t\t<div class=\"elementor-element elementor-element-9b5b062 elementor-widget__width-inherit elementor-widget elementor-widget-image\" data-id=\"9b5b062\" data-element_type=\"widget\" data-widget_type=\"image.default\">\n\t\t\t\t<div class=\"elementor-widget-container\">\n\t\t\t\t\t\t\t\t\t\t\t\t\t\t\t\t<a href=\"https:\/\/zdrowiejoga.pl\/index.php\/parashield-zestaw-przeciwpasozytniczy\/\">\n\t\t\t\t\t\t\t<img decoding=\"async\" width=\"300\" height=\"300\" src=\"https:\/\/zdrowiejoga.pl\/wp-content\/uploads\/2025\/06\/parashield-300x300-1.png\" class=\"attachment-medium size-medium wp-image-130\" alt=\"\" srcset=\"https:\/\/zdrowiejoga.pl\/wp-content\/uploads\/2025\/06\/parashield-300x300-1.png 300w, https:\/\/zdrowiejoga.pl\/wp-content\/uploads\/2025\/06\/parashield-300x300-1-150x150.png 150w\" sizes=\"(max-width: 300px) 100vw, 300px\" \/>\t\t\t\t\t\t\t\t<\/a>\n\t\t\t\t\t\t\t\t\t\t\t\t\t\t\t<\/div>\n\t\t\t\t<\/div>\n\t\t\t\t<div class=\"elementor-element elementor-element-27a98a7 elementor-absolute elementor-widget elementor-widget-image\" data-id=\"27a98a7\" data-element_type=\"widget\" data-settings=\"{&quot;_position&quot;:&quot;absolute&quot;}\" data-widget_type=\"image.default\">\n\t\t\t\t<div class=\"elementor-widget-container\">\n\t\t\t\t\t\t\t\t\t\t\t\t\t\t\t<img decoding=\"async\" src=\"https:\/\/zdrowiejoga.pl\/wp-content\/uploads\/elementor\/thumbs\/Group-4-\u043a\u043e\u043f\u0456\u044f-r77ra4q79hq6me7zbvxneicfoez73sx523ovevc94s.png\" title=\"Group 4 \u043a\u043e\u043f\u0456\u044f\" alt=\"Group 4 \u043a\u043e\u043f\u0456\u044f\" loading=\"lazy\" \/>\t\t\t\t\t\t\t\t\t\t\t\t\t\t\t<\/div>\n\t\t\t\t<\/div>\n\t\t\t\t<div class=\"elementor-element elementor-element-51df4dd elementor-widget elementor-widget-heading\" data-id=\"51df4dd\" data-element_type=\"widget\" data-widget_type=\"heading.default\">\n\t\t\t\t<div class=\"elementor-widget-container\">\n\t\t\t\t\t<h2 class=\"elementor-heading-title elementor-size-default\"><a href=\"https:\/\/zdrowiejoga.pl\/index.php\/parashield-zestaw-przeciwpasozytniczy\/\">Parashield - zestaw przeciwpaso\u017cytniczy<\/a><\/h2>\t\t\t\t<\/div>\n\t\t\t\t<\/div>\n\t\t<div class=\"elementor-element elementor-element-8255129 e-con-full e-flex e-con e-child\" data-id=\"8255129\" data-element_type=\"container\">\n\t\t\t\t<div class=\"elementor-element elementor-element-7564574 elementor-widget__width-auto elementor-widget elementor-widget-heading\" data-id=\"7564574\" data-element_type=\"widget\" data-widget_type=\"heading.default\">\n\t\t\t\t<div class=\"elementor-widget-container\">\n\t\t\t\t\t<h2 class=\"elementor-heading-title elementor-size-default\">451.50 z\u0142<\/h2>\t\t\t\t<\/div>\n\t\t\t\t<\/div>\n\t\t\t\t<div class=\"elementor-element elementor-element-74413f0 elementor-widget elementor-widget-heading\" data-id=\"74413f0\" data-element_type=\"widget\" data-widget_type=\"heading.default\">\n\t\t\t\t<div class=\"elementor-widget-container\">\n\t\t\t\t\t<h2 class=\"elementor-heading-title elementor-size-default\">361.20 z\u0142<\/h2>\t\t\t\t<\/div>\n\t\t\t\t<\/div>\n\t\t\t\t<\/div>\n\t\t\t\t<div class=\"elementor-element elementor-element-5bf2deb elementor-button-info elementor-align-left elementor-widget elementor-widget-button\" data-id=\"5bf2deb\" data-element_type=\"widget\" data-widget_type=\"button.default\">\n\t\t\t\t<div class=\"elementor-widget-container\">\n\t\t\t\t\t\t\t\t\t<div class=\"elementor-button-wrapper\">\n\t\t\t\t\t<a class=\"elementor-button elementor-button-link elementor-size-sm\" href=\"https:\/\/zdrowiejoga.pl\/index.php\/parashield-zestaw-przeciwpasozytniczy\/\">\n\t\t\t\t\t\t<span class=\"elementor-button-content-wrapper\">\n\t\t\t\t\t\t\t\t\t<span class=\"elementor-button-text\">Zam\u00f3w<\/span>\n\t\t\t\t\t<\/span>\n\t\t\t\t\t<\/a>\n\t\t\t\t<\/div>\n\t\t\t\t\t\t\t\t<\/div>\n\t\t\t\t<\/div>\n\t\t\t\t<\/div>\n\t\t<div class=\"elementor-element elementor-element-65bc57b e-con-full e-flex e-con e-child\" data-id=\"65bc57b\" data-element_type=\"container\">\n\t\t\t\t<div class=\"elementor-element elementor-element-4a32bdb elementor-widget__width-inherit elementor-widget elementor-widget-image\" data-id=\"4a32bdb\" data-element_type=\"widget\" data-widget_type=\"image.default\">\n\t\t\t\t<div class=\"elementor-widget-container\">\n\t\t\t\t\t\t\t\t\t\t\t\t\t\t\t\t<a href=\"https:\/\/zdrowiejoga.pl\/index.php\/colo-vada-green-coral-mine-2\/\">\n\t\t\t\t\t\t\t<img decoding=\"async\" width=\"300\" height=\"300\" src=\"https:\/\/zdrowiejoga.pl\/wp-content\/uploads\/2025\/06\/Colo-Vada-Green.-300x300-1.png\" class=\"attachment-medium size-medium wp-image-21\" alt=\"\" srcset=\"https:\/\/zdrowiejoga.pl\/wp-content\/uploads\/2025\/06\/Colo-Vada-Green.-300x300-1.png 300w, https:\/\/zdrowiejoga.pl\/wp-content\/uploads\/2025\/06\/Colo-Vada-Green.-300x300-1-150x150.png 150w\" sizes=\"(max-width: 300px) 100vw, 300px\" \/>\t\t\t\t\t\t\t\t<\/a>\n\t\t\t\t\t\t\t\t\t\t\t\t\t\t\t<\/div>\n\t\t\t\t<\/div>\n\t\t\t\t<div class=\"elementor-element elementor-element-933fda9 elementor-absolute elementor-widget elementor-widget-image\" data-id=\"933fda9\" data-element_type=\"widget\" data-settings=\"{&quot;_position&quot;:&quot;absolute&quot;}\" data-widget_type=\"image.default\">\n\t\t\t\t<div class=\"elementor-widget-container\">\n\t\t\t\t\t\t\t\t\t\t\t\t\t\t\t<img decoding=\"async\" src=\"https:\/\/zdrowiejoga.pl\/wp-content\/uploads\/elementor\/thumbs\/Group-4-\u043a\u043e\u043f\u0456\u044f-r77ra4q79hq6me7zbvxneicfoez73sx523ovevc94s.png\" title=\"Group 4 \u043a\u043e\u043f\u0456\u044f\" alt=\"Group 4 \u043a\u043e\u043f\u0456\u044f\" loading=\"lazy\" \/>\t\t\t\t\t\t\t\t\t\t\t\t\t\t\t<\/div>\n\t\t\t\t<\/div>\n\t\t\t\t<div class=\"elementor-element elementor-element-e1084f9 elementor-widget elementor-widget-heading\" data-id=\"e1084f9\" data-element_type=\"widget\" data-widget_type=\"heading.default\">\n\t\t\t\t<div class=\"elementor-widget-container\">\n\t\t\t\t\t<h2 class=\"elementor-heading-title elementor-size-default\"><a href=\"https:\/\/zdrowiejoga.pl\/index.php\/colo-vada-green-coral-mine-2\/\">Colo-Vada + Coral-Mine<\/a><\/h2>\t\t\t\t<\/div>\n\t\t\t\t<\/div>\n\t\t<div class=\"elementor-element elementor-element-c7c062d e-con-full e-flex e-con e-child\" data-id=\"c7c062d\" data-element_type=\"container\">\n\t\t\t\t<div class=\"elementor-element elementor-element-aa28c11 elementor-widget__width-auto elementor-widget elementor-widget-heading\" data-id=\"aa28c11\" data-element_type=\"widget\" data-widget_type=\"heading.default\">\n\t\t\t\t<div class=\"elementor-widget-container\">\n\t\t\t\t\t<h2 class=\"elementor-heading-title elementor-size-default\">577.30 z\u0142<\/h2>\t\t\t\t<\/div>\n\t\t\t\t<\/div>\n\t\t\t\t<div class=\"elementor-element elementor-element-0618b0d elementor-widget elementor-widget-heading\" data-id=\"0618b0d\" data-element_type=\"widget\" data-widget_type=\"heading.default\">\n\t\t\t\t<div class=\"elementor-widget-container\">\n\t\t\t\t\t<h2 class=\"elementor-heading-title elementor-size-default\">477.30 z\u0142<\/h2>\t\t\t\t<\/div>\n\t\t\t\t<\/div>\n\t\t\t\t<\/div>\n\t\t\t\t<div class=\"elementor-element elementor-element-dcfb1ee elementor-button-info elementor-align-left elementor-widget elementor-widget-button\" data-id=\"dcfb1ee\" data-element_type=\"widget\" data-widget_type=\"button.default\">\n\t\t\t\t<div class=\"elementor-widget-container\">\n\t\t\t\t\t\t\t\t\t<div class=\"elementor-button-wrapper\">\n\t\t\t\t\t<a class=\"elementor-button elementor-button-link elementor-size-sm\" href=\"https:\/\/zdrowiejoga.pl\/index.php\/colo-vada-green-coral-mine-2\/\">\n\t\t\t\t\t\t<span class=\"elementor-button-content-wrapper\">\n\t\t\t\t\t\t\t\t\t<span class=\"elementor-button-text\">Zam\u00f3w<\/span>\n\t\t\t\t\t<\/span>\n\t\t\t\t\t<\/a>\n\t\t\t\t<\/div>\n\t\t\t\t\t\t\t\t<\/div>\n\t\t\t\t<\/div>\n\t\t\t\t<\/div>\n\t\t<div class=\"elementor-element elementor-element-5878cd9 e-con-full e-flex e-con e-child\" data-id=\"5878cd9\" data-element_type=\"container\">\n\t\t\t\t<div class=\"elementor-element elementor-element-56797e5 elementor-widget__width-inherit elementor-widget elementor-widget-image\" data-id=\"56797e5\" data-element_type=\"widget\" data-widget_type=\"image.default\">\n\t\t\t\t<div class=\"elementor-widget-container\">\n\t\t\t\t\t\t\t\t\t\t\t\t\t\t\t\t<a href=\"https:\/\/zdrowiejoga.pl\/index.php\/najlepszy-program-oczyszcajacy-caly-ogranizm-program-2-cola-vada-plus\/\">\n\t\t\t\t\t\t\t<img loading=\"lazy\" decoding=\"async\" width=\"300\" height=\"300\" src=\"https:\/\/zdrowiejoga.pl\/wp-content\/uploads\/2025\/06\/CV_Mix_Engl-300x300.png\" class=\"attachment-medium size-medium wp-image-724\" alt=\"\" srcset=\"https:\/\/zdrowiejoga.pl\/wp-content\/uploads\/2025\/06\/CV_Mix_Engl-300x300.png 300w, https:\/\/zdrowiejoga.pl\/wp-content\/uploads\/2025\/06\/CV_Mix_Engl-150x150.png 150w, https:\/\/zdrowiejoga.pl\/wp-content\/uploads\/2025\/06\/CV_Mix_Engl.png 600w\" sizes=\"(max-width: 300px) 100vw, 300px\" \/>\t\t\t\t\t\t\t\t<\/a>\n\t\t\t\t\t\t\t\t\t\t\t\t\t\t\t<\/div>\n\t\t\t\t<\/div>\n\t\t\t\t<div class=\"elementor-element elementor-element-2604dc5 elementor-widget elementor-widget-heading\" data-id=\"2604dc5\" data-element_type=\"widget\" data-widget_type=\"heading.default\">\n\t\t\t\t<div class=\"elementor-widget-container\">\n\t\t\t\t\t<h2 class=\"elementor-heading-title elementor-size-default\"><a href=\"https:\/\/zdrowiejoga.pl\/index.php\/najlepszy-program-oczyszcajacy-caly-ogranizm-program-2-cola-vada-plus\/\">Najlepszy program oczyszczaj\u0105cy ca\u0142y ogranizm Program Cola-Vada<\/a><\/h2>\t\t\t\t<\/div>\n\t\t\t\t<\/div>\n\t\t<div class=\"elementor-element elementor-element-1a70dad e-con-full e-flex e-con e-child\" data-id=\"1a70dad\" data-element_type=\"container\">\n\t\t\t\t<div class=\"elementor-element elementor-element-eea345a elementor-widget__width-auto elementor-widget elementor-widget-heading\" data-id=\"eea345a\" data-element_type=\"widget\" data-widget_type=\"heading.default\">\n\t\t\t\t<div class=\"elementor-widget-container\">\n\t\t\t\t\t<h2 class=\"elementor-heading-title elementor-size-default\">487.00 z\u0142<\/h2>\t\t\t\t<\/div>\n\t\t\t\t<\/div>\n\t\t\t\t<div class=\"elementor-element elementor-element-be09989 elementor-widget elementor-widget-heading\" data-id=\"be09989\" data-element_type=\"widget\" data-widget_type=\"heading.default\">\n\t\t\t\t<div class=\"elementor-widget-container\">\n\t\t\t\t\t<h2 class=\"elementor-heading-title elementor-size-default\">387.00 z\u0142<\/h2>\t\t\t\t<\/div>\n\t\t\t\t<\/div>\n\t\t\t\t<\/div>\n\t\t\t\t<div class=\"elementor-element elementor-element-756ab44 elementor-button-info elementor-align-left elementor-widget elementor-widget-button\" data-id=\"756ab44\" data-element_type=\"widget\" data-widget_type=\"button.default\">\n\t\t\t\t<div class=\"elementor-widget-container\">\n\t\t\t\t\t\t\t\t\t<div class=\"elementor-button-wrapper\">\n\t\t\t\t\t<a class=\"elementor-button elementor-button-link elementor-size-sm\" href=\"https:\/\/zdrowiejoga.pl\/index.php\/najlepszy-program-oczyszcajacy-caly-ogranizm-program-2-cola-vada-plus\/\">\n\t\t\t\t\t\t<span class=\"elementor-button-content-wrapper\">\n\t\t\t\t\t\t\t\t\t<span class=\"elementor-button-text\">Zam\u00f3w<\/span>\n\t\t\t\t\t<\/span>\n\t\t\t\t\t<\/a>\n\t\t\t\t<\/div>\n\t\t\t\t\t\t\t\t<\/div>\n\t\t\t\t<\/div>\n\t\t\t\t<div class=\"elementor-element elementor-element-dc5617e elementor-absolute elementor-widget elementor-widget-image\" data-id=\"dc5617e\" data-element_type=\"widget\" data-settings=\"{&quot;_position&quot;:&quot;absolute&quot;}\" data-widget_type=\"image.default\">\n\t\t\t\t<div class=\"elementor-widget-container\">\n\t\t\t\t\t\t\t\t\t\t\t\t\t\t\t<img decoding=\"async\" src=\"https:\/\/zdrowiejoga.pl\/wp-content\/uploads\/elementor\/thumbs\/Group-4-\u043a\u043e\u043f\u0456\u044f-r77ra4q79hq6me7zbvxneicfoez73sx523ovevc94s.png\" title=\"Group 4 \u043a\u043e\u043f\u0456\u044f\" alt=\"Group 4 \u043a\u043e\u043f\u0456\u044f\" loading=\"lazy\" \/>\t\t\t\t\t\t\t\t\t\t\t\t\t\t\t<\/div>\n\t\t\t\t<\/div>\n\t\t\t\t<\/div>\n\t\t<div class=\"elementor-element elementor-element-e61da07 e-con-full e-flex e-con e-child\" data-id=\"e61da07\" data-element_type=\"container\">\n\t\t\t\t<div class=\"elementor-element elementor-element-9c1a394 elementor-widget__width-inherit elementor-widget elementor-widget-image\" data-id=\"9c1a394\" data-element_type=\"widget\" data-widget_type=\"image.default\">\n\t\t\t\t<div class=\"elementor-widget-container\">\n\t\t\t\t\t\t\t\t\t\t\t\t\t\t\t\t<a href=\"https:\/\/zdrowiejoga.pl\/index.php\/b-luron-kompleks-dla-skory-kosci-paznokci-kregoslupa-stawow-itd\/\">\n\t\t\t\t\t\t\t<img loading=\"lazy\" decoding=\"async\" width=\"300\" height=\"300\" src=\"https:\/\/zdrowiejoga.pl\/wp-content\/uploads\/2025\/06\/bluron-300x300-1-1.png\" class=\"attachment-medium size-medium wp-image-723\" alt=\"\" srcset=\"https:\/\/zdrowiejoga.pl\/wp-content\/uploads\/2025\/06\/bluron-300x300-1-1.png 300w, https:\/\/zdrowiejoga.pl\/wp-content\/uploads\/2025\/06\/bluron-300x300-1-1-150x150.png 150w\" sizes=\"(max-width: 300px) 100vw, 300px\" \/>\t\t\t\t\t\t\t\t<\/a>\n\t\t\t\t\t\t\t\t\t\t\t\t\t\t\t<\/div>\n\t\t\t\t<\/div>\n\t\t\t\t<div class=\"elementor-element elementor-element-37965e9 elementor-widget elementor-widget-heading\" data-id=\"37965e9\" data-element_type=\"widget\" data-widget_type=\"heading.default\">\n\t\t\t\t<div class=\"elementor-widget-container\">\n\t\t\t\t\t<h2 class=\"elementor-heading-title elementor-size-default\"><a href=\"https:\/\/zdrowiejoga.pl\/index.php\/b-luron-kompleks-dla-skory-kosci-paznokci-kregoslupa-stawow-itd\/\">B-LURON kompleks dla sk\u00f3ry, ko\u015bci, paznokci, kr\u0119gos\u0142upa, staw\u00f3w, itd.<\/a><\/h2>\t\t\t\t<\/div>\n\t\t\t\t<\/div>\n\t\t<div class=\"elementor-element elementor-element-e23dde9 e-con-full e-flex e-con e-child\" data-id=\"e23dde9\" data-element_type=\"container\">\n\t\t\t\t<div class=\"elementor-element elementor-element-eb9e7e7 elementor-widget__width-auto elementor-widget elementor-widget-heading\" data-id=\"eb9e7e7\" data-element_type=\"widget\" data-widget_type=\"heading.default\">\n\t\t\t\t<div class=\"elementor-widget-container\">\n\t\t\t\t\t<h2 class=\"elementor-heading-title elementor-size-default\">998.50 z\u0142<\/h2>\t\t\t\t<\/div>\n\t\t\t\t<\/div>\n\t\t\t\t<div class=\"elementor-element elementor-element-605c52d elementor-widget elementor-widget-heading\" data-id=\"605c52d\" data-element_type=\"widget\" data-widget_type=\"heading.default\">\n\t\t\t\t<div class=\"elementor-widget-container\">\n\t\t\t\t\t<h2 class=\"elementor-heading-title elementor-size-default\">890.10 z\u0142<\/h2>\t\t\t\t<\/div>\n\t\t\t\t<\/div>\n\t\t\t\t<\/div>\n\t\t\t\t<div class=\"elementor-element elementor-element-fc0094e elementor-button-info elementor-align-left elementor-widget elementor-widget-button\" data-id=\"fc0094e\" data-element_type=\"widget\" data-widget_type=\"button.default\">\n\t\t\t\t<div class=\"elementor-widget-container\">\n\t\t\t\t\t\t\t\t\t<div class=\"elementor-button-wrapper\">\n\t\t\t\t\t<a class=\"elementor-button elementor-button-link elementor-size-sm\" href=\"https:\/\/zdrowiejoga.pl\/index.php\/b-luron-kompleks-dla-skory-kosci-paznokci-kregoslupa-stawow-itd\/\">\n\t\t\t\t\t\t<span class=\"elementor-button-content-wrapper\">\n\t\t\t\t\t\t\t\t\t<span class=\"elementor-button-text\">Zam\u00f3w<\/span>\n\t\t\t\t\t<\/span>\n\t\t\t\t\t<\/a>\n\t\t\t\t<\/div>\n\t\t\t\t\t\t\t\t<\/div>\n\t\t\t\t<\/div>\n\t\t\t\t<div class=\"elementor-element elementor-element-aad09a1 elementor-absolute elementor-widget elementor-widget-image\" data-id=\"aad09a1\" data-element_type=\"widget\" data-settings=\"{&quot;_position&quot;:&quot;absolute&quot;}\" data-widget_type=\"image.default\">\n\t\t\t\t<div class=\"elementor-widget-container\">\n\t\t\t\t\t\t\t\t\t\t\t\t\t\t\t<img decoding=\"async\" src=\"https:\/\/zdrowiejoga.pl\/wp-content\/uploads\/elementor\/thumbs\/Group-4-\u043a\u043e\u043f\u0456\u044f-r77ra4q79hq6me7zbvxneicfoez73sx523ovevc94s.png\" title=\"Group 4 \u043a\u043e\u043f\u0456\u044f\" alt=\"Group 4 \u043a\u043e\u043f\u0456\u044f\" loading=\"lazy\" \/>\t\t\t\t\t\t\t\t\t\t\t\t\t\t\t<\/div>\n\t\t\t\t<\/div>\n\t\t\t\t<\/div>\n\t\t\t\t\t<\/div>\n\t\t\t\t<\/div>\n\t\t\t\t<\/div>\n\t\t\t\t<\/div>\n\t\t","protected":false},"excerpt":{"rendered":"<p>Nasze Produkty Hydramax &#8211; totalne nawodnienie 440.75 z\u0142 352.60 z\u0142 Zam\u00f3w Parashield &#8211; zestaw przeciwpaso\u017cytniczy 451.50 z\u0142 361.20 z\u0142 Zam\u00f3w Colo-Vada + Coral-Mine 577.30 z\u0142 477.30 z\u0142 Zam\u00f3w Najlepszy program oczyszczaj\u0105cy ca\u0142y ogranizm Program Cola-Vada 487.00 z\u0142 387.00 z\u0142 Zam\u00f3w B-LURON kompleks dla sk\u00f3ry, ko\u015bci, paznokci, kr\u0119gos\u0142upa, staw\u00f3w, itd. 998.50 z\u0142 890.10 z\u0142 Zam\u00f3w<\/p>\n","protected":false},"author":1,"featured_media":0,"parent":0,"menu_order":0,"comment_status":"closed","ping_status":"closed","template":"elementor_header_footer","meta":{"ocean_post_layout":"full-screen","ocean_both_sidebars_style":"","ocean_both_sidebars_content_width":0,"ocean_both_sidebars_sidebars_width":0,"ocean_sidebar":"","ocean_second_sidebar":"","ocean_disable_margins":"enable","ocean_add_body_class":"","ocean_shortcode_before_top_bar":"","ocean_shortcode_after_top_bar":"","ocean_shortcode_before_header":"","ocean_shortcode_after_header":"","ocean_has_shortcode":"","ocean_shortcode_after_title":"","ocean_shortcode_before_footer_widgets":"","ocean_shortcode_after_footer_widgets":"","ocean_shortcode_before_footer_bottom":"","ocean_shortcode_after_footer_bottom":"","ocean_display_top_bar":"default","ocean_display_header":"default","ocean_header_style":"","ocean_center_header_left_menu":"","ocean_custom_header_template":"","ocean_custom_logo":0,"ocean_custom_retina_logo":0,"ocean_custom_logo_max_width":0,"ocean_custom_logo_tablet_max_width":0,"ocean_custom_logo_mobile_max_width":0,"ocean_custom_logo_max_height":0,"ocean_custom_logo_tablet_max_height":0,"ocean_custom_logo_mobile_max_height":0,"ocean_header_custom_menu":"","ocean_menu_typo_font_family":"","ocean_menu_typo_font_subset":"","ocean_menu_typo_font_size":0,"ocean_menu_typo_font_size_tablet":0,"ocean_menu_typo_font_size_mobile":0,"ocean_menu_typo_font_size_unit":"px","ocean_menu_typo_font_weight":"","ocean_menu_typo_font_weight_tablet":"","ocean_menu_typo_font_weight_mobile":"","ocean_menu_typo_transform":"","ocean_menu_typo_transform_tablet":"","ocean_menu_typo_transform_mobile":"","ocean_menu_typo_line_height":0,"ocean_menu_typo_line_height_tablet":0,"ocean_menu_typo_line_height_mobile":0,"ocean_menu_typo_line_height_unit":"","ocean_menu_typo_spacing":0,"ocean_menu_typo_spacing_tablet":0,"ocean_menu_typo_spacing_mobile":0,"ocean_menu_typo_spacing_unit":"","ocean_menu_link_color":"","ocean_menu_link_color_hover":"","ocean_menu_link_color_active":"","ocean_menu_link_background":"","ocean_menu_link_hover_background":"","ocean_menu_link_active_background":"","ocean_menu_social_links_bg":"","ocean_menu_social_hover_links_bg":"","ocean_menu_social_links_color":"","ocean_menu_social_hover_links_color":"","ocean_disable_title":"default","ocean_disable_heading":"default","ocean_post_title":"","ocean_post_subheading":"","ocean_post_title_style":"","ocean_post_title_background_color":"","ocean_post_title_background":0,"ocean_post_title_bg_image_position":"","ocean_post_title_bg_image_attachment":"","ocean_post_title_bg_image_repeat":"","ocean_post_title_bg_image_size":"","ocean_post_title_height":0,"ocean_post_title_bg_overlay":0.5,"ocean_post_title_bg_overlay_color":"","ocean_disable_breadcrumbs":"default","ocean_breadcrumbs_color":"","ocean_breadcrumbs_separator_color":"","ocean_breadcrumbs_links_color":"","ocean_breadcrumbs_links_hover_color":"","ocean_display_footer_widgets":"on","ocean_display_footer_bottom":"off","ocean_custom_footer_template":"2756","footnotes":""},"class_list":["post-716","page","type-page","status-publish","hentry","entry"],"_links":{"self":[{"href":"https:\/\/zdrowiejoga.pl\/index.php\/wp-json\/wp\/v2\/pages\/716","targetHints":{"allow":["GET"]}}],"collection":[{"href":"https:\/\/zdrowiejoga.pl\/index.php\/wp-json\/wp\/v2\/pages"}],"about":[{"href":"https:\/\/zdrowiejoga.pl\/index.php\/wp-json\/wp\/v2\/types\/page"}],"author":[{"embeddable":true,"href":"https:\/\/zdrowiejoga.pl\/index.php\/wp-json\/wp\/v2\/users\/1"}],"replies":[{"embeddable":true,"href":"https:\/\/zdrowiejoga.pl\/index.php\/wp-json\/wp\/v2\/comments?post=716"}],"version-history":[{"count":48,"href":"https:\/\/zdrowiejoga.pl\/index.php\/wp-json\/wp\/v2\/pages\/716\/revisions"}],"predecessor-version":[{"id":3016,"href":"https:\/\/zdrowiejoga.pl\/index.php\/wp-json\/wp\/v2\/pages\/716\/revisions\/3016"}],"wp:attachment":[{"href":"https:\/\/zdrowiejoga.pl\/index.php\/wp-json\/wp\/v2\/media?parent=716"}],"curies":[{"name":"wp","href":"https:\/\/api.w.org\/{rel}","templated":true}]}}