{"id":672,"date":"2025-06-12T02:05:15","date_gmt":"2025-06-12T02:05:15","guid":{"rendered":"http:\/\/zdrowiejoga.pl\/?page_id=672"},"modified":"2025-08-29T21:54:33","modified_gmt":"2025-08-29T21:54:33","slug":"aktualnosci","status":"publish","type":"page","link":"https:\/\/zdrowiejoga.pl\/index.php\/aktualnosci\/","title":{"rendered":"Aktualno\u015bci"},"content":{"rendered":"\t\t<div data-elementor-type=\"wp-page\" data-elementor-id=\"672\" class=\"elementor elementor-672\">\n\t\t\t\t<div class=\"elementor-element elementor-element-69111ebd e-flex e-con-boxed e-con e-parent\" data-id=\"69111ebd\" data-element_type=\"container\" data-settings=\"{&quot;background_background&quot;:&quot;gradient&quot;}\">\n\t\t\t\t\t<div class=\"e-con-inner\">\n\t\t<div class=\"elementor-element elementor-element-12fd439f e-con-full e-flex e-con e-child\" data-id=\"12fd439f\" data-element_type=\"container\">\n\t\t\t\t<div class=\"elementor-element elementor-element-7e4e417 elementor-widget elementor-widget-heading\" data-id=\"7e4e417\" data-element_type=\"widget\" data-widget_type=\"heading.default\">\n\t\t\t\t<div class=\"elementor-widget-container\">\n\t\t\t\t\t<h2 class=\"elementor-heading-title elementor-size-default\">Aktualno\u015bci<\/h2>\t\t\t\t<\/div>\n\t\t\t\t<\/div>\n\t\t<div class=\"elementor-element elementor-element-64c79446 e-con-full e-flex e-con e-child\" data-id=\"64c79446\" data-element_type=\"container\">\n\t\t\t\t<div class=\"elementor-element elementor-element-69c99ccf elementor-widget elementor-widget-heading\" data-id=\"69c99ccf\" data-element_type=\"widget\" data-widget_type=\"heading.default\">\n\t\t\t\t<div class=\"elementor-widget-container\">\n\t\t\t\t\t<h2 class=\"elementor-heading-title elementor-size-default\"><a href=\"https:\/\/centrumrelaksu.com\/franczyzaodlot\/\" target=\"_blank\" rel=\"noopener\">Otw\u00f3rz Centrum Relaksu ODLOT w swoim mie\u015bcie<\/a><\/h2>\t\t\t\t<\/div>\n\t\t\t\t<\/div>\n\t\t\t\t<div class=\"elementor-element elementor-element-45a86916 elementor-widget elementor-widget-text-editor\" data-id=\"45a86916\" data-element_type=\"widget\" data-widget_type=\"text-editor.default\">\n\t\t\t\t<div class=\"elementor-widget-container\">\n\t\t\t\t\t\t\t\t\t<p style=\"text-align: left;\">Zosta\u0144 naszym partnerem<\/p>\t\t\t\t\t\t\t\t<\/div>\n\t\t\t\t<\/div>\n\t\t\t\t<div class=\"elementor-element elementor-element-7ef4b867 elementor-widget elementor-widget-image\" data-id=\"7ef4b867\" data-element_type=\"widget\" data-widget_type=\"image.default\">\n\t\t\t\t<div class=\"elementor-widget-container\">\n\t\t\t\t\t\t\t\t\t\t\t\t\t\t\t<img fetchpriority=\"high\" decoding=\"async\" width=\"300\" height=\"300\" src=\"https:\/\/zdrowiejoga.pl\/wp-content\/uploads\/2025\/06\/FB_zdjecie_profilowe_1-300x300-1-e1752265329116.jpg\" class=\"attachment-medium size-medium wp-image-13\" alt=\"\" srcset=\"https:\/\/zdrowiejoga.pl\/wp-content\/uploads\/2025\/06\/FB_zdjecie_profilowe_1-300x300-1-e1752265329116.jpg 300w, https:\/\/zdrowiejoga.pl\/wp-content\/uploads\/2025\/06\/FB_zdjecie_profilowe_1-300x300-1-e1752265329116-150x150.jpg 150w\" sizes=\"(max-width: 300px) 100vw, 300px\" \/>\t\t\t\t\t\t\t\t\t\t\t\t\t\t\t<\/div>\n\t\t\t\t<\/div>\n\t\t\t\t<div class=\"elementor-element elementor-element-30da1ea4 elementor-button-info elementor-align-center elementor-widget elementor-widget-button\" data-id=\"30da1ea4\" data-element_type=\"widget\" data-widget_type=\"button.default\">\n\t\t\t\t<div class=\"elementor-widget-container\">\n\t\t\t\t\t\t\t\t\t<div class=\"elementor-button-wrapper\">\n\t\t\t\t\t<a class=\"elementor-button elementor-button-link elementor-size-sm\" href=\"https:\/\/centrumrelaksu.com\/franczyzaodlot\/\" target=\"_blank\" rel=\"noopener\">\n\t\t\t\t\t\t<span class=\"elementor-button-content-wrapper\">\n\t\t\t\t\t\t\t\t\t<span class=\"elementor-button-text\">Dowiedz si\u0119 wi\u0119cej<\/span>\n\t\t\t\t\t<\/span>\n\t\t\t\t\t<\/a>\n\t\t\t\t<\/div>\n\t\t\t\t\t\t\t\t<\/div>\n\t\t\t\t<\/div>\n\t\t\t\t<\/div>\n\t\t<div class=\"elementor-element elementor-element-6b44ef9d e-con-full e-flex e-con e-child\" data-id=\"6b44ef9d\" data-element_type=\"container\">\n\t\t\t\t<div class=\"elementor-element elementor-element-1f730f1e elementor-widget elementor-widget-heading\" data-id=\"1f730f1e\" data-element_type=\"widget\" data-widget_type=\"heading.default\">\n\t\t\t\t<div class=\"elementor-widget-container\">\n\t\t\t\t\t<h2 class=\"elementor-heading-title elementor-size-default\"><a href=\"https:\/\/zdrowiejoga.pl\/index.php\/voucher-dla-bliskiej-osoby\/\"> Voucher dla Bliskiej Osoby<\/a><\/h2>\t\t\t\t<\/div>\n\t\t\t\t<\/div>\n\t\t\t\t<div class=\"elementor-element elementor-element-1f66ae47 elementor-widget elementor-widget-text-editor\" data-id=\"1f66ae47\" data-element_type=\"widget\" data-widget_type=\"text-editor.default\">\n\t\t\t\t<div class=\"elementor-widget-container\">\n\t\t\t\t\t\t\t\t\t<p>\u015awietny pomys\u0142 na prezent dla bliskiej osoby, kolegi, kole\u017canki, przyjaciela. Voucher mo\u017cesz kupi\u0107 u nas w gabinecie, lub zam\u00f3wi\u0107 zdalnie dzwoni\u0105c pod nr. 602 706 932<\/p>\t\t\t\t\t\t\t\t<\/div>\n\t\t\t\t<\/div>\n\t\t\t\t<div class=\"elementor-element elementor-element-297ce8fe elementor-widget elementor-widget-image\" data-id=\"297ce8fe\" data-element_type=\"widget\" data-widget_type=\"image.default\">\n\t\t\t\t<div class=\"elementor-widget-container\">\n\t\t\t\t\t\t\t\t\t\t\t\t\t\t\t<img decoding=\"async\" width=\"300\" height=\"300\" src=\"https:\/\/zdrowiejoga.pl\/wp-content\/uploads\/2025\/06\/\u0417\u0430\u0432\u0442\u0440\u0430\u043a-\u0424\u043e\u0442\u043e-\u041e\u0442\u0435\u043b\u044c-\u041f\u043e\u0434\u0430\u0440\u043e\u0447\u043d\u044b\u0439-\u0421\u0435\u0440\u0442\u0438\u0444\u0438\u043a\u0430\u0442-\u0420\u0430\u043c\u043a\u0430-1-300x300-1.png\" class=\"attachment-medium size-medium wp-image-14\" alt=\"\" srcset=\"https:\/\/zdrowiejoga.pl\/wp-content\/uploads\/2025\/06\/\u0417\u0430\u0432\u0442\u0440\u0430\u043a-\u0424\u043e\u0442\u043e-\u041e\u0442\u0435\u043b\u044c-\u041f\u043e\u0434\u0430\u0440\u043e\u0447\u043d\u044b\u0439-\u0421\u0435\u0440\u0442\u0438\u0444\u0438\u043a\u0430\u0442-\u0420\u0430\u043c\u043a\u0430-1-300x300-1.png 300w, https:\/\/zdrowiejoga.pl\/wp-content\/uploads\/2025\/06\/\u0417\u0430\u0432\u0442\u0440\u0430\u043a-\u0424\u043e\u0442\u043e-\u041e\u0442\u0435\u043b\u044c-\u041f\u043e\u0434\u0430\u0440\u043e\u0447\u043d\u044b\u0439-\u0421\u0435\u0440\u0442\u0438\u0444\u0438\u043a\u0430\u0442-\u0420\u0430\u043c\u043a\u0430-1-300x300-1-150x150.png 150w\" sizes=\"(max-width: 300px) 100vw, 300px\" \/>\t\t\t\t\t\t\t\t\t\t\t\t\t\t\t<\/div>\n\t\t\t\t<\/div>\n\t\t\t\t<div class=\"elementor-element elementor-element-6f8e639f elementor-button-info elementor-align-center elementor-widget elementor-widget-button\" data-id=\"6f8e639f\" data-element_type=\"widget\" data-widget_type=\"button.default\">\n\t\t\t\t<div class=\"elementor-widget-container\">\n\t\t\t\t\t\t\t\t\t<div class=\"elementor-button-wrapper\">\n\t\t\t\t\t<a class=\"elementor-button elementor-button-link elementor-size-sm\" href=\"https:\/\/zdrowiejoga.pl\/index.php\/voucher-dla-bliskiej-osoby\/\">\n\t\t\t\t\t\t<span class=\"elementor-button-content-wrapper\">\n\t\t\t\t\t\t\t\t\t<span class=\"elementor-button-text\">Zam\u00f3wi\u0107<\/span>\n\t\t\t\t\t<\/span>\n\t\t\t\t\t<\/a>\n\t\t\t\t<\/div>\n\t\t\t\t\t\t\t\t<\/div>\n\t\t\t\t<\/div>\n\t\t\t\t<\/div>\n\t\t\t\t<\/div>\n\t\t\t\t\t<\/div>\n\t\t\t\t<\/div>\n\t\t<div class=\"elementor-element elementor-element-7ba62f3 e-con-full e-flex e-con e-parent\" data-id=\"7ba62f3\" data-element_type=\"container\" data-settings=\"{&quot;background_background&quot;:&quot;classic&quot;}\">\n\t\t\t\t<div class=\"elementor-element elementor-element-3067c436 elementor-widget elementor-widget-heading\" data-id=\"3067c436\" data-element_type=\"widget\" data-widget_type=\"heading.default\">\n\t\t\t\t<div class=\"elementor-widget-container\">\n\t\t\t\t\t<h2 class=\"elementor-heading-title elementor-size-default\">Nasze Produkty<\/h2>\t\t\t\t<\/div>\n\t\t\t\t<\/div>\n\t\t<div class=\"elementor-element elementor-element-2227fd9 e-grid e-con-boxed e-con e-child\" data-id=\"2227fd9\" data-element_type=\"container\">\n\t\t\t\t\t<div class=\"e-con-inner\">\n\t\t<div class=\"elementor-element elementor-element-65119c28 e-con-full e-flex e-con e-child\" data-id=\"65119c28\" data-element_type=\"container\">\n\t\t\t\t<div class=\"elementor-element elementor-element-23a47842 elementor-widget__width-inherit elementor-widget elementor-widget-image\" data-id=\"23a47842\" data-element_type=\"widget\" data-widget_type=\"image.default\">\n\t\t\t\t<div class=\"elementor-widget-container\">\n\t\t\t\t\t\t\t\t\t\t\t\t\t\t\t<img decoding=\"async\" width=\"300\" height=\"300\" src=\"https:\/\/zdrowiejoga.pl\/wp-content\/uploads\/2025\/06\/Colo-Vada-Green.-300x300-1.png\" class=\"attachment-medium size-medium wp-image-21\" alt=\"\" srcset=\"https:\/\/zdrowiejoga.pl\/wp-content\/uploads\/2025\/06\/Colo-Vada-Green.-300x300-1.png 300w, https:\/\/zdrowiejoga.pl\/wp-content\/uploads\/2025\/06\/Colo-Vada-Green.-300x300-1-150x150.png 150w\" sizes=\"(max-width: 300px) 100vw, 300px\" \/>\t\t\t\t\t\t\t\t\t\t\t\t\t\t\t<\/div>\n\t\t\t\t<\/div>\n\t\t\t\t<div class=\"elementor-element elementor-element-3658a9e3 elementor-widget elementor-widget-heading\" data-id=\"3658a9e3\" data-element_type=\"widget\" data-widget_type=\"heading.default\">\n\t\t\t\t<div class=\"elementor-widget-container\">\n\t\t\t\t\t<h2 class=\"elementor-heading-title elementor-size-default\"><a href=\"https:\/\/zdrowiejoga.pl\/index.php\/colo-vada-green-coral-mine-2\/\">Colo-Vada + Coral-Mine<\/a><\/h2>\t\t\t\t<\/div>\n\t\t\t\t<\/div>\n\t\t<div class=\"elementor-element elementor-element-48534ba4 e-con-full e-flex e-con e-child\" data-id=\"48534ba4\" data-element_type=\"container\">\n\t\t\t\t<div class=\"elementor-element elementor-element-3ab86c92 elementor-widget__width-auto elementor-widget elementor-widget-heading\" data-id=\"3ab86c92\" data-element_type=\"widget\" data-widget_type=\"heading.default\">\n\t\t\t\t<div class=\"elementor-widget-container\">\n\t\t\t\t\t<h2 class=\"elementor-heading-title elementor-size-default\">577.530 z\u0142<\/h2>\t\t\t\t<\/div>\n\t\t\t\t<\/div>\n\t\t\t\t<div class=\"elementor-element elementor-element-b31cb9 elementor-widget elementor-widget-heading\" data-id=\"b31cb9\" data-element_type=\"widget\" data-widget_type=\"heading.default\">\n\t\t\t\t<div class=\"elementor-widget-container\">\n\t\t\t\t\t<h2 class=\"elementor-heading-title elementor-size-default\">477.30 z\u0142<\/h2>\t\t\t\t<\/div>\n\t\t\t\t<\/div>\n\t\t\t\t<\/div>\n\t\t\t\t<div class=\"elementor-element elementor-element-799338af elementor-button-info elementor-align-left elementor-widget elementor-widget-button\" data-id=\"799338af\" data-element_type=\"widget\" data-widget_type=\"button.default\">\n\t\t\t\t<div class=\"elementor-widget-container\">\n\t\t\t\t\t\t\t\t\t<div class=\"elementor-button-wrapper\">\n\t\t\t\t\t<a class=\"elementor-button elementor-button-link elementor-size-sm\" href=\"https:\/\/zdrowiejoga.pl\/index.php\/colo-vada-green-coral-mine-2\/\">\n\t\t\t\t\t\t<span class=\"elementor-button-content-wrapper\">\n\t\t\t\t\t\t\t\t\t<span class=\"elementor-button-text\">Dalej<\/span>\n\t\t\t\t\t<\/span>\n\t\t\t\t\t<\/a>\n\t\t\t\t<\/div>\n\t\t\t\t\t\t\t\t<\/div>\n\t\t\t\t<\/div>\n\t\t\t\t<\/div>\n\t\t<div class=\"elementor-element elementor-element-64e3cfa4 e-con-full e-flex e-con e-child\" data-id=\"64e3cfa4\" data-element_type=\"container\">\n\t\t\t\t<div class=\"elementor-element elementor-element-3687e986 elementor-widget__width-inherit elementor-widget elementor-widget-image\" data-id=\"3687e986\" data-element_type=\"widget\" data-widget_type=\"image.default\">\n\t\t\t\t<div class=\"elementor-widget-container\">\n\t\t\t\t\t\t\t\t\t\t\t\t\t\t\t<img loading=\"lazy\" decoding=\"async\" width=\"300\" height=\"300\" src=\"https:\/\/zdrowiejoga.pl\/wp-content\/uploads\/2025\/06\/parashield-300x300-1.png\" class=\"attachment-medium size-medium wp-image-130\" alt=\"\" srcset=\"https:\/\/zdrowiejoga.pl\/wp-content\/uploads\/2025\/06\/parashield-300x300-1.png 300w, https:\/\/zdrowiejoga.pl\/wp-content\/uploads\/2025\/06\/parashield-300x300-1-150x150.png 150w\" sizes=\"(max-width: 300px) 100vw, 300px\" \/>\t\t\t\t\t\t\t\t\t\t\t\t\t\t\t<\/div>\n\t\t\t\t<\/div>\n\t\t\t\t<div class=\"elementor-element elementor-element-20af444 elementor-widget elementor-widget-heading\" data-id=\"20af444\" data-element_type=\"widget\" data-widget_type=\"heading.default\">\n\t\t\t\t<div class=\"elementor-widget-container\">\n\t\t\t\t\t<h2 class=\"elementor-heading-title elementor-size-default\"><a href=\"https:\/\/zdrowiejoga.pl\/index.php\/parashield-zestaw-przeciwpasozytniczy\/\">Parashield - zestaw przeciwpaso\u017cytniczy<\/a><\/h2>\t\t\t\t<\/div>\n\t\t\t\t<\/div>\n\t\t<div class=\"elementor-element elementor-element-4560a0b9 e-con-full e-flex e-con e-child\" data-id=\"4560a0b9\" data-element_type=\"container\">\n\t\t\t\t<div class=\"elementor-element elementor-element-569a91 elementor-widget__width-auto elementor-widget elementor-widget-heading\" data-id=\"569a91\" data-element_type=\"widget\" data-widget_type=\"heading.default\">\n\t\t\t\t<div class=\"elementor-widget-container\">\n\t\t\t\t\t<h2 class=\"elementor-heading-title elementor-size-default\">451.50 z\u0142<\/h2>\t\t\t\t<\/div>\n\t\t\t\t<\/div>\n\t\t\t\t<div class=\"elementor-element elementor-element-2fe9812f elementor-widget elementor-widget-heading\" data-id=\"2fe9812f\" data-element_type=\"widget\" data-widget_type=\"heading.default\">\n\t\t\t\t<div class=\"elementor-widget-container\">\n\t\t\t\t\t<h2 class=\"elementor-heading-title elementor-size-default\">361.20 z\u0142<\/h2>\t\t\t\t<\/div>\n\t\t\t\t<\/div>\n\t\t\t\t<\/div>\n\t\t\t\t<div class=\"elementor-element elementor-element-349269e9 elementor-button-info elementor-align-left elementor-widget elementor-widget-button\" data-id=\"349269e9\" data-element_type=\"widget\" data-widget_type=\"button.default\">\n\t\t\t\t<div class=\"elementor-widget-container\">\n\t\t\t\t\t\t\t\t\t<div class=\"elementor-button-wrapper\">\n\t\t\t\t\t<a class=\"elementor-button elementor-button-link elementor-size-sm\" href=\"https:\/\/zdrowiejoga.pl\/index.php\/parashield-zestaw-przeciwpasozytniczy\/\">\n\t\t\t\t\t\t<span class=\"elementor-button-content-wrapper\">\n\t\t\t\t\t\t\t\t\t<span class=\"elementor-button-text\">Dalej<\/span>\n\t\t\t\t\t<\/span>\n\t\t\t\t\t<\/a>\n\t\t\t\t<\/div>\n\t\t\t\t\t\t\t\t<\/div>\n\t\t\t\t<\/div>\n\t\t\t\t<\/div>\n\t\t<div class=\"elementor-element elementor-element-22a13272 e-con-full e-flex e-con e-child\" data-id=\"22a13272\" data-element_type=\"container\">\n\t\t\t\t<div class=\"elementor-element elementor-element-54f63d2d elementor-widget__width-inherit elementor-widget elementor-widget-image\" data-id=\"54f63d2d\" data-element_type=\"widget\" data-widget_type=\"image.default\">\n\t\t\t\t<div class=\"elementor-widget-container\">\n\t\t\t\t\t\t\t\t\t\t\t\t\t\t\t<img loading=\"lazy\" decoding=\"async\" width=\"300\" height=\"300\" src=\"https:\/\/zdrowiejoga.pl\/wp-content\/uploads\/2025\/06\/hydramax-300x300-1.png\" class=\"attachment-medium size-medium wp-image-134\" alt=\"\" srcset=\"https:\/\/zdrowiejoga.pl\/wp-content\/uploads\/2025\/06\/hydramax-300x300-1.png 300w, https:\/\/zdrowiejoga.pl\/wp-content\/uploads\/2025\/06\/hydramax-300x300-1-150x150.png 150w\" sizes=\"(max-width: 300px) 100vw, 300px\" \/>\t\t\t\t\t\t\t\t\t\t\t\t\t\t\t<\/div>\n\t\t\t\t<\/div>\n\t\t\t\t<div class=\"elementor-element elementor-element-404c0778 elementor-widget elementor-widget-heading\" data-id=\"404c0778\" data-element_type=\"widget\" data-widget_type=\"heading.default\">\n\t\t\t\t<div class=\"elementor-widget-container\">\n\t\t\t\t\t<h2 class=\"elementor-heading-title elementor-size-default\"><a href=\"https:\/\/zdrowiejoga.pl\/index.php\/hydramax-totalne-nawodnienie\/\">Hydramax - totalne nawodnienie<\/a><\/h2>\t\t\t\t<\/div>\n\t\t\t\t<\/div>\n\t\t<div class=\"elementor-element elementor-element-3d589bb e-con-full e-flex e-con e-child\" data-id=\"3d589bb\" data-element_type=\"container\">\n\t\t\t\t<div class=\"elementor-element elementor-element-7862895f elementor-widget__width-auto elementor-widget elementor-widget-heading\" data-id=\"7862895f\" data-element_type=\"widget\" data-widget_type=\"heading.default\">\n\t\t\t\t<div class=\"elementor-widget-container\">\n\t\t\t\t\t<h2 class=\"elementor-heading-title elementor-size-default\">440.75 z\u0142<\/h2>\t\t\t\t<\/div>\n\t\t\t\t<\/div>\n\t\t\t\t<div class=\"elementor-element elementor-element-2b4be825 elementor-widget elementor-widget-heading\" data-id=\"2b4be825\" data-element_type=\"widget\" data-widget_type=\"heading.default\">\n\t\t\t\t<div class=\"elementor-widget-container\">\n\t\t\t\t\t<h2 class=\"elementor-heading-title elementor-size-default\">352.60 z\u0142<\/h2>\t\t\t\t<\/div>\n\t\t\t\t<\/div>\n\t\t\t\t<\/div>\n\t\t\t\t<div class=\"elementor-element elementor-element-30736ba elementor-button-info elementor-align-left elementor-widget elementor-widget-button\" data-id=\"30736ba\" data-element_type=\"widget\" data-widget_type=\"button.default\">\n\t\t\t\t<div class=\"elementor-widget-container\">\n\t\t\t\t\t\t\t\t\t<div class=\"elementor-button-wrapper\">\n\t\t\t\t\t<a class=\"elementor-button elementor-button-link elementor-size-sm\" href=\"https:\/\/zdrowiejoga.pl\/index.php\/hydramax-totalne-nawodnienie\/\">\n\t\t\t\t\t\t<span class=\"elementor-button-content-wrapper\">\n\t\t\t\t\t\t\t\t\t<span class=\"elementor-button-text\">Dalej<\/span>\n\t\t\t\t\t<\/span>\n\t\t\t\t\t<\/a>\n\t\t\t\t<\/div>\n\t\t\t\t\t\t\t\t<\/div>\n\t\t\t\t<\/div>\n\t\t\t\t<\/div>\n\t\t\t\t\t<\/div>\n\t\t\t\t<\/div>\n\t\t\t\t<div class=\"elementor-element elementor-element-1b9957ea elementor-button-info elementor-align-center elementor-mobile-align-justify elementor-widget elementor-widget-button\" data-id=\"1b9957ea\" data-element_type=\"widget\" data-widget_type=\"button.default\">\n\t\t\t\t<div class=\"elementor-widget-container\">\n\t\t\t\t\t\t\t\t\t<div class=\"elementor-button-wrapper\">\n\t\t\t\t\t<a class=\"elementor-button elementor-button-link elementor-size-sm\" href=\"https:\/\/zdrowiejoga.pl\/index.php\/produkty\/\">\n\t\t\t\t\t\t<span class=\"elementor-button-content-wrapper\">\n\t\t\t\t\t\t\t\t\t<span class=\"elementor-button-text\">Wi\u0119cej produkt\u00f3w<\/span>\n\t\t\t\t\t<\/span>\n\t\t\t\t\t<\/a>\n\t\t\t\t<\/div>\n\t\t\t\t\t\t\t\t<\/div>\n\t\t\t\t<\/div>\n\t\t\t\t<\/div>\n\t\t\t\t<\/div>\n\t\t","protected":false},"excerpt":{"rendered":"<p>Aktualno\u015bci Otw\u00f3rz Centrum Relaksu ODLOT w swoim mie\u015bcie Zosta\u0144 naszym partnerem Dowiedz si\u0119 wi\u0119cej Voucher dla Bliskiej Osoby \u015awietny pomys\u0142 na prezent dla bliskiej osoby, kolegi, kole\u017canki, przyjaciela. Voucher mo\u017cesz kupi\u0107 u nas w gabinecie, lub zam\u00f3wi\u0107 zdalnie dzwoni\u0105c pod nr. 602 706 932 Zam\u00f3wi\u0107 Nasze Produkty Colo-Vada + Coral-Mine 577.530 z\u0142 477.30 z\u0142 Dalej [&hellip;]<\/p>\n","protected":false},"author":1,"featured_media":0,"parent":0,"menu_order":0,"comment_status":"closed","ping_status":"closed","template":"","meta":{"ocean_post_layout":"full-screen","ocean_both_sidebars_style":"","ocean_both_sidebars_content_width":0,"ocean_both_sidebars_sidebars_width":0,"ocean_sidebar":"","ocean_second_sidebar":"","ocean_disable_margins":"enable","ocean_add_body_class":"","ocean_shortcode_before_top_bar":"","ocean_shortcode_after_top_bar":"","ocean_shortcode_before_header":"","ocean_shortcode_after_header":"","ocean_has_shortcode":"","ocean_shortcode_after_title":"","ocean_shortcode_before_footer_widgets":"","ocean_shortcode_after_footer_widgets":"","ocean_shortcode_before_footer_bottom":"","ocean_shortcode_after_footer_bottom":"","ocean_display_top_bar":"default","ocean_display_header":"default","ocean_header_style":"","ocean_center_header_left_menu":"","ocean_custom_header_template":"","ocean_custom_logo":0,"ocean_custom_retina_logo":0,"ocean_custom_logo_max_width":0,"ocean_custom_logo_tablet_max_width":0,"ocean_custom_logo_mobile_max_width":0,"ocean_custom_logo_max_height":0,"ocean_custom_logo_tablet_max_height":0,"ocean_custom_logo_mobile_max_height":0,"ocean_header_custom_menu":"5","ocean_menu_typo_font_family":"","ocean_menu_typo_font_subset":"","ocean_menu_typo_font_size":0,"ocean_menu_typo_font_size_tablet":0,"ocean_menu_typo_font_size_mobile":0,"ocean_menu_typo_font_size_unit":"px","ocean_menu_typo_font_weight":"","ocean_menu_typo_font_weight_tablet":"","ocean_menu_typo_font_weight_mobile":"","ocean_menu_typo_transform":"","ocean_menu_typo_transform_tablet":"","ocean_menu_typo_transform_mobile":"","ocean_menu_typo_line_height":0,"ocean_menu_typo_line_height_tablet":0,"ocean_menu_typo_line_height_mobile":0,"ocean_menu_typo_line_height_unit":"","ocean_menu_typo_spacing":0,"ocean_menu_typo_spacing_tablet":0,"ocean_menu_typo_spacing_mobile":0,"ocean_menu_typo_spacing_unit":"","ocean_menu_link_color":"","ocean_menu_link_color_hover":"","ocean_menu_link_color_active":"","ocean_menu_link_background":"","ocean_menu_link_hover_background":"","ocean_menu_link_active_background":"","ocean_menu_social_links_bg":"","ocean_menu_social_hover_links_bg":"","ocean_menu_social_links_color":"","ocean_menu_social_hover_links_color":"","ocean_disable_title":"on","ocean_disable_heading":"default","ocean_post_title":"","ocean_post_subheading":"","ocean_post_title_style":"","ocean_post_title_background_color":"","ocean_post_title_background":0,"ocean_post_title_bg_image_position":"","ocean_post_title_bg_image_attachment":"","ocean_post_title_bg_image_repeat":"","ocean_post_title_bg_image_size":"","ocean_post_title_height":0,"ocean_post_title_bg_overlay":0.5,"ocean_post_title_bg_overlay_color":"","ocean_disable_breadcrumbs":"default","ocean_breadcrumbs_color":"","ocean_breadcrumbs_separator_color":"","ocean_breadcrumbs_links_color":"","ocean_breadcrumbs_links_hover_color":"","ocean_display_footer_widgets":"on","ocean_display_footer_bottom":"off","ocean_custom_footer_template":"","footnotes":""},"class_list":["post-672","page","type-page","status-publish","hentry","entry"],"_links":{"self":[{"href":"https:\/\/zdrowiejoga.pl\/index.php\/wp-json\/wp\/v2\/pages\/672","targetHints":{"allow":["GET"]}}],"collection":[{"href":"https:\/\/zdrowiejoga.pl\/index.php\/wp-json\/wp\/v2\/pages"}],"about":[{"href":"https:\/\/zdrowiejoga.pl\/index.php\/wp-json\/wp\/v2\/types\/page"}],"author":[{"embeddable":true,"href":"https:\/\/zdrowiejoga.pl\/index.php\/wp-json\/wp\/v2\/users\/1"}],"replies":[{"embeddable":true,"href":"https:\/\/zdrowiejoga.pl\/index.php\/wp-json\/wp\/v2\/comments?post=672"}],"version-history":[{"count":60,"href":"https:\/\/zdrowiejoga.pl\/index.php\/wp-json\/wp\/v2\/pages\/672\/revisions"}],"predecessor-version":[{"id":3345,"href":"https:\/\/zdrowiejoga.pl\/index.php\/wp-json\/wp\/v2\/pages\/672\/revisions\/3345"}],"wp:attachment":[{"href":"https:\/\/zdrowiejoga.pl\/index.php\/wp-json\/wp\/v2\/media?parent=672"}],"curies":[{"name":"wp","href":"https:\/\/api.w.org\/{rel}","templated":true}]}}