{"id":660,"date":"2025-06-12T01:27:40","date_gmt":"2025-06-12T01:27:40","guid":{"rendered":"http:\/\/zdrowiejoga.pl\/?page_id=660"},"modified":"2025-07-13T14:25:10","modified_gmt":"2025-07-13T14:25:10","slug":"czy-wszyscy-mamy-pasozyty-jak-to-sprawdzic","status":"publish","type":"page","link":"https:\/\/zdrowiejoga.pl\/index.php\/czy-wszyscy-mamy-pasozyty-jak-to-sprawdzic\/","title":{"rendered":"Artyku\u0142y \u2014 Paso\u017cyty"},"content":{"rendered":"\t\t<div data-elementor-type=\"wp-page\" data-elementor-id=\"660\" class=\"elementor elementor-660\">\n\t\t\t\t<div class=\"elementor-element elementor-element-268d58b e-flex e-con-boxed e-con e-parent\" data-id=\"268d58b\" data-element_type=\"container\">\n\t\t\t\t\t<div class=\"e-con-inner\">\n\t\t<div class=\"elementor-element elementor-element-c9d2a87 e-con-full e-flex e-con e-child\" data-id=\"c9d2a87\" data-element_type=\"container\" data-settings=\"{&quot;background_background&quot;:&quot;classic&quot;}\">\n\t\t\t\t<div class=\"elementor-element elementor-element-52e7557 elementor-widget elementor-widget-heading\" data-id=\"52e7557\" data-element_type=\"widget\" data-widget_type=\"heading.default\">\n\t\t\t\t<div class=\"elementor-widget-container\">\n\t\t\t\t\t<h2 class=\"elementor-heading-title elementor-size-default\">Czy wszyscy mamy paso\u017cyty!? Jak to sprawdzi\u0107 ?<\/h2>\t\t\t\t<\/div>\n\t\t\t\t<\/div>\n\t\t\t\t<div class=\"elementor-element elementor-element-38cc194 elementor-widget elementor-widget-heading\" data-id=\"38cc194\" data-element_type=\"widget\" data-widget_type=\"heading.default\">\n\t\t\t\t<div class=\"elementor-widget-container\">\n\t\t\t\t\t<h2 class=\"elementor-heading-title elementor-size-default\">28.11.2019 przez webmaster<\/h2>\t\t\t\t<\/div>\n\t\t\t\t<\/div>\n\t\t\t\t<div class=\"elementor-element elementor-element-8d50dd9 elementor-widget__width-initial elementor-widget elementor-widget-image\" data-id=\"8d50dd9\" data-element_type=\"widget\" data-widget_type=\"image.default\">\n\t\t\t\t<div class=\"elementor-widget-container\">\n\t\t\t\t\t\t\t\t\t\t\t\t\t\t\t<img decoding=\"async\" width=\"300\" height=\"150\" src=\"https:\/\/zdrowiejoga.pl\/wp-content\/uploads\/2025\/06\/pasozyty-300x150.jpg\" class=\"attachment-medium size-medium wp-image-527\" alt=\"\" srcset=\"https:\/\/zdrowiejoga.pl\/wp-content\/uploads\/2025\/06\/pasozyty-300x150.jpg 300w, https:\/\/zdrowiejoga.pl\/wp-content\/uploads\/2025\/06\/pasozyty-1024x512.jpg 1024w, https:\/\/zdrowiejoga.pl\/wp-content\/uploads\/2025\/06\/pasozyty-768x384.jpg 768w, https:\/\/zdrowiejoga.pl\/wp-content\/uploads\/2025\/06\/pasozyty.jpg 1140w\" sizes=\"(max-width: 300px) 100vw, 300px\" \/>\t\t\t\t\t\t\t\t\t\t\t\t\t\t\t<\/div>\n\t\t\t\t<\/div>\n\t\t\t\t<div class=\"elementor-element elementor-element-2eaeffb elementor-widget elementor-widget-text-editor\" data-id=\"2eaeffb\" data-element_type=\"widget\" data-widget_type=\"text-editor.default\">\n\t\t\t\t<div class=\"elementor-widget-container\">\n\t\t\t\t\t\t\t\t\t<p><strong>Czym s\u0105 paso\u017cyty?<\/strong><\/p><p><strong>Pierwsza rzecz<\/strong>, kt\u00f3r\u0105 musisz wiedzie\u0107: \u201epaso\u017cyty\u201d i \u201erobaki\u201d to nie jedna \u201echoroba\u201d jak np. angina, ale du\u017ca grupa bardzo r\u00f3\u017cnych infekcji.<\/p><p><strong>Charakterystyka og\u00f3lna paso\u017cyt\u00f3w:\u00a0\u00a0\u00a0\u00a0\u00a0\u00a0\u00a0\u00a0\u00a0<\/strong><\/p><ul class=\"wp-block-list\"><li>Wszystkie paso\u017cyty s\u0105 mniej lub bardziej przystosowane do \u017cycia wewn\u0105trz cz\u0142owieka.<\/li><li>Nie przynosz\u0105 korzy\u015bci cz\u0142owiekowi, ale mog\u0105 powodowa\u0107 znaczne szkody.<\/li><\/ul><p>M\u00f3wienie o\u00a0<strong>leczeniu lub diagnozowaniu paso\u017cyt\u00f3w<\/strong>\u00a0w og\u00f3le, nie wspominaj\u0105c o rodzaju infekcji, jest tak samo b\u0142\u0119dne, jak m\u00f3wienie o urazach, na przyk\u0142ad, bez precyzyjnego okre\u015blenia, do kt\u00f3rego z nich si\u0119 odnosi. Pod wzgl\u0119dem z\u0142o\u017cono\u015bci leczenia i mo\u017cliwych konsekwencji niekt\u00f3re infekcje paso\u017cytnicze r\u00f3\u017cni\u0105 si\u0119 od innych, jak lekkie siniaki od z\u0142amania.<\/p><p><strong>Jakie objawy mog\u0105 \u015bwiadczy\u0107 o paso\u017cytach w twoim organizmie ?<\/strong><\/p><p>R\u00f3\u017cne kraje rozprzestrzeniaj\u0105 r\u00f3\u017cne infekcje paso\u017cytnicze. W wielu regionach statystyki WHO wyr\u00f3\u017cniaj\u0105 globalne i regionalne obci\u0105\u017cenie chorobami<\/p><p>Na terytorium kraj\u00f3w europejskich najcz\u0119stszych jest oko\u0142o\u00a0<strong>15 zaka\u017ce\u0144 paso\u017cytniczych.<\/strong><\/p><p>Najwa\u017cniejsz\u0105 rzecz\u0105 do zapami\u0119tania jest to, \u017ce r\u00f3\u017cne infekcje paso\u017cytnicze mog\u0105 powodowa\u0107 r\u00f3\u017cne niespecyficzne. Oznacza to, \u017ce te same objawy mog\u0105 by\u0107 spowodowane wieloma innymi przyczynami.<\/p><p><strong>Mo\u017cliwe objawy powa\u017cnych infekcji paso\u017cytniczych mo\u017cna kr\u00f3tko opisa\u0107 w nast\u0119puj\u0105cy spos\u00f3b:<\/strong><\/p>\t\t\t\t\t\t\t\t<\/div>\n\t\t\t\t<\/div>\n\t\t\t\t<div class=\"elementor-element elementor-element-33d6c6b elementor-widget elementor-widget-html\" data-id=\"33d6c6b\" data-element_type=\"widget\" data-widget_type=\"html.default\">\n\t\t\t\t<div class=\"elementor-widget-container\">\n\t\t\t\t\t<style>\n  .clean-table {\n    width: 100%;\n    border-collapse: collapse;\n    font-family: \"Georgia\", sans-serif;\n    font-size: 16px;\n    line-height: 1.4;\n    color: #484848;\n  }\n\n  .clean-table th,\n  .clean-table td {\n    border: 1px solid #7A7A7A;\n    padding: 10px;\n    vertical-align: top;\n    text-align: left;\n  }\n<\/style>\n\n<table class=\"clean-table\">\n  <tr>\n    <td>Suchy kaszel<\/td>\n    <td>Ascariasis, toksokaroza, t\u0119goryjca, silnaidoza, echinokokoza<\/td>\n  <\/tr>\n  <tr>\n    <td>Wysypka na sk\u00f3rze podobna do alergii, taki objaw mo\u017cna zaobserwowa\u0107 podczas zaka\u017cenia wszystkich rodzaj\u00f3w robak\u00f3w.<\/td>\n    <td>Je\u015bli wysypka znajduje si\u0119 w okre\u015blonym miejscu (na przyk\u0142ad na nodze), mo\u017ce to by\u0107 spowodowane przez t\u0119goryjce, silneidoz\u0119, toksokarioz\u0119 lub schistosomatoz\u0119.<\/td>\n  <\/tr>\n  <tr>\n    <td>Sw\u0119dzenie w odbycie lub narz\u0105dach p\u0142ciowych<\/td>\n    <td>Enterobiasis (pinworms)<\/td>\n  <\/tr>\n  <tr>\n    <td>Gor\u0105czka, os\u0142abienie, dreszcze, intensywny b\u00f3l brzucha<\/td>\n    <td>Giardiasis, opisthorchias, klonorchoza, w\u0142o\u015bnica, schistosomatoza<\/td>\n  <\/tr>\n  <tr>\n    <td>D\u0142ugotrwa\u0142a biegunka (biegunka)<\/td>\n    <td>Giardiasis<\/td>\n  <\/tr>\n  <tr>\n    <td>D\u0142ugotrwa\u0142y b\u00f3l brzucha<\/td>\n    <td>Ascariasis, ankilostomiasis, dipylobotrioza, trichocephalosis, strongyloidosis<\/td>\n  <\/tr>\n  <tr>\n    <td>Intensywny b\u00f3l mi\u0119\u015bni<\/td>\n    <td>W\u0142o\u015bnica, b\u0105blowica <\/td>\n  <\/tr>\n  <tr>\n    <td>Zaburzenia widzenia<\/td>\n    <td>Mo\u017cliwe w wielu zaka\u017ceniach, w tym toksokaroza, askarioza, toksoplazmoza, fasciolioza <\/td>\n  <\/tr>\n  <tr>\n    <td>Wybrzuszenie pod sk\u00f3r\u0105<\/td>\n    <td>Fascioliasis, ascariasis, t\u0119goryjec<\/td>\n  <\/tr>\n  <tr>\n    <td>Ataki padaczki, zaburzenia mowy, koordynacja chodu lub ruchu <\/td>\n    <td>Echinokokoza, toksoplazmoza, toksokaroza, w\u0105grzyca (tasiemiec wieprzowy)<\/td>\n  <\/tr>\n  <tr>\n    <td>Pojawienie si\u0119 krwi w moczu<\/td>\n    <td>Schistosomatoza<\/td>\n  <\/tr>\n  <tr>\n    <td>Wydalanie robak\u00f3w z ka\u0142em<\/td>\n    <td>Ascariasis (glista ludzka), owsica<\/td>\n  <\/tr>\n<\/table>\t\t\t\t<\/div>\n\t\t\t\t<\/div>\n\t\t\t\t<div class=\"elementor-element elementor-element-bc19926 elementor-widget__width-initial elementor-widget elementor-widget-image\" data-id=\"bc19926\" data-element_type=\"widget\" data-widget_type=\"image.default\">\n\t\t\t\t<div class=\"elementor-widget-container\">\n\t\t\t\t\t\t\t\t\t\t\t\t\t\t\t<img fetchpriority=\"high\" decoding=\"async\" width=\"300\" height=\"180\" src=\"https:\/\/zdrowiejoga.pl\/wp-content\/uploads\/2025\/06\/pasozyt-300x180.jpg\" class=\"attachment-medium size-medium wp-image-665\" alt=\"\" srcset=\"https:\/\/zdrowiejoga.pl\/wp-content\/uploads\/2025\/06\/pasozyt-300x180.jpg 300w, https:\/\/zdrowiejoga.pl\/wp-content\/uploads\/2025\/06\/pasozyt.jpg 700w\" sizes=\"(max-width: 300px) 100vw, 300px\" \/>\t\t\t\t\t\t\t\t\t\t\t\t\t\t\t<\/div>\n\t\t\t\t<\/div>\n\t\t\t\t<div class=\"elementor-element elementor-element-ce963c5 elementor-widget elementor-widget-text-editor\" data-id=\"ce963c5\" data-element_type=\"widget\" data-widget_type=\"text-editor.default\">\n\t\t\t\t<div class=\"elementor-widget-container\">\n\t\t\t\t\t\t\t\t\t<p><strong>Jak mo\u017cesz si\u0119 zarazi\u0107?<\/strong><\/p><p>Aby zmniejszy\u0107 ryzyko infekcji , wystarczy pami\u0119ta\u0107 o og\u00f3lnych sposobach przenoszenia infekcji paso\u017cytniczych i o tym, jak oprze\u0107 si\u0119 infekcji.<\/p><p><strong>1. Jedzenie nieumytych pokarm\u00f3w, picie brudnej wody<\/strong>.<\/p><p>Wiele zaka\u017ce\u0144, w tym giardiasis, askarioz\u0119, b\u0105blowic\u0119, t\u0119goryjce, przenosi si\u0119 przez produkty zanieczyszczone gleb\u0105 i wod\u0119.<\/p><p><strong>Jak si\u0119 chroni\u0107:<\/strong><\/p><ul class=\"wp-block-list\"><li>Dok\u0142adnie umy\u0107 owoce i warzywa przed jedzeniem.<\/li><li>Umy\u0107 r\u0119ce, szczeg\u00f3lnie po kontakcie z gleb\u0105.<\/li><li>Nigdy nie pij wody z nieznanych \u017ar\u00f3de\u0142.<\/li><li>Podczas podr\u00f3\u017cy (zw\u0142aszcza w krajach rozwijaj\u0105cych si\u0119) pij tylko wod\u0119 butelkowan\u0105.<\/li><\/ul><p>2. Jedzenie surowego lub na wp\u00f3\u0142 pieczonego mi\u0119sa lub ryby<\/p><p>Taka droga transmisyjna jest charakterystyczna dla w\u0142o\u015bnicy, torficy, zarazy mi\u0119\u015bniowej i innych infekcji.<\/p><p><strong>Jak si\u0119 chroni\u0107:<\/strong><\/p><ul class=\"wp-block-list\"><li>Nie jedz surowego mi\u0119sa ani ryb.<\/li><li>Dok\u0142adnie gotuj mi\u0119so i ryby.<\/li><\/ul><p><strong>3. Kontakt z zara\u017con\u0105 osob\u0105<\/strong><\/p><p>Taki mechanizm jest charakterystyczny dla owsicy. Najcz\u0119\u015bciej infekcja ta jest zainfekowana przez dzieci podczas gier z r\u00f3wie\u015bnikami w przedszkolu lub szkole.<\/p><p>Inn\u0105 infekcj\u0105 przenoszon\u0105 przez osoby zaka\u017cone jest w\u0105grzyca.<\/p><p><strong>Jak si\u0119 chroni\u0107:<\/strong><\/p><ul class=\"wp-block-list\"><li>My\u0107 r\u0119ce przed jedzeniem.<\/li><li>Podczas podr\u00f3\u017cy nie jedz surowej \u017cywno\u015bci przygotowanej przez innych ludzi. Na przyk\u0142ad obranych owoc\u00f3w.<\/li><\/ul><p><strong>4. Kontakt z zara\u017conymi zwierz\u0119tami ka\u0142em lub pch\u0142ami.<\/strong><\/p><p><strong>Jak si\u0119 chroni\u0107:<\/strong><\/p><ul class=\"wp-block-list\"><li>My\u0107 r\u0119ce po kontakcie ze zwierz\u0119tami lub gleb\u0105, kt\u00f3re mog\u0142y zosta\u0107 ska\u017cone odchodami.<\/li><li>Okresowo podawaj zwierz\u0119tom leki przeciwpaso\u017cytnicze i preparaty od pche\u0142.<\/li><\/ul><p><strong>5. Kontakt z zanieczyszczon\u0105 wod\u0105 i gleb\u0105.<\/strong><\/p><p>Niekt\u00f3re paso\u017cyty (na przyk\u0142ad bakterie kostniaki lub patogeny schistosomatozy) mog\u0105 przedosta\u0107 si\u0119 do organizmu przez sk\u00f3r\u0119 podczas k\u0105pieli lub chodzenia boso po ska\u017conej glebie.<\/p><p><strong>Jak si\u0119 chroni\u0107:<\/strong><\/p><ul class=\"wp-block-list\"><li>Podczas podr\u00f3\u017cy do kraj\u00f3w tropikalnych zawsze no\u015b buty.<\/li><li>Nigdy nie p\u0142ywa\u0107 w nieznanych wodach s\u0142odkich, kt\u00f3re mog\u0105 by\u0107 zanieczyszczone \u015bciekami.<\/li><\/ul><p><strong>Jak zrozumie\u0107, \u017ce masz paso\u017cyty?<\/strong><\/p><p>Nie ma analizy krwi lub ka\u0142u, aby zidentyfikowa\u0107 \u201ewszystkie paso\u017cyty na raz\u201d. Algorytmy do diagnozowania infekcji paso\u017cytniczych s\u0105 bardzo r\u00f3\u017cne. Odpowiedzi na podstawowe pytania dotycz\u0105ce zapobiegania, leczenia i diagnozowania zaka\u017ce\u0144 paso\u017cytniczych u dzieci i doros\u0142ych, i zawsze zale\u017c\u0105 od:<\/p><p>Jakie objawy niepokoj\u0105 osob\u0119?<\/p><p>Jakiego rodzaju zaka\u017cenie mo\u017ce by\u0107 zara\u017cony na podstawie warunk\u00f3w \u017cycia?<\/p><p>Je\u015bli dana osoba ma objaw, lekarz powinien wyeliminowa\u0107 wszystkie mo\u017cliwe przyczyny przed zdiagnozowaniem zaka\u017cenia paso\u017cytniczego.<\/p><p><strong>W celu ochrony przed skutkami infekcji paso\u017cytniczych, o wiele wa\u017cniejsze jest zapobieganie infekcji ni\u017c leczenie.<\/strong><\/p><p><strong>Je\u015bli dana osoba nadal kontaktuje si\u0119 ze \u017ar\u00f3d\u0142em zaka\u017cenia, efekt leczenia trwa tylko kilka dni lub tygodni. Ale je\u015bli kontakt si\u0119 zatrzyma, wielu paso\u017cyt\u00f3w umiera bez leczenia.<\/strong><\/p><p><strong>Czy mo\u017cna wyleczy\u0107 paso\u017cyty \u015brodkami naturalnymi?<\/strong><\/p><p><strong>Oczywi\u015bcie!<\/strong>\u00a0Istnieje wiele silnych \u015brodk\u00f3w naturalnych o dzia\u0142aniu przeciwpaso\u017cytniczym, kt\u00f3re dzia\u0142aj\u0105 szerzej ni\u017c leki farmaceutyczne m.in. czarny orzech, pio\u0142un, ekstrakt z go\u017adzika, pestki dyni i wiele innych. Bardzo skuteczny jest r\u00f3wnie\u017c biorezonans magnetyczny stosowany w naszym gabinecie.<\/p>\t\t\t\t\t\t\t\t<\/div>\n\t\t\t\t<\/div>\n\t\t<div class=\"elementor-element elementor-element-bf18663 e-con-full e-flex e-con e-child\" data-id=\"bf18663\" data-element_type=\"container\">\n\t\t\t\t<div class=\"elementor-element elementor-element-ada5467 elementor-align-right elementor-widget elementor-widget-button\" data-id=\"ada5467\" data-element_type=\"widget\" data-widget_type=\"button.default\">\n\t\t\t\t<div class=\"elementor-widget-container\">\n\t\t\t\t\t\t\t\t\t<div class=\"elementor-button-wrapper\">\n\t\t\t\t\t<a class=\"elementor-button elementor-button-link elementor-size-sm\" href=\"#\">\n\t\t\t\t\t\t<span class=\"elementor-button-content-wrapper\">\n\t\t\t\t\t\t\t\t\t<span class=\"elementor-button-text\">Dodaj komentarz<\/span>\n\t\t\t\t\t<\/span>\n\t\t\t\t\t<\/a>\n\t\t\t\t<\/div>\n\t\t\t\t\t\t\t\t<\/div>\n\t\t\t\t<\/div>\n\t\t\t\t<div class=\"elementor-element elementor-element-1ca18e1 elementor-button-info elementor-align-right elementor-widget elementor-widget-button\" data-id=\"1ca18e1\" data-element_type=\"widget\" data-widget_type=\"button.default\">\n\t\t\t\t<div class=\"elementor-widget-container\">\n\t\t\t\t\t\t\t\t\t<div class=\"elementor-button-wrapper\">\n\t\t\t\t\t<a class=\"elementor-button elementor-button-link elementor-size-sm\" href=\"https:\/\/zdrowiejoga.pl\/index.php\/artykuly\/\">\n\t\t\t\t\t\t<span class=\"elementor-button-content-wrapper\">\n\t\t\t\t\t\t\t\t\t<span class=\"elementor-button-text\">Wszystkie artyku\u0142y<\/span>\n\t\t\t\t\t<\/span>\n\t\t\t\t\t<\/a>\n\t\t\t\t<\/div>\n\t\t\t\t\t\t\t\t<\/div>\n\t\t\t\t<\/div>\n\t\t\t\t<\/div>\n\t\t\t\t<\/div>\n\t\t\t\t\t<\/div>\n\t\t\t\t<\/div>\n\t\t\t\t<\/div>\n\t\t","protected":false},"excerpt":{"rendered":"<p>Czy wszyscy mamy paso\u017cyty!? Jak to sprawdzi\u0107 ? 28.11.2019 przez webmaster Czym s\u0105 paso\u017cyty? Pierwsza rzecz, kt\u00f3r\u0105 musisz wiedzie\u0107: \u201epaso\u017cyty\u201d i \u201erobaki\u201d to nie jedna \u201echoroba\u201d jak np. angina, ale du\u017ca grupa bardzo r\u00f3\u017cnych infekcji. Charakterystyka og\u00f3lna paso\u017cyt\u00f3w:\u00a0\u00a0\u00a0\u00a0\u00a0\u00a0\u00a0\u00a0\u00a0 Wszystkie paso\u017cyty s\u0105 mniej lub bardziej przystosowane do \u017cycia wewn\u0105trz cz\u0142owieka. Nie przynosz\u0105 korzy\u015bci cz\u0142owiekowi, ale mog\u0105 [&hellip;]<\/p>\n","protected":false},"author":1,"featured_media":0,"parent":0,"menu_order":0,"comment_status":"closed","ping_status":"closed","template":"elementor_header_footer","meta":{"ocean_post_layout":"","ocean_both_sidebars_style":"","ocean_both_sidebars_content_width":0,"ocean_both_sidebars_sidebars_width":0,"ocean_sidebar":"","ocean_second_sidebar":"","ocean_disable_margins":"enable","ocean_add_body_class":"","ocean_shortcode_before_top_bar":"","ocean_shortcode_after_top_bar":"","ocean_shortcode_before_header":"","ocean_shortcode_after_header":"","ocean_has_shortcode":"","ocean_shortcode_after_title":"","ocean_shortcode_before_footer_widgets":"","ocean_shortcode_after_footer_widgets":"","ocean_shortcode_before_footer_bottom":"","ocean_shortcode_after_footer_bottom":"","ocean_display_top_bar":"default","ocean_display_header":"default","ocean_header_style":"","ocean_center_header_left_menu":"","ocean_custom_header_template":"","ocean_custom_logo":0,"ocean_custom_retina_logo":0,"ocean_custom_logo_max_width":0,"ocean_custom_logo_tablet_max_width":0,"ocean_custom_logo_mobile_max_width":0,"ocean_custom_logo_max_height":0,"ocean_custom_logo_tablet_max_height":0,"ocean_custom_logo_mobile_max_height":0,"ocean_header_custom_menu":"","ocean_menu_typo_font_family":"","ocean_menu_typo_font_subset":"","ocean_menu_typo_font_size":0,"ocean_menu_typo_font_size_tablet":0,"ocean_menu_typo_font_size_mobile":0,"ocean_menu_typo_font_size_unit":"px","ocean_menu_typo_font_weight":"","ocean_menu_typo_font_weight_tablet":"","ocean_menu_typo_font_weight_mobile":"","ocean_menu_typo_transform":"","ocean_menu_typo_transform_tablet":"","ocean_menu_typo_transform_mobile":"","ocean_menu_typo_line_height":0,"ocean_menu_typo_line_height_tablet":0,"ocean_menu_typo_line_height_mobile":0,"ocean_menu_typo_line_height_unit":"","ocean_menu_typo_spacing":0,"ocean_menu_typo_spacing_tablet":0,"ocean_menu_typo_spacing_mobile":0,"ocean_menu_typo_spacing_unit":"","ocean_menu_link_color":"","ocean_menu_link_color_hover":"","ocean_menu_link_color_active":"","ocean_menu_link_background":"","ocean_menu_link_hover_background":"","ocean_menu_link_active_background":"","ocean_menu_social_links_bg":"","ocean_menu_social_hover_links_bg":"","ocean_menu_social_links_color":"","ocean_menu_social_hover_links_color":"","ocean_disable_title":"default","ocean_disable_heading":"default","ocean_post_title":"","ocean_post_subheading":"","ocean_post_title_style":"","ocean_post_title_background_color":"","ocean_post_title_background":0,"ocean_post_title_bg_image_position":"","ocean_post_title_bg_image_attachment":"","ocean_post_title_bg_image_repeat":"","ocean_post_title_bg_image_size":"","ocean_post_title_height":0,"ocean_post_title_bg_overlay":0.5,"ocean_post_title_bg_overlay_color":"","ocean_disable_breadcrumbs":"default","ocean_breadcrumbs_color":"","ocean_breadcrumbs_separator_color":"","ocean_breadcrumbs_links_color":"","ocean_breadcrumbs_links_hover_color":"","ocean_display_footer_widgets":"default","ocean_display_footer_bottom":"default","ocean_custom_footer_template":"","footnotes":""},"class_list":["post-660","page","type-page","status-publish","hentry","entry"],"_links":{"self":[{"href":"https:\/\/zdrowiejoga.pl\/index.php\/wp-json\/wp\/v2\/pages\/660","targetHints":{"allow":["GET"]}}],"collection":[{"href":"https:\/\/zdrowiejoga.pl\/index.php\/wp-json\/wp\/v2\/pages"}],"about":[{"href":"https:\/\/zdrowiejoga.pl\/index.php\/wp-json\/wp\/v2\/types\/page"}],"author":[{"embeddable":true,"href":"https:\/\/zdrowiejoga.pl\/index.php\/wp-json\/wp\/v2\/users\/1"}],"replies":[{"embeddable":true,"href":"https:\/\/zdrowiejoga.pl\/index.php\/wp-json\/wp\/v2\/comments?post=660"}],"version-history":[{"count":28,"href":"https:\/\/zdrowiejoga.pl\/index.php\/wp-json\/wp\/v2\/pages\/660\/revisions"}],"predecessor-version":[{"id":2835,"href":"https:\/\/zdrowiejoga.pl\/index.php\/wp-json\/wp\/v2\/pages\/660\/revisions\/2835"}],"wp:attachment":[{"href":"https:\/\/zdrowiejoga.pl\/index.php\/wp-json\/wp\/v2\/media?parent=660"}],"curies":[{"name":"wp","href":"https:\/\/api.w.org\/{rel}","templated":true}]}}