{"id":646,"date":"2025-06-12T01:17:21","date_gmt":"2025-06-12T01:17:21","guid":{"rendered":"http:\/\/zdrowiejoga.pl\/?page_id=646"},"modified":"2025-07-13T14:24:57","modified_gmt":"2025-07-13T14:24:57","slug":"historia-hirudoterapii","status":"publish","type":"page","link":"https:\/\/zdrowiejoga.pl\/index.php\/historia-hirudoterapii\/","title":{"rendered":"Artyku\u0142y \u2014 Hirudoterapia"},"content":{"rendered":"\t\t<div data-elementor-type=\"wp-page\" data-elementor-id=\"646\" class=\"elementor elementor-646\">\n\t\t\t\t<div class=\"elementor-element elementor-element-ac28ff3 e-flex e-con-boxed e-con e-parent\" data-id=\"ac28ff3\" data-element_type=\"container\">\n\t\t\t\t\t<div class=\"e-con-inner\">\n\t\t<div class=\"elementor-element elementor-element-18738cc e-con-full e-flex e-con e-child\" data-id=\"18738cc\" data-element_type=\"container\" data-settings=\"{&quot;background_background&quot;:&quot;classic&quot;}\">\n\t\t\t\t<div class=\"elementor-element elementor-element-cdba04f elementor-widget elementor-widget-heading\" data-id=\"cdba04f\" data-element_type=\"widget\" data-widget_type=\"heading.default\">\n\t\t\t\t<div class=\"elementor-widget-container\">\n\t\t\t\t\t<h2 class=\"elementor-heading-title elementor-size-default\">Historia hirudoterapii<\/h2>\t\t\t\t<\/div>\n\t\t\t\t<\/div>\n\t\t\t\t<div class=\"elementor-element elementor-element-df577c1 elementor-widget elementor-widget-heading\" data-id=\"df577c1\" data-element_type=\"widget\" data-widget_type=\"heading.default\">\n\t\t\t\t<div class=\"elementor-widget-container\">\n\t\t\t\t\t<h2 class=\"elementor-heading-title elementor-size-default\">28.11.2019 przez webmaster<\/h2>\t\t\t\t<\/div>\n\t\t\t\t<\/div>\n\t\t\t\t<div class=\"elementor-element elementor-element-cd60421 elementor-widget__width-initial elementor-widget elementor-widget-image\" data-id=\"cd60421\" data-element_type=\"widget\" data-widget_type=\"image.default\">\n\t\t\t\t<div class=\"elementor-widget-container\">\n\t\t\t\t\t\t\t\t\t\t\t\t\t\t\t<img fetchpriority=\"high\" decoding=\"async\" width=\"277\" height=\"300\" src=\"https:\/\/zdrowiejoga.pl\/wp-content\/uploads\/2025\/06\/pij-277x300.jpg\" class=\"attachment-medium size-medium wp-image-525\" alt=\"\" srcset=\"https:\/\/zdrowiejoga.pl\/wp-content\/uploads\/2025\/06\/pij-277x300.jpg 277w, https:\/\/zdrowiejoga.pl\/wp-content\/uploads\/2025\/06\/pij.jpg 331w\" sizes=\"(max-width: 277px) 100vw, 277px\" \/>\t\t\t\t\t\t\t\t\t\t\t\t\t\t\t<\/div>\n\t\t\t\t<\/div>\n\t\t\t\t<div class=\"elementor-element elementor-element-6faaf17 elementor-widget elementor-widget-text-editor\" data-id=\"6faaf17\" data-element_type=\"widget\" data-widget_type=\"text-editor.default\">\n\t\t\t\t<div class=\"elementor-widget-container\">\n\t\t\t\t\t\t\t\t\t<p>Historia u\u017cywania pijawek w celach leczniczych ma ponad dwa tysi\u0105ce lat. Informacje na temat ich u\u017cywania do cel\u00f3w leczniczych znajduj\u0105 si\u0119 w \u015bwi\u0119tych ksi\u0119gach r\u00f3\u017cnych religii \u2013 w Biblii i Koranie. Ten ma\u0142y krwiopijca ratowa\u0142 od wysokiego ci\u015bnienia krwi, b\u00f3lu g\u0142owy i innych dolegliwo\u015bci egipskich faraon\u00f3w.<\/p>\t\t\t\t\t\t\t\t<\/div>\n\t\t\t\t<\/div>\n\t\t\t\t<div class=\"elementor-element elementor-element-da0aa48 elementor-widget__width-initial elementor-widget elementor-widget-image\" data-id=\"da0aa48\" data-element_type=\"widget\" data-widget_type=\"image.default\">\n\t\t\t\t<div class=\"elementor-widget-container\">\n\t\t\t\t\t\t\t\t\t\t\t\t\t\t\t<img decoding=\"async\" width=\"300\" height=\"203\" src=\"https:\/\/zdrowiejoga.pl\/wp-content\/uploads\/2025\/06\/hirudoterapia01-300x203.jpg\" class=\"attachment-medium size-medium wp-image-650\" alt=\"\" srcset=\"https:\/\/zdrowiejoga.pl\/wp-content\/uploads\/2025\/06\/hirudoterapia01-300x203.jpg 300w, https:\/\/zdrowiejoga.pl\/wp-content\/uploads\/2025\/06\/hirudoterapia01.jpg 370w\" sizes=\"(max-width: 300px) 100vw, 300px\" \/>\t\t\t\t\t\t\t\t\t\t\t\t\t\t\t<\/div>\n\t\t\t\t<\/div>\n\t\t\t\t<div class=\"elementor-element elementor-element-2d9de24 elementor-widget elementor-widget-text-editor\" data-id=\"2d9de24\" data-element_type=\"widget\" data-widget_type=\"text-editor.default\">\n\t\t\t\t<div class=\"elementor-widget-container\">\n\t\t\t\t\t\t\t\t\t<p>Legenda g\u0142osi, \u017ce egipska kr\u00f3lowa Kleopatra mog\u0142a zaj\u015b\u0107 w ci\u0105\u017c\u0119 tylko przez pijawki. Urodzenie spadkobiercy Juliusza Cezara by\u0142o spraw\u0105 honoru, ale ani najlepszy egipski uczony, ani ludowe lekarstwo nie uratowa\u0142o kr\u00f3lowej przed niep\u0142odno\u015bci\u0105. Zrozpaczona wys\u0142ucha\u0142a rady nieznanego doktora Klemensa, kt\u00f3ry poleci\u0142 jej, by u\u017cy\u0142a pijawki. W ci\u0105gu zaledwie kilku sesji kr\u00f3lowa poczu\u0142a, \u017ce spodziewa si\u0119 dziecka. W dow\u00f3d wdzi\u0119czno\u015bci za ten czyn obraz pijawek pojawi\u0142 si\u0119 na \u015bcianach grobowc\u00f3w egipskich faraon\u00f3w.<\/p><p>Przodkiem metody terapeutycznej, zwanej hirudoterapi\u0105, jest grecki poeta Nikandrom z Kolofonu (Nikandros), kt\u00f3ry w II wieku p.n.e. wraz ze stosowaniem uk\u0105sze\u0144 w\u0119\u017cy i owad\u00f3w, po raz pierwszy opisa\u0142 korzystne w\u0142a\u015bciwo\u015bci pijawki. Nazwa metody pochodzi od \u0142aci\u0144skiego s\u0142owa Hirudina, co oznacza \u201epijawka\u201d. Pierwsze techniki hirudoterapii zosta\u0142y opisane przez Galen (130-200) i Avicenium (980-1037).<\/p>\t\t\t\t\t\t\t\t<\/div>\n\t\t\t\t<\/div>\n\t\t\t\t<div class=\"elementor-element elementor-element-7ef9866 elementor-widget__width-initial elementor-widget elementor-widget-image\" data-id=\"7ef9866\" data-element_type=\"widget\" data-widget_type=\"image.default\">\n\t\t\t\t<div class=\"elementor-widget-container\">\n\t\t\t\t\t\t\t\t\t\t\t\t\t\t\t<img decoding=\"async\" width=\"300\" height=\"237\" src=\"https:\/\/zdrowiejoga.pl\/wp-content\/uploads\/2025\/06\/pij-2-300x237.gif\" class=\"attachment-medium size-medium wp-image-649\" alt=\"\" srcset=\"https:\/\/zdrowiejoga.pl\/wp-content\/uploads\/2025\/06\/pij-2-300x237.gif 300w, https:\/\/zdrowiejoga.pl\/wp-content\/uploads\/2025\/06\/pij-2.gif 354w\" sizes=\"(max-width: 300px) 100vw, 300px\" \/>\t\t\t\t\t\t\t\t\t\t\t\t\t\t\t<\/div>\n\t\t\t\t<\/div>\n\t\t\t\t<div class=\"elementor-element elementor-element-42f885b elementor-widget elementor-widget-text-editor\" data-id=\"42f885b\" data-element_type=\"widget\" data-widget_type=\"text-editor.default\">\n\t\t\t\t<div class=\"elementor-widget-container\">\n\t\t\t\t\t\t\t\t\t<p>W \u015bredniowieczu w Europie leczenie pijawek sta\u0142o si\u0119 oficjalnie uznan\u0105 metod\u0105 i zyska\u0142o ogromn\u0105 popularno\u015b\u0107. Pijawki sprzedawano wsz\u0119dzie, lekarze przepisywali je dos\u0142ownie na wszystkie choroby, a czasami przypisywali nie do pomy\u015blenia \u201edawki\u201d \u2013 do 200 pijawek na sesj\u0119! Takie nadu\u017cywanie leczenia bardzo zaszkodzi\u0142o reputacji pijawek, a ich skuteczno\u015b\u0107 zacz\u0119\u0142a by\u0107 kwestionowana.<\/p><p>Jednak hirudoterapia osi\u0105gn\u0119\u0142a szczyt pod koniec XVIII \u2013 XIX na pocz\u0105tku wieku. Przy pomocy pijawek leczono prawie ka\u017cd\u0105 chorob\u0119, co doprowadzi\u0142o do powstania hodowli pijawek w wielu krajach europejskich. Hirudoterapia najpopularniejsza sta\u0142a si\u0119 we Francji, kt\u00f3ra p\u00f3\u017aniej zacz\u0119\u0142a eksportowa\u0107 pijawki do Anglii. Z zapis\u00f3w Napoleona wiadomo, \u017ce tylko sze\u015b\u0107 milion\u00f3w pijawek zosta\u0142o przywiezionych z W\u0119gier w ci\u0105gu roku w celu leczenia \u017co\u0142nierzy jego armii.<\/p><p>W Rosji terapia pijawkami sta\u0142a si\u0119 bardzo popularna dzi\u0119ki znakomitym lekarzom Pirogova, Mudrova, Zakharin. N.I. Pirogov (1816-1881) uog\u00f3lniaj\u0105c obserwacje praktyki wojskowej w okresie wojny krymskiej i wyprawy kaukaskiej zauwa\u017cy\u0142: \u201eU\u017cy\u0142em od 100 do 200 pijawek. Nawet w prostych z\u0142amaniach.\u201d G.A. Zakharin (1829-1987) podczas swojej 45-letniej pracy praktycznej wykorzystywa\u0142 pijawki do r\u00f3\u017cnych chor\u00f3b, w tym do leczenia rodziny kr\u00f3lewskiej. W swoim wyk\u0142adzie GA. Zakharin opowiedzia\u0142 o przypadku, kiedy jeden pacjent krwawi\u0142 przez kilka dni i \u017cadnym lekiem nie da\u0142o si\u0119 zatrzyma\u0107 krwotoku (krwawienie z nosa by\u0142o spowodowane zak\u0142\u00f3ceniem cyklu miesi\u0105czkowego). Jednak krew natychmiast przesta\u0142a lecie\u0107, gdy tylko dostarczono pijawki.<\/p><p>Po\u0142awianie pijawek w Europie osi\u0105gn\u0119\u0142o takie rozmiary, \u017ce wkr\u00f3tce liczba tych cennych stworze\u0144 w przyrodzie znacznie zmala\u0142a. Stawy, niegdy\u015b roj\u0105ce si\u0119 od pijawek, zosta\u0142y opr\u00f3\u017cnione. Nast\u0119pnie europejscy przedsi\u0119biorcy zacz\u0119li wynajmowa\u0107 ca\u0142e ziemie w Rosji, \u0142apa\u0107 pijawki i wysy\u0142a\u0107 je za granic\u0119. Eksport pijawek przyni\u00f3s\u0142 roczny doch\u00f3d w wysoko\u015bci ponad 6 milion\u00f3w rubli w srebrze, co jest do\u015b\u0107 por\u00f3wnywalne z eksportem zbo\u017ca. Je\u015bli we\u017amiesz pod uwag\u0119, \u017ce krowa mo\u017ce by\u0107 kupiona za jedyne 3 ruble, staje si\u0119 jasne, jaki zasi\u0119g osi\u0105gn\u0105\u0142 handel pijawkami.<\/p>\t\t\t\t\t\t\t\t<\/div>\n\t\t\t\t<\/div>\n\t\t\t\t<div class=\"elementor-element elementor-element-ac2c8bc elementor-widget__width-initial elementor-widget elementor-widget-image\" data-id=\"ac2c8bc\" data-element_type=\"widget\" data-widget_type=\"image.default\">\n\t\t\t\t<div class=\"elementor-widget-container\">\n\t\t\t\t\t\t\t\t\t\t\t\t\t\t\t<img loading=\"lazy\" decoding=\"async\" width=\"282\" height=\"300\" src=\"https:\/\/zdrowiejoga.pl\/wp-content\/uploads\/2025\/06\/pij3-282x300.jpg\" class=\"attachment-medium size-medium wp-image-648\" alt=\"\" srcset=\"https:\/\/zdrowiejoga.pl\/wp-content\/uploads\/2025\/06\/pij3-282x300.jpg 282w, https:\/\/zdrowiejoga.pl\/wp-content\/uploads\/2025\/06\/pij3.jpg 340w\" sizes=\"(max-width: 282px) 100vw, 282px\" \/>\t\t\t\t\t\t\t\t\t\t\t\t\t\t\t<\/div>\n\t\t\t\t<\/div>\n\t\t\t\t<div class=\"elementor-element elementor-element-a721fa8 elementor-widget elementor-widget-text-editor\" data-id=\"a721fa8\" data-element_type=\"widget\" data-widget_type=\"text-editor.default\">\n\t\t\t\t<div class=\"elementor-widget-container\">\n\t\t\t\t\t\t\t\t\t<p>W 1850 r. W\u0142adze rosyjskie po\u0142o\u017cy\u0142y kres wy\u0142awianiu pijawek, zakazuj\u0105c ich po\u0142ow\u00f3w i wywozu, i wyda\u0142y dekret o tworzeniu specjalnych szk\u00f3\u0142ek do hodowli pijawek.<br \/>Pierwsza hodowla pijawek pojawi\u0142a si\u0119 w Moskwie na pocz\u0105tku XIX wieku. Wyhodowano w niej oko\u0142o 700 tysi\u0119cy pijawek, kt\u00f3re cieszy\u0142y si\u0119 ogromnym zainteresowaniem nie tylko w\u015br\u00f3d lekarzy, ale tak\u017ce w\u015br\u00f3d os\u00f3b o innych specjalno\u015bciach. Nawet fryzjerzy i sklepikarze trzymali pijawki we w\u0142asnych zak\u0142adach i, je\u015bli to konieczne, przekazywali je potrzebuj\u0105cym. Oczywi\u015bcie ka\u017cdy szanuj\u0105cy si\u0119 lekarz zawsze nosi\u0142 ze sob\u0105 s\u0142oik pijawek. W tamtych czasach \u201euwalnianie z\u0142ej krwi\u201d oznacza\u0142o u\u015bmierzanie b\u00f3lu i cierpienia, odm\u0142adzanie cia\u0142a i wprowadzanie do niego \u015bwie\u017cej energii. Dlatego upuszczanie krwi uwa\u017cano za jedyn\u0105 korzy\u015b\u0107 \u017cywego uzdrowiciela. Na pocz\u0105tku XIX wieku w Rosji u\u017cywano oko\u0142o 30 milion\u00f3w pijawek rocznie. Nie by\u0142o ani jednej apteki, gdzie nie mo\u017cna by\u0142o kupi\u0107 pijawek.<\/p><p>Wraz z rozwojem nauki i przemys\u0142u medycznego stopniowo zacz\u0119\u0142y zanika\u0107 potrzeby na pijawki. Pojawi\u0142y si\u0119 silne leki, antybiotyki, pozwalaj\u0105ce szybko niszczy\u0107 bakterie, radzi\u0107 sobie z infekcjami. Dlatego na pocz\u0105tku XX wieku, po Rewolucji Pa\u017adziernikowej, zainteresowanie hirudoterapi\u0105 znacznie os\u0142ab\u0142o.<br \/>Zainteresowanie pijawkami rozgorza\u0142o z now\u0105 energi\u0105 dopiero w latach dziewi\u0119\u0107dziesi\u0105tych. Zosta\u0142o to znacznie u\u0142atwione przez pojawienie si\u0119 nowych, wcze\u015bniej nieznanych danych naukowych, pokazuj\u0105c, \u017ce efekt pijawek nie ogranicza si\u0119 do jednego upuszczania krwi. Odkrycie w wydzielinie gruczo\u0142\u00f3w \u015blinowych pijawki lekarskiej zawieraj\u0105cej ponad 15 substancji biologicznie czynnych o wyj\u0105tkowym dzia\u0142aniu leczniczym wywo\u0142a\u0142o furor\u0119 w \u015bwiecie medycyny. Naukowcy wci\u0105\u017c nie s\u0105 w stanie sztucznie uzyska\u0107 takich naturalnych zwi\u0105zk\u00f3w. Setki milion\u00f3w dolar\u00f3w przeznacza si\u0119 na prac\u0119 w USA, Izraelu i Anglii, ale nawet przy pomocy in\u017cynierii genetycznej ten problem nie zosta\u0142 jeszcze rozwi\u0105zany.<\/p><p>Obecnie metody hirudoterapii stosowane s\u0105 nie tylko w medycynie ludowej, ale tak\u017ce w oficjalnej medycynie. Lekarze w Ameryce i Europie aktywnie u\u017cywaj\u0105 pijawek w praktyce okulistycznej i chirurgii plastycznej, a chi\u0144scy lekarze lecz\u0105 mia\u017cd\u017cyc\u0119 za pomoc\u0105 hirudotherapii. W Rosji pijawki s\u0105 stosowane w leczeniu i zapobieganiu wielu chorobom, g\u0142\u00f3wnie niezaka\u017anym. Lekarze stosuj\u0105 terapi\u0119 pijawek wraz z fitoterapi\u0105 i refleksologi\u0105.<\/p><p>W naszych gabinetach, r\u00f3wnie\u017c stosujemy zabiegi hirudoterapii w leczeniu kompleksowym wraz z m.in. masa\u017cami leczniczymi, akupunktur\u0105 oraz refleksologi\u0105. Leczenie te przynosi niesamowity rezultaty w po\u0142\u0105czeniu z odpowiedni\u0105 diet\u0105 i suplementacj\u0105 zio\u0142ami. W naszych gabinetach w Warszawie i Ostro\u0142\u0119ce zajmujemy si\u0119 leczeniem chor\u00f3b ka\u017cdego uk\u0142adu cia\u0142a i serdecznie zapraszamy do kontaktu z nami w celu zapytania o dan\u0105 dolegliwo\u015b\u0107, poniewa\u017c spis chor\u00f3b w kt\u00f3rych pomagamy jest bardzo szeroki. Kilka przyk\u0142ad\u00f3w wyleczonych przez nas dolegliwo\u015bci mo\u017cna zobaczy\u0107 w zak\u0142adce: Wyleczone przypadki.<br \/>Serdecznie zapraszamy do naszych gabinet\u00f3w!<\/p>\t\t\t\t\t\t\t\t<\/div>\n\t\t\t\t<\/div>\n\t\t<div class=\"elementor-element elementor-element-73c93fa e-con-full e-flex e-con e-child\" data-id=\"73c93fa\" data-element_type=\"container\">\n\t\t\t\t<div class=\"elementor-element elementor-element-ee01d9e elementor-align-right elementor-widget elementor-widget-button\" data-id=\"ee01d9e\" data-element_type=\"widget\" data-widget_type=\"button.default\">\n\t\t\t\t<div class=\"elementor-widget-container\">\n\t\t\t\t\t\t\t\t\t<div class=\"elementor-button-wrapper\">\n\t\t\t\t\t<a class=\"elementor-button elementor-button-link elementor-size-sm\" href=\"#\">\n\t\t\t\t\t\t<span class=\"elementor-button-content-wrapper\">\n\t\t\t\t\t\t\t\t\t<span class=\"elementor-button-text\">Dodaj komentarz<\/span>\n\t\t\t\t\t<\/span>\n\t\t\t\t\t<\/a>\n\t\t\t\t<\/div>\n\t\t\t\t\t\t\t\t<\/div>\n\t\t\t\t<\/div>\n\t\t\t\t<div class=\"elementor-element elementor-element-3ea0f14 elementor-button-info elementor-align-right elementor-widget elementor-widget-button\" data-id=\"3ea0f14\" data-element_type=\"widget\" data-widget_type=\"button.default\">\n\t\t\t\t<div class=\"elementor-widget-container\">\n\t\t\t\t\t\t\t\t\t<div class=\"elementor-button-wrapper\">\n\t\t\t\t\t<a class=\"elementor-button elementor-button-link elementor-size-sm\" href=\"https:\/\/zdrowiejoga.pl\/index.php\/artykuly\/\">\n\t\t\t\t\t\t<span class=\"elementor-button-content-wrapper\">\n\t\t\t\t\t\t\t\t\t<span class=\"elementor-button-text\">Wszystkie artyku\u0142y<\/span>\n\t\t\t\t\t<\/span>\n\t\t\t\t\t<\/a>\n\t\t\t\t<\/div>\n\t\t\t\t\t\t\t\t<\/div>\n\t\t\t\t<\/div>\n\t\t\t\t<\/div>\n\t\t\t\t<\/div>\n\t\t\t\t\t<\/div>\n\t\t\t\t<\/div>\n\t\t\t\t<\/div>\n\t\t","protected":false},"excerpt":{"rendered":"<p>Historia hirudoterapii 28.11.2019 przez webmaster Historia u\u017cywania pijawek w celach leczniczych ma ponad dwa tysi\u0105ce lat. Informacje na temat ich u\u017cywania do cel\u00f3w leczniczych znajduj\u0105 si\u0119 w \u015bwi\u0119tych ksi\u0119gach r\u00f3\u017cnych religii \u2013 w Biblii i Koranie. Ten ma\u0142y krwiopijca ratowa\u0142 od wysokiego ci\u015bnienia krwi, b\u00f3lu g\u0142owy i innych dolegliwo\u015bci egipskich faraon\u00f3w. Legenda g\u0142osi, \u017ce egipska [&hellip;]<\/p>\n","protected":false},"author":1,"featured_media":0,"parent":0,"menu_order":0,"comment_status":"closed","ping_status":"closed","template":"elementor_header_footer","meta":{"ocean_post_layout":"","ocean_both_sidebars_style":"","ocean_both_sidebars_content_width":0,"ocean_both_sidebars_sidebars_width":0,"ocean_sidebar":"","ocean_second_sidebar":"","ocean_disable_margins":"enable","ocean_add_body_class":"","ocean_shortcode_before_top_bar":"","ocean_shortcode_after_top_bar":"","ocean_shortcode_before_header":"","ocean_shortcode_after_header":"","ocean_has_shortcode":"","ocean_shortcode_after_title":"","ocean_shortcode_before_footer_widgets":"","ocean_shortcode_after_footer_widgets":"","ocean_shortcode_before_footer_bottom":"","ocean_shortcode_after_footer_bottom":"","ocean_display_top_bar":"default","ocean_display_header":"default","ocean_header_style":"","ocean_center_header_left_menu":"","ocean_custom_header_template":"","ocean_custom_logo":0,"ocean_custom_retina_logo":0,"ocean_custom_logo_max_width":0,"ocean_custom_logo_tablet_max_width":0,"ocean_custom_logo_mobile_max_width":0,"ocean_custom_logo_max_height":0,"ocean_custom_logo_tablet_max_height":0,"ocean_custom_logo_mobile_max_height":0,"ocean_header_custom_menu":"","ocean_menu_typo_font_family":"","ocean_menu_typo_font_subset":"","ocean_menu_typo_font_size":0,"ocean_menu_typo_font_size_tablet":0,"ocean_menu_typo_font_size_mobile":0,"ocean_menu_typo_font_size_unit":"px","ocean_menu_typo_font_weight":"","ocean_menu_typo_font_weight_tablet":"","ocean_menu_typo_font_weight_mobile":"","ocean_menu_typo_transform":"","ocean_menu_typo_transform_tablet":"","ocean_menu_typo_transform_mobile":"","ocean_menu_typo_line_height":0,"ocean_menu_typo_line_height_tablet":0,"ocean_menu_typo_line_height_mobile":0,"ocean_menu_typo_line_height_unit":"","ocean_menu_typo_spacing":0,"ocean_menu_typo_spacing_tablet":0,"ocean_menu_typo_spacing_mobile":0,"ocean_menu_typo_spacing_unit":"","ocean_menu_link_color":"","ocean_menu_link_color_hover":"","ocean_menu_link_color_active":"","ocean_menu_link_background":"","ocean_menu_link_hover_background":"","ocean_menu_link_active_background":"","ocean_menu_social_links_bg":"","ocean_menu_social_hover_links_bg":"","ocean_menu_social_links_color":"","ocean_menu_social_hover_links_color":"","ocean_disable_title":"default","ocean_disable_heading":"default","ocean_post_title":"","ocean_post_subheading":"","ocean_post_title_style":"","ocean_post_title_background_color":"","ocean_post_title_background":0,"ocean_post_title_bg_image_position":"","ocean_post_title_bg_image_attachment":"","ocean_post_title_bg_image_repeat":"","ocean_post_title_bg_image_size":"","ocean_post_title_height":0,"ocean_post_title_bg_overlay":0.5,"ocean_post_title_bg_overlay_color":"","ocean_disable_breadcrumbs":"default","ocean_breadcrumbs_color":"","ocean_breadcrumbs_separator_color":"","ocean_breadcrumbs_links_color":"","ocean_breadcrumbs_links_hover_color":"","ocean_display_footer_widgets":"default","ocean_display_footer_bottom":"default","ocean_custom_footer_template":"","footnotes":""},"class_list":["post-646","page","type-page","status-publish","hentry","entry"],"_links":{"self":[{"href":"https:\/\/zdrowiejoga.pl\/index.php\/wp-json\/wp\/v2\/pages\/646","targetHints":{"allow":["GET"]}}],"collection":[{"href":"https:\/\/zdrowiejoga.pl\/index.php\/wp-json\/wp\/v2\/pages"}],"about":[{"href":"https:\/\/zdrowiejoga.pl\/index.php\/wp-json\/wp\/v2\/types\/page"}],"author":[{"embeddable":true,"href":"https:\/\/zdrowiejoga.pl\/index.php\/wp-json\/wp\/v2\/users\/1"}],"replies":[{"embeddable":true,"href":"https:\/\/zdrowiejoga.pl\/index.php\/wp-json\/wp\/v2\/comments?post=646"}],"version-history":[{"count":22,"href":"https:\/\/zdrowiejoga.pl\/index.php\/wp-json\/wp\/v2\/pages\/646\/revisions"}],"predecessor-version":[{"id":2832,"href":"https:\/\/zdrowiejoga.pl\/index.php\/wp-json\/wp\/v2\/pages\/646\/revisions\/2832"}],"wp:attachment":[{"href":"https:\/\/zdrowiejoga.pl\/index.php\/wp-json\/wp\/v2\/media?parent=646"}],"curies":[{"name":"wp","href":"https:\/\/api.w.org\/{rel}","templated":true}]}}