{"id":627,"date":"2025-06-12T00:51:35","date_gmt":"2025-06-12T00:51:35","guid":{"rendered":"http:\/\/zdrowiejoga.pl\/?page_id=627"},"modified":"2025-07-13T14:25:42","modified_gmt":"2025-07-13T14:25:42","slug":"przyprawy-sila-natury","status":"publish","type":"page","link":"https:\/\/zdrowiejoga.pl\/index.php\/przyprawy-sila-natury\/","title":{"rendered":"Artyku\u0142y \u2014 PRZYPRAWY"},"content":{"rendered":"\t\t<div data-elementor-type=\"wp-page\" data-elementor-id=\"627\" class=\"elementor elementor-627\">\n\t\t\t\t<div class=\"elementor-element elementor-element-53129d8 e-flex e-con-boxed e-con e-parent\" data-id=\"53129d8\" data-element_type=\"container\">\n\t\t\t\t\t<div class=\"e-con-inner\">\n\t\t<div class=\"elementor-element elementor-element-e5ed70f e-con-full e-flex e-con e-child\" data-id=\"e5ed70f\" data-element_type=\"container\" data-settings=\"{&quot;background_background&quot;:&quot;classic&quot;}\">\n\t\t\t\t<div class=\"elementor-element elementor-element-798ebb9 elementor-widget elementor-widget-heading\" data-id=\"798ebb9\" data-element_type=\"widget\" data-widget_type=\"heading.default\">\n\t\t\t\t<div class=\"elementor-widget-container\">\n\t\t\t\t\t<h2 class=\"elementor-heading-title elementor-size-default\">PRZYPRAWY SI\u0141A NATURY<\/h2>\t\t\t\t<\/div>\n\t\t\t\t<\/div>\n\t\t\t\t<div class=\"elementor-element elementor-element-6b753fe elementor-widget elementor-widget-heading\" data-id=\"6b753fe\" data-element_type=\"widget\" data-widget_type=\"heading.default\">\n\t\t\t\t<div class=\"elementor-widget-container\">\n\t\t\t\t\t<h2 class=\"elementor-heading-title elementor-size-default\">28.11.2019 przez webmaster<\/h2>\t\t\t\t<\/div>\n\t\t\t\t<\/div>\n\t\t\t\t<div class=\"elementor-element elementor-element-fbe22b1 elementor-widget__width-initial elementor-widget elementor-widget-image\" data-id=\"fbe22b1\" data-element_type=\"widget\" data-widget_type=\"image.default\">\n\t\t\t\t<div class=\"elementor-widget-container\">\n\t\t\t\t\t\t\t\t\t\t\t\t\t\t\t<img decoding=\"async\" width=\"300\" height=\"145\" src=\"https:\/\/zdrowiejoga.pl\/wp-content\/uploads\/2025\/06\/przyprawy-1-300x145.jpg\" class=\"attachment-medium size-medium wp-image-522\" alt=\"\" srcset=\"https:\/\/zdrowiejoga.pl\/wp-content\/uploads\/2025\/06\/przyprawy-1-300x145.jpg 300w, https:\/\/zdrowiejoga.pl\/wp-content\/uploads\/2025\/06\/przyprawy-1.jpg 558w\" sizes=\"(max-width: 300px) 100vw, 300px\" \/>\t\t\t\t\t\t\t\t\t\t\t\t\t\t\t<\/div>\n\t\t\t\t<\/div>\n\t\t\t\t<div class=\"elementor-element elementor-element-6145650 elementor-widget elementor-widget-text-editor\" data-id=\"6145650\" data-element_type=\"widget\" data-widget_type=\"text-editor.default\">\n\t\t\t\t<div class=\"elementor-widget-container\">\n\t\t\t\t\t\t\t\t\t<p>Przyprawy od stuleci znajduj\u0105 swoje miejsce w kuchniach ca\u0142ego \u015bwiata, przede wszystkim ze wzgl\u0119du na wyj\u0105tkowy smak, kt\u00f3ry nadaj\u0105 nawet najprostszym potrawom. Sprawiaj\u0105, \u017ce posi\u0142ek jest nie tylko smaczny, ale i \u0142atwiej strawny.<\/p><p>Opr\u00f3cz w\u0142a\u015bciwo\u015bci smakowych posiadaj\u0105 te\u017c silne w\u0142a\u015bciwo\u015bci trawienno \u2013 lecznicze.<br \/>Przyprawy odpowiednio przygotowane i zastosowane s\u0105 r\u00f3wnie silnym lekarstwem jak te\u00a0 farmakologiczne, a dzi\u0119ki temu lepszym, gdy\u017c nie wyniszczaj\u0105 organizmu. Wiele z przypraw ma szczeg\u00f3lnie du\u017c\u0105 moc dzia\u0142ania, poni\u017cej wymienimy kilka z nich, kt\u00f3re stosujemy na co dzie\u0144 w naszej kuchni jako dodatek do obiadu czy deseru.<\/p><p><strong>Cynamon<\/strong>: gra istotn\u0105 rol\u0119 w regulacji poziomu cukru we krwi, jest to szczeg\u00f3lnie wa\u017cne dla diabetyk\u00f3w i odchudzaj\u0105cych si\u0119. Badania udowodni\u0142y, \u017ce codzienne przyjmowanie wi\u0119kszej ilo\u015bci cynamonu pomaga zredukowa\u0107 poziom glukozy, tr\u00f3jgliceryd\u00f3w z\u0142ego cholesterolu przy cukrzycy typu II.<\/p><p><strong>Kurkuma<\/strong>: jej weso\u0142y \u017c\u00f3\u0142ty kolor pochodzi od substancji zwanej kurkumin\u0105, kt\u00f3ra zwalcza kom\u00f3rki rakowe, pomaga przy redukcji nadwagi i leczeniu chor\u00f3b metabolicznych. Naukowcy wytworzyli z kurkuminy now\u0105 moleku\u0142\u0119 zwan\u0105 CNB-001, kt\u00f3ra pomaga chroni\u0107 i przywraca\u0107 funkcjonalno\u015b\u0107 kom\u00f3rkom m\u00f3zgu uszkodzonym przez wylew.<\/p><p><strong>Imbir:\u00a0<\/strong>zawiera ponad 50 r\u00f3\u017cnych antyoksydant\u00f3w! Pomaga na kr\u0105\u017cenie i problemy trawienne. Imbir pomocny jest w leczeniu zatru\u0107 pokarmowych, obni\u017ca cholesterol, pomaga chorym na zapalenie staw\u00f3w i cukrzyc\u0119, ma dzia\u0142anie przeciwzapalne.<\/p><p><strong>Gorczyca<\/strong>: zawarty w niej zwi\u0105zek AITC znany jest ze swoich w\u0142a\u015bciwo\u015bci antyrakowych. Wyst\u0119puje on r\u00f3wnie\u017c w chrzanie i wasabi. Badania wykaza\u0142y, \u017ce AITC spowolni\u0142 wzrost kom\u00f3rek raka p\u0119cherza moczowego 33%.<\/p><p><strong>Go\u017adziki:\u00a0<\/strong>Bogate w antyoksydanty, przez wieki u\u017cywane w leczeniu b\u00f3lu z\u0119b\u00f3w i dzi\u0105se\u0142. Pomocne przy przezi\u0119bieniach i alergiach. Olejek go\u017adzikowy jest u\u017cywany jako czynnik antyseptyczny w naturalnych p\u0142ynach do p\u0142ukania jamy ustnej.<\/p><p>I jeszcze wiele innych przypraw, kt\u00f3re kryj\u0105 w sobie wewn\u0119trzn\u0105 moc uzdrawiania.<\/p><p>Z przypraw mo\u017cna robi\u0107\u00a0<strong>niesko\u0144czon\u0105 liczb\u0119 i rodzaj\u00f3w ma\u015bci oraz past<\/strong>\u00a0na r\u00f3\u017cne dolegliwo\u015bci zdrowotne np. migreny, wysypki, kontuzje itd.<br \/>Szczeg\u00f3lnym specyfikiem jest\u00a0<strong>Z\u0141OTE MLEKO<\/strong>, kt\u00f3re ma wiele efekt\u00f3w i zastosowa\u0144.\u00a0Dzia\u0142a anty-nowotworowo, wzmacniaj\u0105co, przeciwzapalnie i przeciwdepresyjnie. Z dodatkiem korzenia imbiru ma dzia\u0142anie rozgrzewaj\u0105ce i jest genialne na wszelkie przezi\u0119bienia czy wych\u0142odzenie organizmu. Z\u0142ote mleko jest idealne nie tylko na infekcje, ale r\u00f3wnie\u017c dzia\u0142a wspomagaj\u0105co na wzmocnienie organizmu, popraw\u0119 samopoczucia oraz\u2026 nastroju!<\/p><p>Prostym i szczeg\u00f3lnie \u0142atwym do przygotowania na co dzie\u0144 s\u0105\u00a0<strong>herbatki zio\u0142owe<\/strong>\u00a0np. z imbiru czy kozieradki.\u00a0Picie zio\u0142owych herbatek mo\u017ce pom\u00f3c nam walczy\u0107 z niekt\u00f3rymi dolegliwo\u015bciami. Wspomagaj\u0105 odchudzanie, koj\u0105 nerwy, walcz\u0105 z b\u00f3lami i wzd\u0119ciami. Warto korzysta\u0107 z tej skarbnicy natury. Ludzie zazwyczaj dziel\u0105 si\u0119 na tych w og\u00f3le nie pij\u0105cy zi\u00f3\u0142ek i tych stosuj\u0105cych herbatki na co dzie\u0144. Nie powinni\u015bmy popada\u0107 w przesad\u0119 i pami\u0119ta\u0107, \u017ce nadmiar nie jest wskazany w \u017cadnej dziedzinie.<br \/>Na wszelkie wzd\u0119cia i niestrawno\u015bci idealne s\u0105\u00a0<strong>masale,<\/strong>\u00a0czyli mieszanki zi\u00f3\u0142, kt\u00f3re mog\u0105 by\u0107 dodawane do zjadanych na co dzie\u0144 potraw.\u00a0Zwykle s\u0142u\u017cy do przyprawiania mi\u0119s i innych pikantnych da\u0144, ale mo\u017cna jej te\u017c u\u017cywa\u0107 do aromatyzowania napoj\u00f3w: kawy, herbaty, czekolady i kakao. Mieszank\u0119 powinno si\u0119 dodawa\u0107 do potraw pod koniec gotowania, a do napoj\u00f3w kilka minut po zalaniu wrz\u0105tkiem. Pod wp\u0142ywem temperatury przyprawy trac\u0105 cz\u0119\u015b\u0107 swoich w\u0142a\u015bciwo\u015bci smakowych i leczniczych.<\/p><p>Szczeg\u00f3\u0142owych przepis\u00f3w i w\u0142a\u015bciwo\u015bci specyfik\u00f3w z przypraw mo\u017cna zg\u0142\u0119bi\u0107 na warsztatach odbywaj\u0105cych si\u0119 w naszym gabinecie!!!<\/p><p><strong>Serdecznie zapraszamy!!!<\/strong><\/p><p><strong>\u015aled\u017acie nasz\u0105 stron\u0119 i nasz profil na facebooku: <a href=\"https:\/\/www.facebook.com\/GabinetZdrowie\/\" target=\"_blank\" rel=\"noopener\">https:\/\/www.facebook.com\/GabinetZdrowie\/<\/a><\/strong><\/p>\t\t\t\t\t\t\t\t<\/div>\n\t\t\t\t<\/div>\n\t\t<div class=\"elementor-element elementor-element-f0fa7f9 e-con-full e-flex e-con e-child\" data-id=\"f0fa7f9\" data-element_type=\"container\">\n\t\t\t\t<div class=\"elementor-element elementor-element-fdd7f8e elementor-widget__width-initial elementor-widget elementor-widget-image\" data-id=\"fdd7f8e\" data-element_type=\"widget\" data-widget_type=\"image.default\">\n\t\t\t\t<div class=\"elementor-widget-container\">\n\t\t\t\t\t\t\t\t\t\t\t\t\t\t\t<img fetchpriority=\"high\" decoding=\"async\" width=\"587\" height=\"277\" src=\"https:\/\/zdrowiejoga.pl\/wp-content\/uploads\/2025\/06\/przyprawy.jpg\" class=\"attachment-medium_large size-medium_large wp-image-630\" alt=\"\" srcset=\"https:\/\/zdrowiejoga.pl\/wp-content\/uploads\/2025\/06\/przyprawy.jpg 587w, https:\/\/zdrowiejoga.pl\/wp-content\/uploads\/2025\/06\/przyprawy-300x142.jpg 300w\" sizes=\"(max-width: 587px) 100vw, 587px\" \/>\t\t\t\t\t\t\t\t\t\t\t\t\t\t\t<\/div>\n\t\t\t\t<\/div>\n\t\t\t\t<div class=\"elementor-element elementor-element-a990161 elementor-widget__width-initial elementor-widget elementor-widget-image\" data-id=\"a990161\" data-element_type=\"widget\" data-widget_type=\"image.default\">\n\t\t\t\t<div class=\"elementor-widget-container\">\n\t\t\t\t\t\t\t\t\t\t\t\t\t\t\t<img decoding=\"async\" width=\"300\" height=\"195\" src=\"https:\/\/zdrowiejoga.pl\/wp-content\/uploads\/2025\/06\/1142-curry_przedluza_zycie_zdrowe_przyprawy_imbir_kurkuma_kmin_rzymski_kolendra_pieprz_czarny_gorzyca_chilli-300x195.jpg\" class=\"attachment-medium size-medium wp-image-629\" alt=\"\" srcset=\"https:\/\/zdrowiejoga.pl\/wp-content\/uploads\/2025\/06\/1142-curry_przedluza_zycie_zdrowe_przyprawy_imbir_kurkuma_kmin_rzymski_kolendra_pieprz_czarny_gorzyca_chilli-300x195.jpg 300w, https:\/\/zdrowiejoga.pl\/wp-content\/uploads\/2025\/06\/1142-curry_przedluza_zycie_zdrowe_przyprawy_imbir_kurkuma_kmin_rzymski_kolendra_pieprz_czarny_gorzyca_chilli-1024x666.jpg 1024w, https:\/\/zdrowiejoga.pl\/wp-content\/uploads\/2025\/06\/1142-curry_przedluza_zycie_zdrowe_przyprawy_imbir_kurkuma_kmin_rzymski_kolendra_pieprz_czarny_gorzyca_chilli-768x500.jpg 768w, https:\/\/zdrowiejoga.pl\/wp-content\/uploads\/2025\/06\/1142-curry_przedluza_zycie_zdrowe_przyprawy_imbir_kurkuma_kmin_rzymski_kolendra_pieprz_czarny_gorzyca_chilli.jpg 1200w\" sizes=\"(max-width: 300px) 100vw, 300px\" \/>\t\t\t\t\t\t\t\t\t\t\t\t\t\t\t<\/div>\n\t\t\t\t<\/div>\n\t\t\t\t<\/div>\n\t\t<div class=\"elementor-element elementor-element-deaaea8 e-con-full e-flex e-con e-child\" data-id=\"deaaea8\" data-element_type=\"container\">\n\t\t\t\t<div class=\"elementor-element elementor-element-9ff7104 elementor-align-right elementor-widget elementor-widget-button\" data-id=\"9ff7104\" data-element_type=\"widget\" data-widget_type=\"button.default\">\n\t\t\t\t<div class=\"elementor-widget-container\">\n\t\t\t\t\t\t\t\t\t<div class=\"elementor-button-wrapper\">\n\t\t\t\t\t<a class=\"elementor-button elementor-button-link elementor-size-sm\" href=\"#\">\n\t\t\t\t\t\t<span class=\"elementor-button-content-wrapper\">\n\t\t\t\t\t\t\t\t\t<span class=\"elementor-button-text\">Dodaj komentarz<\/span>\n\t\t\t\t\t<\/span>\n\t\t\t\t\t<\/a>\n\t\t\t\t<\/div>\n\t\t\t\t\t\t\t\t<\/div>\n\t\t\t\t<\/div>\n\t\t\t\t<div class=\"elementor-element elementor-element-ae5241d elementor-button-info elementor-align-right elementor-widget elementor-widget-button\" data-id=\"ae5241d\" data-element_type=\"widget\" data-widget_type=\"button.default\">\n\t\t\t\t<div class=\"elementor-widget-container\">\n\t\t\t\t\t\t\t\t\t<div class=\"elementor-button-wrapper\">\n\t\t\t\t\t<a class=\"elementor-button elementor-button-link elementor-size-sm\" href=\"https:\/\/zdrowiejoga.pl\/index.php\/artykuly\/\">\n\t\t\t\t\t\t<span class=\"elementor-button-content-wrapper\">\n\t\t\t\t\t\t\t\t\t<span class=\"elementor-button-text\">Wszystkie artyku\u0142y<\/span>\n\t\t\t\t\t<\/span>\n\t\t\t\t\t<\/a>\n\t\t\t\t<\/div>\n\t\t\t\t\t\t\t\t<\/div>\n\t\t\t\t<\/div>\n\t\t\t\t<\/div>\n\t\t\t\t<\/div>\n\t\t\t\t\t<\/div>\n\t\t\t\t<\/div>\n\t\t\t\t<\/div>\n\t\t","protected":false},"excerpt":{"rendered":"<p>PRZYPRAWY SI\u0141A NATURY 28.11.2019 przez webmaster Przyprawy od stuleci znajduj\u0105 swoje miejsce w kuchniach ca\u0142ego \u015bwiata, przede wszystkim ze wzgl\u0119du na wyj\u0105tkowy smak, kt\u00f3ry nadaj\u0105 nawet najprostszym potrawom. Sprawiaj\u0105, \u017ce posi\u0142ek jest nie tylko smaczny, ale i \u0142atwiej strawny. Opr\u00f3cz w\u0142a\u015bciwo\u015bci smakowych posiadaj\u0105 te\u017c silne w\u0142a\u015bciwo\u015bci trawienno \u2013 lecznicze.Przyprawy odpowiednio przygotowane i zastosowane s\u0105 r\u00f3wnie [&hellip;]<\/p>\n","protected":false},"author":1,"featured_media":0,"parent":0,"menu_order":0,"comment_status":"closed","ping_status":"closed","template":"elementor_header_footer","meta":{"ocean_post_layout":"","ocean_both_sidebars_style":"","ocean_both_sidebars_content_width":0,"ocean_both_sidebars_sidebars_width":0,"ocean_sidebar":"","ocean_second_sidebar":"","ocean_disable_margins":"enable","ocean_add_body_class":"","ocean_shortcode_before_top_bar":"","ocean_shortcode_after_top_bar":"","ocean_shortcode_before_header":"","ocean_shortcode_after_header":"","ocean_has_shortcode":"","ocean_shortcode_after_title":"","ocean_shortcode_before_footer_widgets":"","ocean_shortcode_after_footer_widgets":"","ocean_shortcode_before_footer_bottom":"","ocean_shortcode_after_footer_bottom":"","ocean_display_top_bar":"default","ocean_display_header":"default","ocean_header_style":"","ocean_center_header_left_menu":"","ocean_custom_header_template":"","ocean_custom_logo":0,"ocean_custom_retina_logo":0,"ocean_custom_logo_max_width":0,"ocean_custom_logo_tablet_max_width":0,"ocean_custom_logo_mobile_max_width":0,"ocean_custom_logo_max_height":0,"ocean_custom_logo_tablet_max_height":0,"ocean_custom_logo_mobile_max_height":0,"ocean_header_custom_menu":"","ocean_menu_typo_font_family":"","ocean_menu_typo_font_subset":"","ocean_menu_typo_font_size":0,"ocean_menu_typo_font_size_tablet":0,"ocean_menu_typo_font_size_mobile":0,"ocean_menu_typo_font_size_unit":"px","ocean_menu_typo_font_weight":"","ocean_menu_typo_font_weight_tablet":"","ocean_menu_typo_font_weight_mobile":"","ocean_menu_typo_transform":"","ocean_menu_typo_transform_tablet":"","ocean_menu_typo_transform_mobile":"","ocean_menu_typo_line_height":0,"ocean_menu_typo_line_height_tablet":0,"ocean_menu_typo_line_height_mobile":0,"ocean_menu_typo_line_height_unit":"","ocean_menu_typo_spacing":0,"ocean_menu_typo_spacing_tablet":0,"ocean_menu_typo_spacing_mobile":0,"ocean_menu_typo_spacing_unit":"","ocean_menu_link_color":"","ocean_menu_link_color_hover":"","ocean_menu_link_color_active":"","ocean_menu_link_background":"","ocean_menu_link_hover_background":"","ocean_menu_link_active_background":"","ocean_menu_social_links_bg":"","ocean_menu_social_hover_links_bg":"","ocean_menu_social_links_color":"","ocean_menu_social_hover_links_color":"","ocean_disable_title":"default","ocean_disable_heading":"default","ocean_post_title":"","ocean_post_subheading":"","ocean_post_title_style":"","ocean_post_title_background_color":"","ocean_post_title_background":0,"ocean_post_title_bg_image_position":"","ocean_post_title_bg_image_attachment":"","ocean_post_title_bg_image_repeat":"","ocean_post_title_bg_image_size":"","ocean_post_title_height":0,"ocean_post_title_bg_overlay":0.5,"ocean_post_title_bg_overlay_color":"","ocean_disable_breadcrumbs":"default","ocean_breadcrumbs_color":"","ocean_breadcrumbs_separator_color":"","ocean_breadcrumbs_links_color":"","ocean_breadcrumbs_links_hover_color":"","ocean_display_footer_widgets":"default","ocean_display_footer_bottom":"default","ocean_custom_footer_template":"","footnotes":""},"class_list":["post-627","page","type-page","status-publish","hentry","entry"],"_links":{"self":[{"href":"https:\/\/zdrowiejoga.pl\/index.php\/wp-json\/wp\/v2\/pages\/627","targetHints":{"allow":["GET"]}}],"collection":[{"href":"https:\/\/zdrowiejoga.pl\/index.php\/wp-json\/wp\/v2\/pages"}],"about":[{"href":"https:\/\/zdrowiejoga.pl\/index.php\/wp-json\/wp\/v2\/types\/page"}],"author":[{"embeddable":true,"href":"https:\/\/zdrowiejoga.pl\/index.php\/wp-json\/wp\/v2\/users\/1"}],"replies":[{"embeddable":true,"href":"https:\/\/zdrowiejoga.pl\/index.php\/wp-json\/wp\/v2\/comments?post=627"}],"version-history":[{"count":22,"href":"https:\/\/zdrowiejoga.pl\/index.php\/wp-json\/wp\/v2\/pages\/627\/revisions"}],"predecessor-version":[{"id":2841,"href":"https:\/\/zdrowiejoga.pl\/index.php\/wp-json\/wp\/v2\/pages\/627\/revisions\/2841"}],"wp:attachment":[{"href":"https:\/\/zdrowiejoga.pl\/index.php\/wp-json\/wp\/v2\/media?parent=627"}],"curies":[{"name":"wp","href":"https:\/\/api.w.org\/{rel}","templated":true}]}}