{"id":567,"date":"2025-06-12T00:20:15","date_gmt":"2025-06-12T00:20:15","guid":{"rendered":"http:\/\/zdrowiejoga.pl\/?page_id=567"},"modified":"2025-07-13T14:23:28","modified_gmt":"2025-07-13T14:23:28","slug":"moroznik-kaukaski-2","status":"publish","type":"page","link":"https:\/\/zdrowiejoga.pl\/index.php\/moroznik-kaukaski-2\/","title":{"rendered":"Artyku\u0142y\u200b &#8211; Moroznik"},"content":{"rendered":"\t\t<div data-elementor-type=\"wp-page\" data-elementor-id=\"567\" class=\"elementor elementor-567\">\n\t\t\t\t<div class=\"elementor-element elementor-element-6b9825d e-flex e-con-boxed e-con e-parent\" data-id=\"6b9825d\" data-element_type=\"container\">\n\t\t\t\t\t<div class=\"e-con-inner\">\n\t\t<div class=\"elementor-element elementor-element-07537de e-con-full e-flex e-con e-child\" data-id=\"07537de\" data-element_type=\"container\" data-settings=\"{&quot;background_background&quot;:&quot;classic&quot;}\">\n\t\t\t\t<div class=\"elementor-element elementor-element-045749c elementor-widget elementor-widget-heading\" data-id=\"045749c\" data-element_type=\"widget\" data-widget_type=\"heading.default\">\n\t\t\t\t<div class=\"elementor-widget-container\">\n\t\t\t\t\t<h2 class=\"elementor-heading-title elementor-size-default\">Moroznik Kaukaski<\/h2>\t\t\t\t<\/div>\n\t\t\t\t<\/div>\n\t\t\t\t<div class=\"elementor-element elementor-element-eb43a1d elementor-widget elementor-widget-heading\" data-id=\"eb43a1d\" data-element_type=\"widget\" data-widget_type=\"heading.default\">\n\t\t\t\t<div class=\"elementor-widget-container\">\n\t\t\t\t\t<h2 class=\"elementor-heading-title elementor-size-default\">28.11.2019 przez webmaster<\/h2>\t\t\t\t<\/div>\n\t\t\t\t<\/div>\n\t\t\t\t<div class=\"elementor-element elementor-element-52b8388 elementor-widget__width-initial elementor-widget elementor-widget-image\" data-id=\"52b8388\" data-element_type=\"widget\" data-widget_type=\"image.default\">\n\t\t\t\t<div class=\"elementor-widget-container\">\n\t\t\t\t\t\t\t\t\t\t\t\t\t\t\t<img fetchpriority=\"high\" decoding=\"async\" width=\"220\" height=\"300\" src=\"https:\/\/zdrowiejoga.pl\/wp-content\/uploads\/2025\/06\/moroznikcv-220x300.jpg\" class=\"attachment-medium size-medium wp-image-518\" alt=\"\" srcset=\"https:\/\/zdrowiejoga.pl\/wp-content\/uploads\/2025\/06\/moroznikcv-220x300.jpg 220w, https:\/\/zdrowiejoga.pl\/wp-content\/uploads\/2025\/06\/moroznikcv.jpg 448w\" sizes=\"(max-width: 220px) 100vw, 220px\" \/>\t\t\t\t\t\t\t\t\t\t\t\t\t\t\t<\/div>\n\t\t\t\t<\/div>\n\t\t\t\t<div class=\"elementor-element elementor-element-8971ee4 elementor-widget elementor-widget-text-editor\" data-id=\"8971ee4\" data-element_type=\"widget\" data-widget_type=\"text-editor.default\">\n\t\t\t\t<div class=\"elementor-widget-container\">\n\t\t\t\t\t\t\t\t\t<p><strong>MOROZNIK KAUKASKI<\/strong>\u00a0\u2013 zio\u0142owy preparat normalizuj\u0105cy\u00a0<strong>przemian\u0119 materii,<\/strong>\u00a0<strong>rewelacyjny na odchudzanie<\/strong>. Ro\u015blina wyst\u0119puj\u0105ca w g\u00f3rach Kaukazu w Gruzji, kwitn\u0105ca w najwi\u0119kszy mr\u00f3z. Posiada w\u0142a\u015bciwo\u015bci reguluj\u0105ce i wzmacniaj\u0105ce uk\u0142ad pokarmowy, uk\u0142ad moczowy, uk\u0142ad nerwowy.<\/p><p><strong>Moroznik Kaukaski<\/strong>\u00a0ro\u015bnie na wysoko\u015bci 100-1500 m n.p.m. w strefie Kaukazu, Gruzji i Abchazji, na terenach czysto ekologicznych. Hodowle znajduj\u0105 si\u0119 w rejonie uzdrowisk m.in. \u017belenwodsk, Kislogorsk, Piatrogorsk, s\u0142ynnych ze swych leczniczych borowin i w\u00f3d mineralnych. Wok\u00f3\u0142 znajduj\u0105 si\u0119 g\u00f3ry, ochrona przed wiatrem i mg\u0142\u0105, a s\u0142o\u0144ce \u015bwieci tam przez 300 dni w roku. W takich w\u0142a\u015bnie korzystnych i komfortowych warunkach ro\u015bnie\u00a0<strong>MOROZNIK KAUKASKI<\/strong>.\u00a0<strong>Moroznik<\/strong>\u00a0jest ro\u015blin\u0105 bardzo wytrzyma\u0142\u0105 na mr\u00f3z, jego kwiaty wytrzymuj\u0105 do -29\u00b0C. Do cel\u00f3w leczniczych wykorzystuje sie korzenie i k\u0142\u0105cza ro\u015bliny zawieraj\u0105ce silnie dzia\u0142aj\u0105ce glikozydry min. helleboryn\u0119. Wyniki licznych bada\u0144 klinicznych wykaza\u0142y skuteczno\u015b\u0107 leku na liczne schorzenia. Jej lecznicze w\u0142a\u015bciwo\u015bci od setek lat wykorzystywane by\u0142y w lecznictwie ludowym.<\/p><p><strong>W\u0141A\u015aCIWO\u015aCI FARMAKOLOGICZNE I WSKAZANIA:<\/strong><\/p><ul class=\"wp-block-list\"><li><strong>Normalizuje przemian\u0119 materii<\/strong>,<\/li><\/ul><p>jest rewelacyjnym \u015brodkiem odchudzaj\u0105cym (pomaga zrzuci\u0107 du\u017c\u0105 nadwag\u0119), zmniejsza apetyt, przyspiesza metabolizm.<\/p>\t\t\t\t\t\t\t\t<\/div>\n\t\t\t\t<\/div>\n\t\t\t\t<div class=\"elementor-element elementor-element-83690c9 elementor-widget__width-initial elementor-widget elementor-widget-image\" data-id=\"83690c9\" data-element_type=\"widget\" data-widget_type=\"image.default\">\n\t\t\t\t<div class=\"elementor-widget-container\">\n\t\t\t\t\t\t\t\t\t\t\t\t\t\t\t<img decoding=\"async\" width=\"218\" height=\"300\" src=\"https:\/\/zdrowiejoga.pl\/wp-content\/uploads\/2025\/06\/moroznikris-600x827-1-218x300.jpg\" class=\"attachment-medium size-medium wp-image-570\" alt=\"\" srcset=\"https:\/\/zdrowiejoga.pl\/wp-content\/uploads\/2025\/06\/moroznikris-600x827-1-218x300.jpg 218w, https:\/\/zdrowiejoga.pl\/wp-content\/uploads\/2025\/06\/moroznikris-600x827-1.jpg 600w\" sizes=\"(max-width: 218px) 100vw, 218px\" \/>\t\t\t\t\t\t\t\t\t\t\t\t\t\t\t<\/div>\n\t\t\t\t<\/div>\n\t\t\t\t<div class=\"elementor-element elementor-element-903776e elementor-widget elementor-widget-text-editor\" data-id=\"903776e\" data-element_type=\"widget\" data-widget_type=\"text-editor.default\">\n\t\t\t\t<div class=\"elementor-widget-container\">\n\t\t\t\t\t\t\t\t\t<ul class=\"wp-block-list\"><li>Zmniejsza poziom cukru.<\/li><li>Posiada\u00a0<strong>w\u0142a\u015bciwo\u015bci moczop\u0119dne, \u017c\u00f3\u0142ciop\u0119dne<\/strong>, oczyszcza jelita, usuwa piach z dr\u00f3g\u00a0moczowych, oczyszcza w\u0105trob\u0119, przeciwdzia\u0142a zastoinom \u017c\u00f3\u0142ci, tym samym zapobiega tworzenie si\u0119 kamieni, wspomaga leczenie kamicy. Posiada w\u0142a\u015bciwo\u015bci przeczyszczaj\u0105ce, normalizuje prace przewodu pokarmowego, mi\u0119dzy innymi zaparcia.\u00a0<\/li><li>Jest silnym\u00a0<strong>\u015brodkiem przeciwnowotworowym<\/strong>, stosuje si\u0119 w leczeniu nowotwor\u00f3w macicy, piersi, prostaty, nowotwor\u00f3w \u0142agodnych, jest znakomitym \u015brodkiem leczniczym na guzy i cysty tarczycy.<\/li><li><strong>Leczy choroby i uszkodzenia sk\u00f3ry<\/strong>: ropiej\u0105ce i trudno goj\u0105ce si\u0119 rany tj. \u0142uszczyca, egzema, wypadanie w\u0142os\u00f3w, krwawienie dzi\u0105se\u0142, brodawki i inne sk\u00f3rne patologie.<\/li><li>Jest skutecznym\u00a0<strong>lekiem na choroby uk\u0142adu kostno \u2013 mi\u0119\u015bniowego<\/strong>\u00a0(osteoporoza, artretyzm, wirusowe zapalenie staw\u00f3w, dyskopatia, parali\u017c i inne), wykazuje znieczulaj\u0105ce, przeciwzapalne i oczyszczaj\u0105ce dzia\u0142anie.<\/li><li>Dzi\u0119ki du\u017cej zawarto\u015bci glikozyd\u00f3w z powodzeniem\u00a0<strong>stosuje si\u0119 w leczeniu niewydolno\u015bci sercowej<\/strong>\u00a02 \u2013 3 stopnia, polepsza prac\u0119 serca, zapobiega rozwojowi rozmaitych schorze\u0144 t\u0119tnic. Stymuluje krwiobieg organ\u00f3w wewn\u0119trznych, normalizuje ci\u015bnienie, skuteczny w stanach arytmii. Zmniejsza b\u00f3le migrenowe.<\/li><li>Akumuluj\u0105c si\u0119 w pniach nerwowych oczyszcza je i regeneruje, tym samym\u00a0<strong>normalizuje prace uk\u0142adu nerwowego<\/strong>, normalizuje sen, posiada efekt uspokajaj\u0105cy, zwi\u0119ksza zdolno\u015b\u0107 do pracy, pozytywnie wp\u0142ywa na psychik\u0119. Leczy przewlek\u0142e zapalenia jajnik\u00f3w, reguluje cykl miesi\u0105czkowania i prac\u0119 uk\u0142adu hormonalnego.<\/li><li>Posiada znakomite w\u0142a\u015bciwo\u015bci\u00a0<strong>oczyszczaj\u0105ce organizm z toksyn, soli, radionukleoid\u00f3w, ci\u0119\u017ckich metali<\/strong>. Dzi\u0119ki og\u00f3lnie oczyszczaj\u0105cemu efektowi dzia\u0142a odm\u0142adzaj\u0105co, napina i uj\u0119drnia sk\u00f3r\u0119. Wzmacnia i regeneruje uk\u0142ad immunologiczny, zapobiega katarom, anginom, grypie.<\/li><li>Jest doskona\u0142ym \u015brodkiem w\u00a0<strong>leczeniu uk\u0142adu oddechowego,<\/strong>\u00a0u\u0142atwia odkrztuszanie, przyspiesza oczyszczanie oskrzeli zalegaj\u0105cej wydzieliny, posiada w\u0142a\u015bciwo\u015bci przeciwzapalne przy chorobach g\u00f3rnych dr\u00f3g oddechowych (m.in. astma, gru\u017alica, bronchit).<\/li><li><strong>OPAKOWANIE JEDNOSTKOWE:\u00a0<\/strong>10g<\/li><li><strong>SK\u0141AD:\u00a0<\/strong><\/li><\/ul><p>B\u0142onnik z otr\u0119b\u00f3w zbo\u017cowych, moroznik kaukaski \u2013 rozdrobiony korze\u0144 i k\u0142\u0105cze.<\/p>\t\t\t\t\t\t\t\t<\/div>\n\t\t\t\t<\/div>\n\t\t\t\t<div class=\"elementor-element elementor-element-3511e62 elementor-widget__width-initial elementor-widget elementor-widget-image\" data-id=\"3511e62\" data-element_type=\"widget\" data-widget_type=\"image.default\">\n\t\t\t\t<div class=\"elementor-widget-container\">\n\t\t\t\t\t\t\t\t\t\t\t\t\t\t\t<img decoding=\"async\" width=\"300\" height=\"225\" src=\"https:\/\/zdrowiejoga.pl\/wp-content\/uploads\/2025\/06\/moroznikupak-300x225.jpg\" class=\"attachment-medium size-medium wp-image-569\" alt=\"\" srcset=\"https:\/\/zdrowiejoga.pl\/wp-content\/uploads\/2025\/06\/moroznikupak-300x225.jpg 300w, https:\/\/zdrowiejoga.pl\/wp-content\/uploads\/2025\/06\/moroznikupak.jpg 448w\" sizes=\"(max-width: 300px) 100vw, 300px\" \/>\t\t\t\t\t\t\t\t\t\t\t\t\t\t\t<\/div>\n\t\t\t\t<\/div>\n\t\t\t\t<div class=\"elementor-element elementor-element-948a28a elementor-widget elementor-widget-text-editor\" data-id=\"948a28a\" data-element_type=\"widget\" data-widget_type=\"text-editor.default\">\n\t\t\t\t<div class=\"elementor-widget-container\">\n\t\t\t\t\t\t\t\t\t<p><strong>WSKAZANIE:<\/strong><\/p><p>Nadwaga, niedowaga, stany chroniczne, choroby staw\u00f3w, choroby uk\u0142adu nerwowego, choroby w\u0105troby, choroby p\u0119cherzyka \u017c\u00f3\u0142ciowego, prostata, choroby kt\u00f3rym towarzysz\u0105 obrz\u0119ki, nowotwory \u2013 wspomaga leczenie raka. Szczeg\u00f3lnym wskazaniem w przypadku moroznika jest oty\u0142o\u015b\u0107.<\/p><p><strong>PRZECIWWSKAZANIA:\u00a0<\/strong>Ci\u0105\u017ca i okres laktacji, ostre stany chorobowe.\u00a0<\/p><p><strong>DZIA\u0141ANIE:<\/strong><\/p><p><strong>Moroznik<\/strong>\u00a0rozlu\u017ania mi\u0119\u015bnie g\u0142adkie, likwuduj\u0105c zaparcia, znacznie zmniejsza apetyt, poprawia metabolizm, oczyszcza i odnawia kom\u00f3rki, niszczy bakterie, grzyby, wirusy i paso\u017cyty. Substancje zawarte w morozniku stymuluj\u0105 proces hydrolizy t\u0142uszcz\u00f3w, efekt moczop\u0119dny i odchudzaj\u0105cy. Ro\u015blina wzmacnia mi\u0119sie\u0144 sercowy, poprawia kr\u0105\u017cenie, dotlenia kom\u00f3rki, hamuje rozw\u00f3j guz\u00f3w.<\/p><p><strong>UWAGA:<\/strong><\/p><p><strong>Dawkowanie\u00a0<\/strong>oraz d\u0142ugo\u015b\u0107 kuracji wypisuje lekarz naszego\u00a0<strong>Gabinetu Medycyny Naturalnej \u201eZdrowie\u201d<\/strong>.\u00a0<strong>Dawkowanie nale\u017cy bezwzg\u0119dnie przestrzega\u0107<\/strong>, zio\u0142o posiada silne dzia\u0142anie. Nie wolno pi\u0107 alkoholu w czasie kuracji, poniewa\u017c grozi to zatruciem.<\/p>\t\t\t\t\t\t\t\t<\/div>\n\t\t\t\t<\/div>\n\t\t<div class=\"elementor-element elementor-element-9e2c73f e-con-full e-flex e-con e-child\" data-id=\"9e2c73f\" data-element_type=\"container\">\n\t\t\t\t<div class=\"elementor-element elementor-element-b9a0d05 elementor-align-right elementor-widget elementor-widget-button\" data-id=\"b9a0d05\" data-element_type=\"widget\" data-widget_type=\"button.default\">\n\t\t\t\t<div class=\"elementor-widget-container\">\n\t\t\t\t\t\t\t\t\t<div class=\"elementor-button-wrapper\">\n\t\t\t\t\t<a class=\"elementor-button elementor-button-link elementor-size-sm\" href=\"#\">\n\t\t\t\t\t\t<span class=\"elementor-button-content-wrapper\">\n\t\t\t\t\t\t\t\t\t<span class=\"elementor-button-text\">Dodaj komentarz<\/span>\n\t\t\t\t\t<\/span>\n\t\t\t\t\t<\/a>\n\t\t\t\t<\/div>\n\t\t\t\t\t\t\t\t<\/div>\n\t\t\t\t<\/div>\n\t\t\t\t<div class=\"elementor-element elementor-element-1c5d267 elementor-button-info elementor-align-right elementor-widget elementor-widget-button\" data-id=\"1c5d267\" data-element_type=\"widget\" data-widget_type=\"button.default\">\n\t\t\t\t<div class=\"elementor-widget-container\">\n\t\t\t\t\t\t\t\t\t<div class=\"elementor-button-wrapper\">\n\t\t\t\t\t<a class=\"elementor-button elementor-button-link elementor-size-sm\" href=\"https:\/\/zdrowiejoga.pl\/index.php\/artykuly\/\">\n\t\t\t\t\t\t<span class=\"elementor-button-content-wrapper\">\n\t\t\t\t\t\t\t\t\t<span class=\"elementor-button-text\">Wszystkie artyku\u0142y<\/span>\n\t\t\t\t\t<\/span>\n\t\t\t\t\t<\/a>\n\t\t\t\t<\/div>\n\t\t\t\t\t\t\t\t<\/div>\n\t\t\t\t<\/div>\n\t\t\t\t<\/div>\n\t\t\t\t<\/div>\n\t\t\t\t\t<\/div>\n\t\t\t\t<\/div>\n\t\t\t\t<\/div>\n\t\t","protected":false},"excerpt":{"rendered":"<p>Moroznik Kaukaski 28.11.2019 przez webmaster MOROZNIK KAUKASKI\u00a0\u2013 zio\u0142owy preparat normalizuj\u0105cy\u00a0przemian\u0119 materii,\u00a0rewelacyjny na odchudzanie. Ro\u015blina wyst\u0119puj\u0105ca w g\u00f3rach Kaukazu w Gruzji, kwitn\u0105ca w najwi\u0119kszy mr\u00f3z. Posiada w\u0142a\u015bciwo\u015bci reguluj\u0105ce i wzmacniaj\u0105ce uk\u0142ad pokarmowy, uk\u0142ad moczowy, uk\u0142ad nerwowy. Moroznik Kaukaski\u00a0ro\u015bnie na wysoko\u015bci 100-1500 m n.p.m. w strefie Kaukazu, Gruzji i Abchazji, na terenach czysto ekologicznych. Hodowle znajduj\u0105 si\u0119 [&hellip;]<\/p>\n","protected":false},"author":1,"featured_media":0,"parent":0,"menu_order":0,"comment_status":"closed","ping_status":"closed","template":"elementor_header_footer","meta":{"ocean_post_layout":"","ocean_both_sidebars_style":"","ocean_both_sidebars_content_width":0,"ocean_both_sidebars_sidebars_width":0,"ocean_sidebar":"","ocean_second_sidebar":"","ocean_disable_margins":"enable","ocean_add_body_class":"","ocean_shortcode_before_top_bar":"","ocean_shortcode_after_top_bar":"","ocean_shortcode_before_header":"","ocean_shortcode_after_header":"","ocean_has_shortcode":"","ocean_shortcode_after_title":"","ocean_shortcode_before_footer_widgets":"","ocean_shortcode_after_footer_widgets":"","ocean_shortcode_before_footer_bottom":"","ocean_shortcode_after_footer_bottom":"","ocean_display_top_bar":"default","ocean_display_header":"default","ocean_header_style":"","ocean_center_header_left_menu":"","ocean_custom_header_template":"","ocean_custom_logo":0,"ocean_custom_retina_logo":0,"ocean_custom_logo_max_width":0,"ocean_custom_logo_tablet_max_width":0,"ocean_custom_logo_mobile_max_width":0,"ocean_custom_logo_max_height":0,"ocean_custom_logo_tablet_max_height":0,"ocean_custom_logo_mobile_max_height":0,"ocean_header_custom_menu":"","ocean_menu_typo_font_family":"","ocean_menu_typo_font_subset":"","ocean_menu_typo_font_size":0,"ocean_menu_typo_font_size_tablet":0,"ocean_menu_typo_font_size_mobile":0,"ocean_menu_typo_font_size_unit":"px","ocean_menu_typo_font_weight":"","ocean_menu_typo_font_weight_tablet":"","ocean_menu_typo_font_weight_mobile":"","ocean_menu_typo_transform":"","ocean_menu_typo_transform_tablet":"","ocean_menu_typo_transform_mobile":"","ocean_menu_typo_line_height":0,"ocean_menu_typo_line_height_tablet":0,"ocean_menu_typo_line_height_mobile":0,"ocean_menu_typo_line_height_unit":"","ocean_menu_typo_spacing":0,"ocean_menu_typo_spacing_tablet":0,"ocean_menu_typo_spacing_mobile":0,"ocean_menu_typo_spacing_unit":"","ocean_menu_link_color":"","ocean_menu_link_color_hover":"","ocean_menu_link_color_active":"","ocean_menu_link_background":"","ocean_menu_link_hover_background":"","ocean_menu_link_active_background":"","ocean_menu_social_links_bg":"","ocean_menu_social_hover_links_bg":"","ocean_menu_social_links_color":"","ocean_menu_social_hover_links_color":"","ocean_disable_title":"default","ocean_disable_heading":"default","ocean_post_title":"","ocean_post_subheading":"","ocean_post_title_style":"","ocean_post_title_background_color":"","ocean_post_title_background":0,"ocean_post_title_bg_image_position":"","ocean_post_title_bg_image_attachment":"","ocean_post_title_bg_image_repeat":"","ocean_post_title_bg_image_size":"","ocean_post_title_height":0,"ocean_post_title_bg_overlay":0.5,"ocean_post_title_bg_overlay_color":"","ocean_disable_breadcrumbs":"default","ocean_breadcrumbs_color":"","ocean_breadcrumbs_separator_color":"","ocean_breadcrumbs_links_color":"","ocean_breadcrumbs_links_hover_color":"","ocean_display_footer_widgets":"default","ocean_display_footer_bottom":"default","ocean_custom_footer_template":"","footnotes":""},"class_list":["post-567","page","type-page","status-publish","hentry","entry"],"_links":{"self":[{"href":"https:\/\/zdrowiejoga.pl\/index.php\/wp-json\/wp\/v2\/pages\/567","targetHints":{"allow":["GET"]}}],"collection":[{"href":"https:\/\/zdrowiejoga.pl\/index.php\/wp-json\/wp\/v2\/pages"}],"about":[{"href":"https:\/\/zdrowiejoga.pl\/index.php\/wp-json\/wp\/v2\/types\/page"}],"author":[{"embeddable":true,"href":"https:\/\/zdrowiejoga.pl\/index.php\/wp-json\/wp\/v2\/users\/1"}],"replies":[{"embeddable":true,"href":"https:\/\/zdrowiejoga.pl\/index.php\/wp-json\/wp\/v2\/comments?post=567"}],"version-history":[{"count":28,"href":"https:\/\/zdrowiejoga.pl\/index.php\/wp-json\/wp\/v2\/pages\/567\/revisions"}],"predecessor-version":[{"id":2811,"href":"https:\/\/zdrowiejoga.pl\/index.php\/wp-json\/wp\/v2\/pages\/567\/revisions\/2811"}],"wp:attachment":[{"href":"https:\/\/zdrowiejoga.pl\/index.php\/wp-json\/wp\/v2\/media?parent=567"}],"curies":[{"name":"wp","href":"https:\/\/api.w.org\/{rel}","templated":true}]}}