{"id":561,"date":"2025-06-12T00:15:42","date_gmt":"2025-06-12T00:15:42","guid":{"rendered":"http:\/\/zdrowiejoga.pl\/?page_id=561"},"modified":"2025-07-13T14:22:56","modified_gmt":"2025-07-13T14:22:56","slug":"przyrzad-do-masazu-palcow-antystress","status":"publish","type":"page","link":"https:\/\/zdrowiejoga.pl\/index.php\/przyrzad-do-masazu-palcow-antystress\/","title":{"rendered":"Artyku\u0142y &#8211; ANTYSTRESS"},"content":{"rendered":"\t\t<div data-elementor-type=\"wp-page\" data-elementor-id=\"561\" class=\"elementor elementor-561\">\n\t\t\t\t<div class=\"elementor-element elementor-element-24e9625 e-flex e-con-boxed e-con e-parent\" data-id=\"24e9625\" data-element_type=\"container\">\n\t\t\t\t\t<div class=\"e-con-inner\">\n\t\t<div class=\"elementor-element elementor-element-e261d77 e-con-full e-flex e-con e-child\" data-id=\"e261d77\" data-element_type=\"container\" data-settings=\"{&quot;background_background&quot;:&quot;classic&quot;}\">\n\t\t\t\t<div class=\"elementor-element elementor-element-cf1856a elementor-widget elementor-widget-heading\" data-id=\"cf1856a\" data-element_type=\"widget\" data-widget_type=\"heading.default\">\n\t\t\t\t<div class=\"elementor-widget-container\">\n\t\t\t\t\t<h2 class=\"elementor-heading-title elementor-size-default\">Przyrz\u0105d do masa\u017cu palc\u00f3w ANTYSTRESS<\/h2>\t\t\t\t<\/div>\n\t\t\t\t<\/div>\n\t\t\t\t<div class=\"elementor-element elementor-element-386ddc2 elementor-widget elementor-widget-heading\" data-id=\"386ddc2\" data-element_type=\"widget\" data-widget_type=\"heading.default\">\n\t\t\t\t<div class=\"elementor-widget-container\">\n\t\t\t\t\t<h2 class=\"elementor-heading-title elementor-size-default\">28.11.2019 przez webmaster<\/h2>\t\t\t\t<\/div>\n\t\t\t\t<\/div>\n\t\t\t\t<div class=\"elementor-element elementor-element-1c849fd elementor-widget elementor-widget-heading\" data-id=\"1c849fd\" data-element_type=\"widget\" data-widget_type=\"heading.default\">\n\t\t\t\t<div class=\"elementor-widget-container\">\n\t\t\t\t\t<h2 class=\"elementor-heading-title elementor-size-default\">ANTYSTRESS<\/h2>\t\t\t\t<\/div>\n\t\t\t\t<\/div>\n\t\t\t\t<div class=\"elementor-element elementor-element-1a2bc47 elementor-widget__width-initial elementor-widget elementor-widget-image\" data-id=\"1a2bc47\" data-element_type=\"widget\" data-widget_type=\"image.default\">\n\t\t\t\t<div class=\"elementor-widget-container\">\n\t\t\t\t\t\t\t\t\t\t\t\t\t\t\t<img fetchpriority=\"high\" decoding=\"async\" width=\"210\" height=\"250\" src=\"https:\/\/zdrowiejoga.pl\/wp-content\/uploads\/2025\/06\/antystress-1.jpg\" class=\"attachment-medium size-medium wp-image-517\" alt=\"\" \/>\t\t\t\t\t\t\t\t\t\t\t\t\t\t\t<\/div>\n\t\t\t\t<\/div>\n\t\t\t\t<div class=\"elementor-element elementor-element-d89065b elementor-widget elementor-widget-text-editor\" data-id=\"d89065b\" data-element_type=\"widget\" data-widget_type=\"text-editor.default\">\n\t\t\t\t<div class=\"elementor-widget-container\">\n\t\t\t\t\t\t\t\t\t<p><strong>Pier\u015bcie\u0144 ANTYSTRESS<\/strong>\u00a0\u2013 wykonany z czystego ekologicznie metalu, nierdzewnej stali z dodatkiem srebra, oszlifowany diamentem, posiadaj\u0105cy brylanowy blask. Charakteryzuje si\u0119 on w\u0142a\u015bciwo\u015bciami magnetycznymi i obecno\u015bci\u0105 pr\u0105d\u00f3w \u201eredoks\u201d.<\/p><p><strong>W jakich okoliczno\u015bciach mo\u017cna stosowa\u0107 przyrz\u0105d do masa\u017cu ANTYSTRESS?<\/strong><\/p><p>Gdy we\u017cmiesz ANTYSTRESS ze sob\u0105 w podr\u00f3\u017c, w delegacj\u0119, na wczasy, pozbedziesz si\u0119 nieprzyjemnych wra\u017ce\u0144 w samolocie, choroby morskiej na statku, szybko dostosujesz si\u0119 do r\u00f3\u017cnic stref czasowych, do nowego klimatu, do burzy<\/p><p>magnetycznej i skok\u00f3w ci\u015bnienia.\u00a0<strong>ANTYSTRESS<\/strong>\u00a0<strong>przeciwdzia\u0142a codziennemu stresowi<\/strong>, kt\u00f3ry dopada nas wsz\u0119dzie. Zastosowanie pier\u015bcienia pozwala nam rozlu\u017cni\u0107 si\u0119 w dowolnym momencie.\u00a0<strong>ANTYSTRESS<\/strong>\u00a0<strong>jest fizjologicznie nieszkodliwy<\/strong>\u00a0(w odr\u00f3\u017cnieniu od tabletki, alkoholu, papierosa).<\/p><p><strong>ANTYSTRESS jest skutecznym \u015briodkiem<\/strong>\u00a0na b\u00f3l g\u0142owy i czkawk\u0119.\u00a0<strong>ANTYSTRESS<\/strong>\u00a0mo\u017ce by\u0107 wykorzystany jako \u015brodek do walki z na\u0142ogami. W przypadku na\u0142ogu palenia papieros\u00f3w, bo masa\u017c palc\u00f3w pier\u015bcieniem\u00a0<strong>ANTYSTRESS<\/strong>\u00a0<strong>uwalnia od psychologicznego uzale\u017cnienia<\/strong>\u00a0i wykorzystany jest jakoimitator rytua\u0142u palenia.<\/p><p><strong>ANTYSTRESS mo\u017cna stosowa\u0107 przy treningu pami\u0119ci<\/strong>, jako \u015brodek pozwalaj\u0105cy skupi\u0107 si\u0119 na zapami\u0119tywanej informacji. W tym wypadku mo\u017cna go zaliczy\u0107, jako wyr\u00f3b mnemotechiczny. Znany przyk\u0142ad zawi\u0105zywania supe\u0142k\u00f3w, \u017ceby zapami\u0119ta\u0107 co\u015b, mo\u017cna zamieni\u0107 na obracanie przyrz\u0105du do masa\u017cu na okre\u015blonym palcu.<\/p><p><strong>ANTYSTRESS<\/strong>\u00a0mozna wykorzysta\u0107 w intelektualnym rozwoju dziecka. Jedn\u0105 z przyczyn powoduj\u0105cychop\u00f3znienie rozwoju intelektualnego dziecka, jest zahamowanie rozwoju ruchowej aktywno\u015bci palc\u00f3w r\u0119ki.\u00a0<strong>ANTYSTRESS<\/strong>\u00a0jest metod\u0105 leczenia, rehabilitacji i profilaktyki r\u00f3\u017cnych chor\u00f3b organ\u00f3w wewn\u0119trznych, poniewa\u017c ma r\u0119ce i stopie znajduj\u0105 si\u0119 odpowiedniki wszystkich organ\u00f3w i system\u00f3w.<\/p><p><strong>W my<\/strong><strong>\u015b<\/strong><strong>l regu\u0142 medycyny Wschodu<\/strong><\/p>\t\t\t\t\t\t\t\t<\/div>\n\t\t\t\t<\/div>\n\t\t\t\t<div class=\"elementor-element elementor-element-4fd1bba elementor-widget__width-initial elementor-widget elementor-widget-image\" data-id=\"4fd1bba\" data-element_type=\"widget\" data-widget_type=\"image.default\">\n\t\t\t\t<div class=\"elementor-widget-container\">\n\t\t\t\t\t\t\t\t\t\t\t\t\t\t\t<img decoding=\"async\" width=\"250\" height=\"295\" src=\"https:\/\/zdrowiejoga.pl\/wp-content\/uploads\/2025\/06\/SUJOK.jpg\" class=\"attachment-medium size-medium wp-image-563\" alt=\"\" \/>\t\t\t\t\t\t\t\t\t\t\t\t\t\t\t<\/div>\n\t\t\t\t<\/div>\n\t\t\t\t<div class=\"elementor-element elementor-element-309ead4 elementor-widget elementor-widget-text-editor\" data-id=\"309ead4\" data-element_type=\"widget\" data-widget_type=\"text-editor.default\">\n\t\t\t\t<div class=\"elementor-widget-container\">\n\t\t\t\t\t\t\t\t\t<p><strong>Miejsca masa\u017cu<\/strong>\u00a0s\u0105 naukowo uzasadnione i potwierdzone termograficznymi netodami diagnostyki. Palce r\u0105k i n\u00f3g s\u0105 unikalnymi strefami nadromadzenia receptor\u00f3w nerwowych. Stymuluj\u0105c je przyrz\u0105dem do masa\u017cu ANTYSTRESS,\u00a0<strong>aktywizujemy energetyczne wsparcie m\u00f3zgu<\/strong>, mo\u017cemy szybko rozlu\u017cni\u0107 si\u0119, usun\u0105\u0107 zm\u0119czenie i dozna\u0107 przyjemnych odczu\u0107. Podstawowy ruch to:\u00a0<strong>\u201eTAM I Z POWROTEM\u201d.<\/strong><\/p><p><strong>Masa\u017c du\u017cego palca:<\/strong>\u00a0profilaktyka i leczenie chor\u00f3b p\u0142uc, sk\u00f3ry, b\u00f3l\u00f3w g\u0142owy, hemoroid\u00f3w, rozw\u00f3j si\u0142y woli, intelektu.\u00a0<\/p><p><strong>Masa\u017c wskazuj\u0105cego palca:<\/strong>\u00a0regulacja funkcji jelit, aktywizacja procesu wydalania, normalizacja funkcji w\u0105troby, zmniejszenie objaw\u00f3w zatrucia alkoholem, leczenie oty\u0142o\u015bci.<\/p><p><strong>Masa\u017c \u015brodkowego palca:<\/strong>\u00a0regulacja stanu naczy\u0144 krwiono\u015bnych, nowmlizacja ci\u015bnienia, polepszenie pami\u0119ci, sprawno\u015bci w pracy, wzrost pop\u0119du seksualnego.<\/p><p><strong>Masa\u017c serdecznego palca:\u00a0<\/strong>polepszenie stanu uk\u0142adu kostno-ruchowego, leczenie nerwob\u00f3l\u00f3w mi\u0119dzy\u017cebrowych, podwy\u017cszenie reakcji wytrzyma\u0142o\u015bciowych, rozw\u00f3j fizycznych mo\u017cliwo\u015bci, polepszenie samopoczucia.<\/p><p><strong>Masa\u017c ma\u0142ego palca<\/strong>: leczenie i profilaktyka arytmii i b\u00f3l\u00f3w serca, rozwini\u0119cie intuicji, ust\u0105pienie zm\u0119czenia nerwowego i leczenie chronicznych zapar\u0107, zimnych r\u0105k i n\u00f3g, chor\u00f3b oczu.<\/p>\t\t\t\t\t\t\t\t<\/div>\n\t\t\t\t<\/div>\n\t\t<div class=\"elementor-element elementor-element-5f9d84f e-con-full e-flex e-con e-child\" data-id=\"5f9d84f\" data-element_type=\"container\">\n\t\t\t\t<div class=\"elementor-element elementor-element-667b8fe elementor-align-right elementor-widget elementor-widget-button\" data-id=\"667b8fe\" data-element_type=\"widget\" data-widget_type=\"button.default\">\n\t\t\t\t<div class=\"elementor-widget-container\">\n\t\t\t\t\t\t\t\t\t<div class=\"elementor-button-wrapper\">\n\t\t\t\t\t<a class=\"elementor-button elementor-button-link elementor-size-sm\" href=\"#\">\n\t\t\t\t\t\t<span class=\"elementor-button-content-wrapper\">\n\t\t\t\t\t\t\t\t\t<span class=\"elementor-button-text\">Dodaj komentarz<\/span>\n\t\t\t\t\t<\/span>\n\t\t\t\t\t<\/a>\n\t\t\t\t<\/div>\n\t\t\t\t\t\t\t\t<\/div>\n\t\t\t\t<\/div>\n\t\t\t\t<div class=\"elementor-element elementor-element-ddf05fc elementor-button-info elementor-align-right elementor-widget elementor-widget-button\" data-id=\"ddf05fc\" data-element_type=\"widget\" data-widget_type=\"button.default\">\n\t\t\t\t<div class=\"elementor-widget-container\">\n\t\t\t\t\t\t\t\t\t<div class=\"elementor-button-wrapper\">\n\t\t\t\t\t<a class=\"elementor-button elementor-button-link elementor-size-sm\" href=\"https:\/\/zdrowiejoga.pl\/index.php\/artykuly\/\">\n\t\t\t\t\t\t<span class=\"elementor-button-content-wrapper\">\n\t\t\t\t\t\t\t\t\t<span class=\"elementor-button-text\">Wszystkie artyku\u0142y<\/span>\n\t\t\t\t\t<\/span>\n\t\t\t\t\t<\/a>\n\t\t\t\t<\/div>\n\t\t\t\t\t\t\t\t<\/div>\n\t\t\t\t<\/div>\n\t\t\t\t<\/div>\n\t\t\t\t<\/div>\n\t\t\t\t\t<\/div>\n\t\t\t\t<\/div>\n\t\t\t\t<\/div>\n\t\t","protected":false},"excerpt":{"rendered":"<p>Przyrz\u0105d do masa\u017cu palc\u00f3w ANTYSTRESS 28.11.2019 przez webmaster ANTYSTRESS Pier\u015bcie\u0144 ANTYSTRESS\u00a0\u2013 wykonany z czystego ekologicznie metalu, nierdzewnej stali z dodatkiem srebra, oszlifowany diamentem, posiadaj\u0105cy brylanowy blask. Charakteryzuje si\u0119 on w\u0142a\u015bciwo\u015bciami magnetycznymi i obecno\u015bci\u0105 pr\u0105d\u00f3w \u201eredoks\u201d. W jakich okoliczno\u015bciach mo\u017cna stosowa\u0107 przyrz\u0105d do masa\u017cu ANTYSTRESS? Gdy we\u017cmiesz ANTYSTRESS ze sob\u0105 w podr\u00f3\u017c, w delegacj\u0119, na wczasy, [&hellip;]<\/p>\n","protected":false},"author":1,"featured_media":0,"parent":0,"menu_order":0,"comment_status":"closed","ping_status":"closed","template":"elementor_header_footer","meta":{"ocean_post_layout":"","ocean_both_sidebars_style":"","ocean_both_sidebars_content_width":0,"ocean_both_sidebars_sidebars_width":0,"ocean_sidebar":"","ocean_second_sidebar":"","ocean_disable_margins":"enable","ocean_add_body_class":"","ocean_shortcode_before_top_bar":"","ocean_shortcode_after_top_bar":"","ocean_shortcode_before_header":"","ocean_shortcode_after_header":"","ocean_has_shortcode":"","ocean_shortcode_after_title":"","ocean_shortcode_before_footer_widgets":"","ocean_shortcode_after_footer_widgets":"","ocean_shortcode_before_footer_bottom":"","ocean_shortcode_after_footer_bottom":"","ocean_display_top_bar":"default","ocean_display_header":"default","ocean_header_style":"","ocean_center_header_left_menu":"","ocean_custom_header_template":"","ocean_custom_logo":0,"ocean_custom_retina_logo":0,"ocean_custom_logo_max_width":0,"ocean_custom_logo_tablet_max_width":0,"ocean_custom_logo_mobile_max_width":0,"ocean_custom_logo_max_height":0,"ocean_custom_logo_tablet_max_height":0,"ocean_custom_logo_mobile_max_height":0,"ocean_header_custom_menu":"","ocean_menu_typo_font_family":"","ocean_menu_typo_font_subset":"","ocean_menu_typo_font_size":0,"ocean_menu_typo_font_size_tablet":0,"ocean_menu_typo_font_size_mobile":0,"ocean_menu_typo_font_size_unit":"px","ocean_menu_typo_font_weight":"","ocean_menu_typo_font_weight_tablet":"","ocean_menu_typo_font_weight_mobile":"","ocean_menu_typo_transform":"","ocean_menu_typo_transform_tablet":"","ocean_menu_typo_transform_mobile":"","ocean_menu_typo_line_height":0,"ocean_menu_typo_line_height_tablet":0,"ocean_menu_typo_line_height_mobile":0,"ocean_menu_typo_line_height_unit":"","ocean_menu_typo_spacing":0,"ocean_menu_typo_spacing_tablet":0,"ocean_menu_typo_spacing_mobile":0,"ocean_menu_typo_spacing_unit":"","ocean_menu_link_color":"","ocean_menu_link_color_hover":"","ocean_menu_link_color_active":"","ocean_menu_link_background":"","ocean_menu_link_hover_background":"","ocean_menu_link_active_background":"","ocean_menu_social_links_bg":"","ocean_menu_social_hover_links_bg":"","ocean_menu_social_links_color":"","ocean_menu_social_hover_links_color":"","ocean_disable_title":"default","ocean_disable_heading":"default","ocean_post_title":"","ocean_post_subheading":"","ocean_post_title_style":"","ocean_post_title_background_color":"","ocean_post_title_background":0,"ocean_post_title_bg_image_position":"","ocean_post_title_bg_image_attachment":"","ocean_post_title_bg_image_repeat":"","ocean_post_title_bg_image_size":"","ocean_post_title_height":0,"ocean_post_title_bg_overlay":0.5,"ocean_post_title_bg_overlay_color":"","ocean_disable_breadcrumbs":"default","ocean_breadcrumbs_color":"","ocean_breadcrumbs_separator_color":"","ocean_breadcrumbs_links_color":"","ocean_breadcrumbs_links_hover_color":"","ocean_display_footer_widgets":"default","ocean_display_footer_bottom":"default","ocean_custom_footer_template":"","footnotes":""},"class_list":["post-561","page","type-page","status-publish","hentry","entry"],"_links":{"self":[{"href":"https:\/\/zdrowiejoga.pl\/index.php\/wp-json\/wp\/v2\/pages\/561","targetHints":{"allow":["GET"]}}],"collection":[{"href":"https:\/\/zdrowiejoga.pl\/index.php\/wp-json\/wp\/v2\/pages"}],"about":[{"href":"https:\/\/zdrowiejoga.pl\/index.php\/wp-json\/wp\/v2\/types\/page"}],"author":[{"embeddable":true,"href":"https:\/\/zdrowiejoga.pl\/index.php\/wp-json\/wp\/v2\/users\/1"}],"replies":[{"embeddable":true,"href":"https:\/\/zdrowiejoga.pl\/index.php\/wp-json\/wp\/v2\/comments?post=561"}],"version-history":[{"count":25,"href":"https:\/\/zdrowiejoga.pl\/index.php\/wp-json\/wp\/v2\/pages\/561\/revisions"}],"predecessor-version":[{"id":2805,"href":"https:\/\/zdrowiejoga.pl\/index.php\/wp-json\/wp\/v2\/pages\/561\/revisions\/2805"}],"wp:attachment":[{"href":"https:\/\/zdrowiejoga.pl\/index.php\/wp-json\/wp\/v2\/media?parent=561"}],"curies":[{"name":"wp","href":"https:\/\/api.w.org\/{rel}","templated":true}]}}