{"id":555,"date":"2025-06-12T00:10:46","date_gmt":"2025-06-12T00:10:46","guid":{"rendered":"http:\/\/zdrowiejoga.pl\/?page_id=555"},"modified":"2025-07-13T14:23:13","modified_gmt":"2025-07-13T14:23:13","slug":"jala-neti","status":"publish","type":"page","link":"https:\/\/zdrowiejoga.pl\/index.php\/jala-neti\/","title":{"rendered":"Artyku\u0142y &#8211; Jala"},"content":{"rendered":"\t\t<div data-elementor-type=\"wp-page\" data-elementor-id=\"555\" class=\"elementor elementor-555\">\n\t\t\t\t<div class=\"elementor-element elementor-element-d65be7f e-flex e-con-boxed e-con e-parent\" data-id=\"d65be7f\" data-element_type=\"container\">\n\t\t\t\t\t<div class=\"e-con-inner\">\n\t\t<div class=\"elementor-element elementor-element-4d96839 e-con-full e-flex e-con e-child\" data-id=\"4d96839\" data-element_type=\"container\" data-settings=\"{&quot;background_background&quot;:&quot;classic&quot;}\">\n\t\t\t\t<div class=\"elementor-element elementor-element-c22f5f6 elementor-widget elementor-widget-heading\" data-id=\"c22f5f6\" data-element_type=\"widget\" data-widget_type=\"heading.default\">\n\t\t\t\t<div class=\"elementor-widget-container\">\n\t\t\t\t\t<h2 class=\"elementor-heading-title elementor-size-default\">Jala Neti<\/h2>\t\t\t\t<\/div>\n\t\t\t\t<\/div>\n\t\t\t\t<div class=\"elementor-element elementor-element-fa97ece elementor-widget elementor-widget-heading\" data-id=\"fa97ece\" data-element_type=\"widget\" data-widget_type=\"heading.default\">\n\t\t\t\t<div class=\"elementor-widget-container\">\n\t\t\t\t\t<h2 class=\"elementor-heading-title elementor-size-default\">28.11.2019 przez webmaster<\/h2>\t\t\t\t<\/div>\n\t\t\t\t<\/div>\n\t\t\t\t<div class=\"elementor-element elementor-element-63659eb elementor-widget elementor-widget-heading\" data-id=\"63659eb\" data-element_type=\"widget\" data-widget_type=\"heading.default\">\n\t\t\t\t<div class=\"elementor-widget-container\">\n\t\t\t\t\t<h2 class=\"elementor-heading-title elementor-size-default\">P\u0141ukanie nosa- JALA-NETI <\/h2>\t\t\t\t<\/div>\n\t\t\t\t<\/div>\n\t\t\t\t<div class=\"elementor-element elementor-element-f92f64c elementor-widget__width-initial elementor-widget elementor-widget-image\" data-id=\"f92f64c\" data-element_type=\"widget\" data-widget_type=\"image.default\">\n\t\t\t\t<div class=\"elementor-widget-container\">\n\t\t\t\t\t\t\t\t\t\t\t\t\t\t\t<img fetchpriority=\"high\" decoding=\"async\" width=\"277\" height=\"300\" src=\"https:\/\/zdrowiejoga.pl\/wp-content\/uploads\/2025\/06\/jalaneti-277x300.jpg\" class=\"attachment-medium size-medium wp-image-516\" alt=\"\" srcset=\"https:\/\/zdrowiejoga.pl\/wp-content\/uploads\/2025\/06\/jalaneti-277x300.jpg 277w, https:\/\/zdrowiejoga.pl\/wp-content\/uploads\/2025\/06\/jalaneti.jpg 343w\" sizes=\"(max-width: 277px) 100vw, 277px\" \/>\t\t\t\t\t\t\t\t\t\t\t\t\t\t\t<\/div>\n\t\t\t\t<\/div>\n\t\t\t\t<div class=\"elementor-element elementor-element-52c56b9 elementor-widget elementor-widget-text-editor\" data-id=\"52c56b9\" data-element_type=\"widget\" data-widget_type=\"text-editor.default\">\n\t\t\t\t<div class=\"elementor-widget-container\">\n\t\t\t\t\t\t\t\t\t<p><strong>JALA-NETI<\/strong>\u00a0to naturalna, prosta i skuteczna metoda oczyszczania g\u00f3rnych dr\u00f3g oddechowych, zaczerpni\u0119ta ze staro\u017cytnych nauk Ajurwedy. Wszyscy mo\u017cemy stwierdzi\u0107, \u017ce nasze nosy s\u0105 blokowane przez kurz, py\u0142ki i inne dra\u017cni\u0105ce czynniki. Aby je usun\u0105\u0107 potrzebujemy oczy\u015bci\u0107 nos. W staro\u017cytno\u015bci p\u0142ukanie nosa roztworem soli kuchennej znane jest, tak jak mycie z\u0119b\u00f3w, od stuleci jako codzienny, naturalny zabieg higieniczny.<\/p><p><strong>\u00a0<\/strong><strong>Technika Neti<\/strong><\/p><p>Technika\u00a0<strong>Neti<\/strong>wykorzystuje zwyk\u0142\u0105 wod\u0119 i s\u00f3l morsk\u0105. Roztw\u00f3r sk\u0142ada si\u0119 z 1\/2 litra wody i 1 \u0142y\u017ceczki soli. Woda nie mo\u017ce by\u0107 za zimna ani zbyt ciep\u0142a. Za pomoc\u0105\u00a0<strong>naczynia zwanego Neti<\/strong>\u00a0wlewa si\u0119 strumie\u0144 s\u0142onej wody do prawej dziurki nosa przechylaj\u0105c tak g\u0142ow\u0119 aby przez lew\u0105 dziurk\u0119 woda mog\u0142a wyp\u0142yn\u0105\u0107. Nast\u0119pnie zmieniamy kierunek przep\u0142ywu roztworu, wlewamy wod\u0119 w lew\u0105 dziurk\u0119 w podobny spos\u00f3b wypuszczamy przez praw\u0105. Usuwamy nie tylko chemiczne zanieczyszczenia, \u015bluz ale tak\u017ce wirusy i bakterie.<\/p>\t\t\t\t\t\t\t\t<\/div>\n\t\t\t\t<\/div>\n\t\t\t\t<div class=\"elementor-element elementor-element-5d3e928 elementor-widget__width-initial elementor-widget elementor-widget-image\" data-id=\"5d3e928\" data-element_type=\"widget\" data-widget_type=\"image.default\">\n\t\t\t\t<div class=\"elementor-widget-container\">\n\t\t\t\t\t\t\t\t\t\t\t\t\t\t\t<img decoding=\"async\" width=\"300\" height=\"198\" src=\"https:\/\/zdrowiejoga.pl\/wp-content\/uploads\/2025\/06\/using-neti-pot-by-mybloodyself-300x198-1.jpg\" class=\"attachment-medium size-medium wp-image-557\" alt=\"\" \/>\t\t\t\t\t\t\t\t\t\t\t\t\t\t\t<\/div>\n\t\t\t\t<\/div>\n\t\t\t\t<div class=\"elementor-element elementor-element-27072f3 elementor-widget elementor-widget-text-editor\" data-id=\"27072f3\" data-element_type=\"widget\" data-widget_type=\"text-editor.default\">\n\t\t\t\t<div class=\"elementor-widget-container\">\n\t\t\t\t\t\t\t\t\t<p>Prosta, ale bardzo skuteczna technika\u00a0<strong>Neti<\/strong>\u00a0czyni cuda, usuwa infekcje g\u00f3rnych dr\u00f3g<br \/>oddechowych, pomaga w oddychaniu, poprawia kondycj\u0119 ca\u0142ego organizmu. Szczeg\u00f3lnie przydatna jest dla os\u00f3b pracuj\u0105cych w kurzu i dymie. \u0141agodzi objawy kataru przezi\u0119bieniowego i przynosi wyra\u017an\u0105 ulg\u0119 przy katarze siennym. Godne polecenia jest stosowanie\u00a0<strong>Neti<\/strong>\u00a0przez osoby \u0107wicz\u0105ce jog\u0119, szczeg\u00f3lnie przed \u0107wiczeniami oddechowymi.\u00a0<strong>Jala<\/strong>\u00a0<strong>Neti<\/strong>\u00a0<strong>doskonale<\/strong>\u00a0<strong>budzi<\/strong>\u00a0<strong>rano<\/strong>, przynosi lepsze samopoczucie.\u00a0\u00a0\u00a0\u00a0\u00a0<\/p><p><strong>Podsumowuj\u0105c Jala Neti stosuje si\u0119 w celu:<\/strong><\/p><p><strong>1. zapobiegania i wspomagania leczenia dolegliwo\u015bci zwi\u0105zanych z katarem siennym, wzgl\u0119dnie alergi\u0105 na py\u0142ki, grzyby ple\u015bniowe, kurz,<\/strong><\/p><p><strong>2. zapobiegania i wspomagania leczenia chor\u00f3b wirusowych przenoszonych metod\u0105 kropelkow\u0105, takich jak przezi\u0119bienia i grypa, kt\u00f3re przebiegaj\u0105 z utrudnionym oddychaniem i gor\u0105czk\u0105,<\/strong><\/p><p><strong>3. przy zatkanym nosie i nadmiernym wytwarzaniu \u015bluzu dla wspierania swobodnego oddychania przez nos.<\/strong><\/p><p><strong>4. do nawil\u017cania b\u0142ony \u015bluzowej nosa w przypadku suchego powietrza.<\/strong><\/p><p><strong>5. w celu oczyszczenia b\u0142ony \u015bluzowej nosa przy przebywaniu w miejscach o du\u017cym st\u0119\u017ceniu kurzu, py\u0142u, lub dymu.<\/strong><\/p><p><strong>6. przy zatkanym nosie i wysuszonej b\u0142onie \u015bluzowej w celu nawil\u017cenia i delikatnego rozpuszczenia materia\u0142u blokuj\u0105cego nos,<\/strong><\/p><p><strong>7. dla zapobiegania infekcjom i wzmacniania os\u0142abionego uk\u0142adu odporno\u015bciowego,<\/strong><\/p><p><strong>8. jako kuracja towarzysz\u0105ca przy ostrym i chronicznym zapaleniu b\u0142ony \u015bluzowej nosa i zatok,<\/strong><\/p><p><strong>9. pomocniczo przy leczeniu chrapania.<\/strong><\/p><p><strong>10. codzienne stosowanie przyczynia si\u0119 do rzucenia palenia!<\/strong><\/p><p><strong>11. zmniejsza py\u0142ki powoduj\u0105ce alergi\u0119,<\/strong><\/p><p><strong>12. usuwa z zatok nadmiar \u015bluzu,<\/strong><\/p><p><strong>13. nawil\u017ca nos<\/strong><strong>.<\/strong><\/p><p class=\"has-text-color has-bright-red-color\">Kupi\u0107 naczynie Neti mo\u017cna u nas w Gabinecie Medycyny Naturalnej w Ostro\u0142\u0119ce\u00a0<em>Zdrowie,<\/em>\u00a0lub zam\u00f3wi\u0107 u nas w\u00a0<strong>SKLEPIK<\/strong>u, nadajemy konsultacje dotycz\u0105ce techniki Neti, oraz przeprowadzamy pierwszy zabieg.<\/p>\t\t\t\t\t\t\t\t<\/div>\n\t\t\t\t<\/div>\n\t\t<div class=\"elementor-element elementor-element-a2801ae e-con-full e-flex e-con e-child\" data-id=\"a2801ae\" data-element_type=\"container\">\n\t\t\t\t<div class=\"elementor-element elementor-element-00c0567 elementor-align-right elementor-widget elementor-widget-button\" data-id=\"00c0567\" data-element_type=\"widget\" data-widget_type=\"button.default\">\n\t\t\t\t<div class=\"elementor-widget-container\">\n\t\t\t\t\t\t\t\t\t<div class=\"elementor-button-wrapper\">\n\t\t\t\t\t<a class=\"elementor-button elementor-button-link elementor-size-sm\" href=\"#\">\n\t\t\t\t\t\t<span class=\"elementor-button-content-wrapper\">\n\t\t\t\t\t\t\t\t\t<span class=\"elementor-button-text\">Dodaj komentarz<\/span>\n\t\t\t\t\t<\/span>\n\t\t\t\t\t<\/a>\n\t\t\t\t<\/div>\n\t\t\t\t\t\t\t\t<\/div>\n\t\t\t\t<\/div>\n\t\t\t\t<div class=\"elementor-element elementor-element-6ae3999 elementor-button-info elementor-align-right elementor-widget elementor-widget-button\" data-id=\"6ae3999\" data-element_type=\"widget\" data-widget_type=\"button.default\">\n\t\t\t\t<div class=\"elementor-widget-container\">\n\t\t\t\t\t\t\t\t\t<div class=\"elementor-button-wrapper\">\n\t\t\t\t\t<a class=\"elementor-button elementor-button-link elementor-size-sm\" href=\"https:\/\/zdrowiejoga.pl\/index.php\/artykuly\/\">\n\t\t\t\t\t\t<span class=\"elementor-button-content-wrapper\">\n\t\t\t\t\t\t\t\t\t<span class=\"elementor-button-text\">Wszystkie artyku\u0142y<\/span>\n\t\t\t\t\t<\/span>\n\t\t\t\t\t<\/a>\n\t\t\t\t<\/div>\n\t\t\t\t\t\t\t\t<\/div>\n\t\t\t\t<\/div>\n\t\t\t\t<\/div>\n\t\t\t\t<\/div>\n\t\t\t\t\t<\/div>\n\t\t\t\t<\/div>\n\t\t\t\t<\/div>\n\t\t","protected":false},"excerpt":{"rendered":"<p>Jala Neti 28.11.2019 przez webmaster P\u0141ukanie nosa- JALA-NETI JALA-NETI\u00a0to naturalna, prosta i skuteczna metoda oczyszczania g\u00f3rnych dr\u00f3g oddechowych, zaczerpni\u0119ta ze staro\u017cytnych nauk Ajurwedy. Wszyscy mo\u017cemy stwierdzi\u0107, \u017ce nasze nosy s\u0105 blokowane przez kurz, py\u0142ki i inne dra\u017cni\u0105ce czynniki. Aby je usun\u0105\u0107 potrzebujemy oczy\u015bci\u0107 nos. W staro\u017cytno\u015bci p\u0142ukanie nosa roztworem soli kuchennej znane jest, tak jak [&hellip;]<\/p>\n","protected":false},"author":1,"featured_media":0,"parent":0,"menu_order":0,"comment_status":"closed","ping_status":"closed","template":"elementor_header_footer","meta":{"ocean_post_layout":"","ocean_both_sidebars_style":"","ocean_both_sidebars_content_width":0,"ocean_both_sidebars_sidebars_width":0,"ocean_sidebar":"","ocean_second_sidebar":"","ocean_disable_margins":"enable","ocean_add_body_class":"","ocean_shortcode_before_top_bar":"","ocean_shortcode_after_top_bar":"","ocean_shortcode_before_header":"","ocean_shortcode_after_header":"","ocean_has_shortcode":"","ocean_shortcode_after_title":"","ocean_shortcode_before_footer_widgets":"","ocean_shortcode_after_footer_widgets":"","ocean_shortcode_before_footer_bottom":"","ocean_shortcode_after_footer_bottom":"","ocean_display_top_bar":"default","ocean_display_header":"default","ocean_header_style":"","ocean_center_header_left_menu":"","ocean_custom_header_template":"","ocean_custom_logo":0,"ocean_custom_retina_logo":0,"ocean_custom_logo_max_width":0,"ocean_custom_logo_tablet_max_width":0,"ocean_custom_logo_mobile_max_width":0,"ocean_custom_logo_max_height":0,"ocean_custom_logo_tablet_max_height":0,"ocean_custom_logo_mobile_max_height":0,"ocean_header_custom_menu":"","ocean_menu_typo_font_family":"","ocean_menu_typo_font_subset":"","ocean_menu_typo_font_size":0,"ocean_menu_typo_font_size_tablet":0,"ocean_menu_typo_font_size_mobile":0,"ocean_menu_typo_font_size_unit":"px","ocean_menu_typo_font_weight":"","ocean_menu_typo_font_weight_tablet":"","ocean_menu_typo_font_weight_mobile":"","ocean_menu_typo_transform":"","ocean_menu_typo_transform_tablet":"","ocean_menu_typo_transform_mobile":"","ocean_menu_typo_line_height":0,"ocean_menu_typo_line_height_tablet":0,"ocean_menu_typo_line_height_mobile":0,"ocean_menu_typo_line_height_unit":"","ocean_menu_typo_spacing":0,"ocean_menu_typo_spacing_tablet":0,"ocean_menu_typo_spacing_mobile":0,"ocean_menu_typo_spacing_unit":"","ocean_menu_link_color":"","ocean_menu_link_color_hover":"","ocean_menu_link_color_active":"","ocean_menu_link_background":"","ocean_menu_link_hover_background":"","ocean_menu_link_active_background":"","ocean_menu_social_links_bg":"","ocean_menu_social_hover_links_bg":"","ocean_menu_social_links_color":"","ocean_menu_social_hover_links_color":"","ocean_disable_title":"default","ocean_disable_heading":"default","ocean_post_title":"","ocean_post_subheading":"","ocean_post_title_style":"","ocean_post_title_background_color":"","ocean_post_title_background":0,"ocean_post_title_bg_image_position":"","ocean_post_title_bg_image_attachment":"","ocean_post_title_bg_image_repeat":"","ocean_post_title_bg_image_size":"","ocean_post_title_height":0,"ocean_post_title_bg_overlay":0.5,"ocean_post_title_bg_overlay_color":"","ocean_disable_breadcrumbs":"default","ocean_breadcrumbs_color":"","ocean_breadcrumbs_separator_color":"","ocean_breadcrumbs_links_color":"","ocean_breadcrumbs_links_hover_color":"","ocean_display_footer_widgets":"default","ocean_display_footer_bottom":"default","ocean_custom_footer_template":"","footnotes":""},"class_list":["post-555","page","type-page","status-publish","hentry","entry"],"_links":{"self":[{"href":"https:\/\/zdrowiejoga.pl\/index.php\/wp-json\/wp\/v2\/pages\/555","targetHints":{"allow":["GET"]}}],"collection":[{"href":"https:\/\/zdrowiejoga.pl\/index.php\/wp-json\/wp\/v2\/pages"}],"about":[{"href":"https:\/\/zdrowiejoga.pl\/index.php\/wp-json\/wp\/v2\/types\/page"}],"author":[{"embeddable":true,"href":"https:\/\/zdrowiejoga.pl\/index.php\/wp-json\/wp\/v2\/users\/1"}],"replies":[{"embeddable":true,"href":"https:\/\/zdrowiejoga.pl\/index.php\/wp-json\/wp\/v2\/comments?post=555"}],"version-history":[{"count":25,"href":"https:\/\/zdrowiejoga.pl\/index.php\/wp-json\/wp\/v2\/pages\/555\/revisions"}],"predecessor-version":[{"id":2808,"href":"https:\/\/zdrowiejoga.pl\/index.php\/wp-json\/wp\/v2\/pages\/555\/revisions\/2808"}],"wp:attachment":[{"href":"https:\/\/zdrowiejoga.pl\/index.php\/wp-json\/wp\/v2\/media?parent=555"}],"curies":[{"name":"wp","href":"https:\/\/api.w.org\/{rel}","templated":true}]}}