{"id":544,"date":"2025-06-11T23:59:56","date_gmt":"2025-06-11T23:59:56","guid":{"rendered":"http:\/\/zdrowiejoga.pl\/?page_id=544"},"modified":"2025-07-13T14:23:35","modified_gmt":"2025-07-13T14:23:35","slug":"netra-vasti","status":"publish","type":"page","link":"https:\/\/zdrowiejoga.pl\/index.php\/netra-vasti\/","title":{"rendered":"Artyku\u0142y &#8211; Netra"},"content":{"rendered":"\t\t<div data-elementor-type=\"wp-page\" data-elementor-id=\"544\" class=\"elementor elementor-544\">\n\t\t\t\t<div class=\"elementor-element elementor-element-b2544f3 e-flex e-con-boxed e-con e-parent\" data-id=\"b2544f3\" data-element_type=\"container\">\n\t\t\t\t\t<div class=\"e-con-inner\">\n\t\t<div class=\"elementor-element elementor-element-7d7248b e-con-full e-flex e-con e-child\" data-id=\"7d7248b\" data-element_type=\"container\" data-settings=\"{&quot;background_background&quot;:&quot;classic&quot;}\">\n\t\t\t\t<div class=\"elementor-element elementor-element-64d10bf elementor-widget elementor-widget-heading\" data-id=\"64d10bf\" data-element_type=\"widget\" data-widget_type=\"heading.default\">\n\t\t\t\t<div class=\"elementor-widget-container\">\n\t\t\t\t\t<h2 class=\"elementor-heading-title elementor-size-default\">Netra Vasti<\/h2>\t\t\t\t<\/div>\n\t\t\t\t<\/div>\n\t\t\t\t<div class=\"elementor-element elementor-element-fbeb27c elementor-widget elementor-widget-heading\" data-id=\"fbeb27c\" data-element_type=\"widget\" data-widget_type=\"heading.default\">\n\t\t\t\t<div class=\"elementor-widget-container\">\n\t\t\t\t\t<h2 class=\"elementor-heading-title elementor-size-default\">28.11.2019 przez webmaster<\/h2>\t\t\t\t<\/div>\n\t\t\t\t<\/div>\n\t\t\t\t<div class=\"elementor-element elementor-element-8b2aa42 elementor-widget elementor-widget-heading\" data-id=\"8b2aa42\" data-element_type=\"widget\" data-widget_type=\"heading.default\">\n\t\t\t\t<div class=\"elementor-widget-container\">\n\t\t\t\t\t<h2 class=\"elementor-heading-title elementor-size-default\">Netra Vasti \u2013 oczyszczanie oczu<\/h2>\t\t\t\t<\/div>\n\t\t\t\t<\/div>\n\t\t\t\t<div class=\"elementor-element elementor-element-cc2deb7 elementor-widget__width-initial elementor-widget elementor-widget-image\" data-id=\"cc2deb7\" data-element_type=\"widget\" data-widget_type=\"image.default\">\n\t\t\t\t<div class=\"elementor-widget-container\">\n\t\t\t\t\t\t\t\t\t\t\t\t\t\t\t<img decoding=\"async\" width=\"194\" height=\"243\" src=\"https:\/\/zdrowiejoga.pl\/wp-content\/uploads\/2025\/06\/netravasti1.jpg\" class=\"attachment-medium size-medium wp-image-515\" alt=\"\" \/>\t\t\t\t\t\t\t\t\t\t\t\t\t\t\t<\/div>\n\t\t\t\t<\/div>\n\t\t\t\t<div class=\"elementor-element elementor-element-19f17eb elementor-widget elementor-widget-text-editor\" data-id=\"19f17eb\" data-element_type=\"widget\" data-widget_type=\"text-editor.default\">\n\t\t\t\t<div class=\"elementor-widget-container\">\n\t\t\t\t\t\t\t\t\t<p>To \u0142agodny, nieinwazyjny zabieg regeneruj\u0105cy oczy,\u00a0polegaj\u0105cy na g\u0142\u0119bokim oczyszczaniu i relaksowaniu oka,\u00a0oraz r\u00f3wnowa\u017c\u0105cy system nerwowy.\u00a0<strong>Netra Vasti<\/strong>\u00a0\u2013 zabieg, kt\u00f3ry polega na k\u0105pieli oczu\u00a0w\u00a0<strong>ma\u015ble Ghee (mas\u0142o klarowane).\u00a0<\/strong>Zabieg\u00a0<strong>Netra Vasti<\/strong>\u00a0mo\u017ce by\u0107 stosowany w niekt\u00f3rych\u00a0chorobach przewlek\u0142ych oczu oraz jako profilaktyka.\u00a0W medycynie ajurwedyjskiej\u00a0<strong>zabieg ten stosowany jest\u00a0jako zabieg leczniczy dla os\u00f3b w r\u00f3\u017cnym wieku przy\u00a0chorobach takich jak<\/strong>:<\/p><p>\u2013 kurza \u015blepota<\/p><p>\u2013 jaskra<\/p><p>\u2013 zm\u0119czenie , sucho\u015b\u0107 , stany zapalne oczu<\/p><p>\u2013 praca przy komputerze<\/p><p>\u2013 zapalenie spoj\u00f3wek<\/p><p>\u2013 owrzodzenie rog\u00f3wki<\/p><p>\u2013 ciemne kr\u0119gi pod oczami<\/p><p><strong>Zabieg ten likwiduje napi\u0119cie tkanki okolic oczu , poprawia wzrok, \u015bwietnie r\u00f3wnowa\u017cy uk\u0142ad nerwowy, wyg\u0142adza zmarszczki. <\/strong><br \/><strong>Zabieg mo<\/strong><strong>\u017c<\/strong><strong>na zrobi<\/strong> <strong> u nas w Gabinecie. Prosimy najpierw si\u0119 zapisa\u0107 na odpowieni\u0105 godzin\u0119.<\/strong><\/p>\t\t\t\t\t\t\t\t<\/div>\n\t\t\t\t<\/div>\n\t\t<div class=\"elementor-element elementor-element-7fa6481 e-con-full e-flex e-con e-child\" data-id=\"7fa6481\" data-element_type=\"container\">\n\t\t\t\t<div class=\"elementor-element elementor-element-e947dbb elementor-align-right elementor-widget elementor-widget-button\" data-id=\"e947dbb\" data-element_type=\"widget\" data-widget_type=\"button.default\">\n\t\t\t\t<div class=\"elementor-widget-container\">\n\t\t\t\t\t\t\t\t\t<div class=\"elementor-button-wrapper\">\n\t\t\t\t\t<a class=\"elementor-button elementor-button-link elementor-size-sm\" href=\"#\">\n\t\t\t\t\t\t<span class=\"elementor-button-content-wrapper\">\n\t\t\t\t\t\t\t\t\t<span class=\"elementor-button-text\">Dodaj komentarz<\/span>\n\t\t\t\t\t<\/span>\n\t\t\t\t\t<\/a>\n\t\t\t\t<\/div>\n\t\t\t\t\t\t\t\t<\/div>\n\t\t\t\t<\/div>\n\t\t\t\t<div class=\"elementor-element elementor-element-21f44f6 elementor-button-info elementor-align-right elementor-widget elementor-widget-button\" data-id=\"21f44f6\" data-element_type=\"widget\" data-widget_type=\"button.default\">\n\t\t\t\t<div class=\"elementor-widget-container\">\n\t\t\t\t\t\t\t\t\t<div class=\"elementor-button-wrapper\">\n\t\t\t\t\t<a class=\"elementor-button elementor-button-link elementor-size-sm\" href=\"https:\/\/zdrowiejoga.pl\/index.php\/artykuly\/\">\n\t\t\t\t\t\t<span class=\"elementor-button-content-wrapper\">\n\t\t\t\t\t\t\t\t\t<span class=\"elementor-button-text\">Wszystkie artyku\u0142y<\/span>\n\t\t\t\t\t<\/span>\n\t\t\t\t\t<\/a>\n\t\t\t\t<\/div>\n\t\t\t\t\t\t\t\t<\/div>\n\t\t\t\t<\/div>\n\t\t\t\t<\/div>\n\t\t\t\t<\/div>\n\t\t\t\t\t<\/div>\n\t\t\t\t<\/div>\n\t\t\t\t<\/div>\n\t\t","protected":false},"excerpt":{"rendered":"<p>Netra Vasti 28.11.2019 przez webmaster Netra Vasti \u2013 oczyszczanie oczu To \u0142agodny, nieinwazyjny zabieg regeneruj\u0105cy oczy,\u00a0polegaj\u0105cy na g\u0142\u0119bokim oczyszczaniu i relaksowaniu oka,\u00a0oraz r\u00f3wnowa\u017c\u0105cy system nerwowy.\u00a0Netra Vasti\u00a0\u2013 zabieg, kt\u00f3ry polega na k\u0105pieli oczu\u00a0w\u00a0ma\u015ble Ghee (mas\u0142o klarowane).\u00a0Zabieg\u00a0Netra Vasti\u00a0mo\u017ce by\u0107 stosowany w niekt\u00f3rych\u00a0chorobach przewlek\u0142ych oczu oraz jako profilaktyka.\u00a0W medycynie ajurwedyjskiej\u00a0zabieg ten stosowany jest\u00a0jako zabieg leczniczy dla os\u00f3b w [&hellip;]<\/p>\n","protected":false},"author":1,"featured_media":0,"parent":0,"menu_order":0,"comment_status":"closed","ping_status":"closed","template":"elementor_header_footer","meta":{"ocean_post_layout":"","ocean_both_sidebars_style":"","ocean_both_sidebars_content_width":0,"ocean_both_sidebars_sidebars_width":0,"ocean_sidebar":"","ocean_second_sidebar":"","ocean_disable_margins":"enable","ocean_add_body_class":"","ocean_shortcode_before_top_bar":"","ocean_shortcode_after_top_bar":"","ocean_shortcode_before_header":"","ocean_shortcode_after_header":"","ocean_has_shortcode":"","ocean_shortcode_after_title":"","ocean_shortcode_before_footer_widgets":"","ocean_shortcode_after_footer_widgets":"","ocean_shortcode_before_footer_bottom":"","ocean_shortcode_after_footer_bottom":"","ocean_display_top_bar":"default","ocean_display_header":"default","ocean_header_style":"","ocean_center_header_left_menu":"","ocean_custom_header_template":"","ocean_custom_logo":0,"ocean_custom_retina_logo":0,"ocean_custom_logo_max_width":0,"ocean_custom_logo_tablet_max_width":0,"ocean_custom_logo_mobile_max_width":0,"ocean_custom_logo_max_height":0,"ocean_custom_logo_tablet_max_height":0,"ocean_custom_logo_mobile_max_height":0,"ocean_header_custom_menu":"","ocean_menu_typo_font_family":"","ocean_menu_typo_font_subset":"","ocean_menu_typo_font_size":0,"ocean_menu_typo_font_size_tablet":0,"ocean_menu_typo_font_size_mobile":0,"ocean_menu_typo_font_size_unit":"px","ocean_menu_typo_font_weight":"","ocean_menu_typo_font_weight_tablet":"","ocean_menu_typo_font_weight_mobile":"","ocean_menu_typo_transform":"","ocean_menu_typo_transform_tablet":"","ocean_menu_typo_transform_mobile":"","ocean_menu_typo_line_height":0,"ocean_menu_typo_line_height_tablet":0,"ocean_menu_typo_line_height_mobile":0,"ocean_menu_typo_line_height_unit":"","ocean_menu_typo_spacing":0,"ocean_menu_typo_spacing_tablet":0,"ocean_menu_typo_spacing_mobile":0,"ocean_menu_typo_spacing_unit":"","ocean_menu_link_color":"","ocean_menu_link_color_hover":"","ocean_menu_link_color_active":"","ocean_menu_link_background":"","ocean_menu_link_hover_background":"","ocean_menu_link_active_background":"","ocean_menu_social_links_bg":"","ocean_menu_social_hover_links_bg":"","ocean_menu_social_links_color":"","ocean_menu_social_hover_links_color":"","ocean_disable_title":"default","ocean_disable_heading":"default","ocean_post_title":"","ocean_post_subheading":"","ocean_post_title_style":"","ocean_post_title_background_color":"","ocean_post_title_background":0,"ocean_post_title_bg_image_position":"","ocean_post_title_bg_image_attachment":"","ocean_post_title_bg_image_repeat":"","ocean_post_title_bg_image_size":"","ocean_post_title_height":0,"ocean_post_title_bg_overlay":0.5,"ocean_post_title_bg_overlay_color":"","ocean_disable_breadcrumbs":"default","ocean_breadcrumbs_color":"","ocean_breadcrumbs_separator_color":"","ocean_breadcrumbs_links_color":"","ocean_breadcrumbs_links_hover_color":"","ocean_display_footer_widgets":"default","ocean_display_footer_bottom":"default","ocean_custom_footer_template":"","footnotes":""},"class_list":["post-544","page","type-page","status-publish","hentry","entry"],"_links":{"self":[{"href":"https:\/\/zdrowiejoga.pl\/index.php\/wp-json\/wp\/v2\/pages\/544","targetHints":{"allow":["GET"]}}],"collection":[{"href":"https:\/\/zdrowiejoga.pl\/index.php\/wp-json\/wp\/v2\/pages"}],"about":[{"href":"https:\/\/zdrowiejoga.pl\/index.php\/wp-json\/wp\/v2\/types\/page"}],"author":[{"embeddable":true,"href":"https:\/\/zdrowiejoga.pl\/index.php\/wp-json\/wp\/v2\/users\/1"}],"replies":[{"embeddable":true,"href":"https:\/\/zdrowiejoga.pl\/index.php\/wp-json\/wp\/v2\/comments?post=544"}],"version-history":[{"count":28,"href":"https:\/\/zdrowiejoga.pl\/index.php\/wp-json\/wp\/v2\/pages\/544\/revisions"}],"predecessor-version":[{"id":2814,"href":"https:\/\/zdrowiejoga.pl\/index.php\/wp-json\/wp\/v2\/pages\/544\/revisions\/2814"}],"wp:attachment":[{"href":"https:\/\/zdrowiejoga.pl\/index.php\/wp-json\/wp\/v2\/media?parent=544"}],"curies":[{"name":"wp","href":"https:\/\/api.w.org\/{rel}","templated":true}]}}