{"id":535,"date":"2025-06-11T23:56:46","date_gmt":"2025-06-11T23:56:46","guid":{"rendered":"http:\/\/zdrowiejoga.pl\/?page_id=535"},"modified":"2025-07-13T14:24:02","modified_gmt":"2025-07-13T14:24:02","slug":"vitafon2","status":"publish","type":"page","link":"https:\/\/zdrowiejoga.pl\/index.php\/vitafon2\/","title":{"rendered":"Artyku\u0142y\u200b &#8211; Vitafon2"},"content":{"rendered":"\t\t<div data-elementor-type=\"wp-page\" data-elementor-id=\"535\" class=\"elementor elementor-535\">\n\t\t\t\t<div class=\"elementor-element elementor-element-f8555b5 e-flex e-con-boxed e-con e-parent\" data-id=\"f8555b5\" data-element_type=\"container\">\n\t\t\t\t\t<div class=\"e-con-inner\">\n\t\t<div class=\"elementor-element elementor-element-b1701ae e-con-full e-flex e-con e-child\" data-id=\"b1701ae\" data-element_type=\"container\" data-settings=\"{&quot;background_background&quot;:&quot;classic&quot;}\">\n\t\t\t\t<div class=\"elementor-element elementor-element-adab07d elementor-widget elementor-widget-heading\" data-id=\"adab07d\" data-element_type=\"widget\" data-widget_type=\"heading.default\">\n\t\t\t\t<div class=\"elementor-widget-container\">\n\t\t\t\t\t<h2 class=\"elementor-heading-title elementor-size-default\">Vitafon2<\/h2>\t\t\t\t<\/div>\n\t\t\t\t<\/div>\n\t\t\t\t<div class=\"elementor-element elementor-element-27e0e67 elementor-widget elementor-widget-heading\" data-id=\"27e0e67\" data-element_type=\"widget\" data-widget_type=\"heading.default\">\n\t\t\t\t<div class=\"elementor-widget-container\">\n\t\t\t\t\t<h2 class=\"elementor-heading-title elementor-size-default\">28.11.2019 przez webmaster<\/h2>\t\t\t\t<\/div>\n\t\t\t\t<\/div>\n\t\t\t\t<div class=\"elementor-element elementor-element-e7e4d6d elementor-widget elementor-widget-heading\" data-id=\"e7e4d6d\" data-element_type=\"widget\" data-widget_type=\"heading.default\">\n\t\t\t\t<div class=\"elementor-widget-container\">\n\t\t\t\t\t<h2 class=\"elementor-heading-title elementor-size-default\">Wibroakustyka \u2013 nowy kierunek w medycynie<\/h2>\t\t\t\t<\/div>\n\t\t\t\t<\/div>\n\t\t\t\t<div class=\"elementor-element elementor-element-911268a elementor-widget__width-initial elementor-widget elementor-widget-image\" data-id=\"911268a\" data-element_type=\"widget\" data-widget_type=\"image.default\">\n\t\t\t\t<div class=\"elementor-widget-container\">\n\t\t\t\t\t\t\t\t\t\t\t\t\t\t\t<img fetchpriority=\"high\" decoding=\"async\" width=\"300\" height=\"288\" src=\"https:\/\/zdrowiejoga.pl\/wp-content\/uploads\/2025\/06\/vitafon_2.jpg\" class=\"attachment-medium size-medium wp-image-502\" alt=\"\" \/>\t\t\t\t\t\t\t\t\t\t\t\t\t\t\t<\/div>\n\t\t\t\t<\/div>\n\t\t\t\t<div class=\"elementor-element elementor-element-90c64bc elementor-widget elementor-widget-text-editor\" data-id=\"90c64bc\" data-element_type=\"widget\" data-widget_type=\"text-editor.default\">\n\t\t\t\t<div class=\"elementor-widget-container\">\n\t\t\t\t\t\t\t\t\t<p>W naszym <strong>Gabinecie Medycyny Naturalnej \u201eZdrowie\u201d<\/strong> oferujemy <strong>zabiegi wibroakustyczne<\/strong> urz\u0105dzeniem <strong>Vitafon2<\/strong>.<\/p><p><strong>Wibroakustyczne metody leczenia i profilaktyki chor\u00f3b<\/strong> po raz pierwszy znalaz\u0142y zastosowanie w praktyce pod koniec XX wieku. Istota metody polega\u0142a na tym, \u017ce w miejscu zmian chorobowych stosowano oddzia\u0142ywanie za pomoc\u0105 <strong>drga\u0144 d\u017awi\u0119kowych<\/strong> o zmieniaj\u0105cej si\u0119 w okre\u015blonej skali cz\u0119stotliwo\u015bci.<\/p><p>W efekcie w miejscu oddzia\u0142ywania <strong>znacznie poprawia\u0142 si\u0119 przep\u0142yw krwi i limfy<\/strong> . Metodyka leczenia obejmuje tak\u017ce <strong>wibroakustyczne oddzia\u0142ywanie na<\/strong> w\u0105trob\u0119 i nerki, znacznie zwi\u0119kszaj\u0105ce ich wydajno\u015b\u0107, oraz na odpowiedni odcinek <strong>kr\u0119gos\u0142upa<\/strong>.<\/p><p><strong>Wysoka skuteczno\u015b\u0107 leczenia<\/strong> , czasami niewyja\u015bniona z punktu widzenia medycyny klasycznej, znalaz\u0142a swoje uzasadnienie wraz z odkryciem zjawiska mikrowibracji tkanek organizmu \u2014 b\u0119d\u0105cego, obok tlenu i energii, jednym z najwa\u017cniejszych zasob\u00f3w organizmu. Okaza\u0142o si\u0119, \u017ce <strong>oddzia\u0142ywanie wibroakustyczne na tkanki<\/strong> nie tylko poprawia ukrwienie i kr\u0105\u017cenie limfy, ale tak\u017ce nasyca je mikrowibracjami \u2013 zasobem, kt\u00f3rego brak cz\u0119sto jest najwa\u017cniejszym czynnikiem, decyduj\u0105cym o tym, \u017ce <strong>organizm nie radzi sobie z chorob\u0105<\/strong>.<\/p><p><strong>Metoda zosta\u0142a dopuszczona<\/strong> do praktyki medycznej w 1994 roku. A\u017c do 2000 roku oddzia\u0142ywanie mikrowibracjami stosowano jedynie w obszarze patologii, przy chorobach o pochodzeniu zapalnym i urazowym: <strong>osteochondroza, zapalenie korzonk\u00f3w nerwowych, zapalenie staw\u00f3w, artroza, zapalenie prostaty, zapalenie p\u0119cherza moczowego, rany, zwichni\u0119cia, z\u0142amania, poparzenia<\/strong>.<\/p><p>Zrozumienie roli mikrowibracji w procesach fizjologicznych i immunologicznych pozwoli\u0142o wyja\u015bni\u0107 <strong>wysok\u0105 skuteczno\u015b\u0107 terapii wibroakustycznej<\/strong> . Metoda zyska\u0142a solidne podstawy naukowe. Okaza\u0142o si\u0119, \u017ce uzupe\u0142nianie mikrowibracji jest niezb\u0119dne \u2014 i niezast\u0119powalne.<\/p><p>Szczeg\u00f3lnie potrzebuj\u0105 ich nerki, w\u0105troba, rdze\u0144 kr\u0119gowy, szpik kostny. <strong>Oddzia\u0142ywanie na te organy<\/strong> oraz dodatkowa terapia w obszarze patologii jeszcze bardziej <strong>zwi\u0119kszy\u0142y skuteczno\u015b\u0107 leczenia<\/strong>.<\/p><p>Lista leczonych chor\u00f3b zacz\u0119\u0142a obejmowa\u0107 choroby og\u00f3lnoustrojowe: <strong>nadci\u015bnienie, alergie, cukrzyc\u0119, gruczolaki, impotencj\u0119<\/strong> i <strong>wiele innych<\/strong> . Leczone by\u0142y r\u00f3wnie\u017c choroby trudne do wyleczenia: <strong>zapalenie w\u0105troby typu B i C, przewlek\u0142e zapalenie oskrzeli<\/strong> i inne.<\/p><p>Po raz pierwszy uda\u0142o si\u0119 zatrzyma\u0107 gangren\u0119 i wyleczy\u0107 j\u0105 przy stopie cukrzycowej. Cho\u0107 wyniki bywaj\u0105 spektakularne, <strong>metoda opiera si\u0119 na kompensacji brakuj\u0105cych mikrowibracji<\/strong> , co usuwa jedn\u0105 z kluczowych przyczyn przewlek\u0142o\u015bci chor\u00f3b. Organizm mo\u017ce w\u00f3wczas zn\u00f3w realizowa\u0107 swoje funkcje regeneracyjne i immunologiczne.<\/p><p><strong>Organizm sam potrafi si\u0119 regenerowa\u0107, je\u015bli ma odpowiednie zasoby.<\/strong><\/p>\t\t\t\t\t\t\t\t<\/div>\n\t\t\t\t<\/div>\n\t\t<div class=\"elementor-element elementor-element-9c8370d e-con-full e-flex e-con e-child\" data-id=\"9c8370d\" data-element_type=\"container\">\n\t\t\t\t<div class=\"elementor-element elementor-element-0ff1b41 elementor-align-right elementor-widget elementor-widget-button\" data-id=\"0ff1b41\" data-element_type=\"widget\" data-widget_type=\"button.default\">\n\t\t\t\t<div class=\"elementor-widget-container\">\n\t\t\t\t\t\t\t\t\t<div class=\"elementor-button-wrapper\">\n\t\t\t\t\t<a class=\"elementor-button elementor-button-link elementor-size-sm\" href=\"#\">\n\t\t\t\t\t\t<span class=\"elementor-button-content-wrapper\">\n\t\t\t\t\t\t\t\t\t<span class=\"elementor-button-text\">Dodaj komentarz<\/span>\n\t\t\t\t\t<\/span>\n\t\t\t\t\t<\/a>\n\t\t\t\t<\/div>\n\t\t\t\t\t\t\t\t<\/div>\n\t\t\t\t<\/div>\n\t\t\t\t<div class=\"elementor-element elementor-element-27c7f08 elementor-button-info elementor-align-right elementor-widget elementor-widget-button\" data-id=\"27c7f08\" data-element_type=\"widget\" data-widget_type=\"button.default\">\n\t\t\t\t<div class=\"elementor-widget-container\">\n\t\t\t\t\t\t\t\t\t<div class=\"elementor-button-wrapper\">\n\t\t\t\t\t<a class=\"elementor-button elementor-button-link elementor-size-sm\" href=\"https:\/\/zdrowiejoga.pl\/index.php\/artykuly\/\">\n\t\t\t\t\t\t<span class=\"elementor-button-content-wrapper\">\n\t\t\t\t\t\t\t\t\t<span class=\"elementor-button-text\">Wszystkie artyku\u0142y<\/span>\n\t\t\t\t\t<\/span>\n\t\t\t\t\t<\/a>\n\t\t\t\t<\/div>\n\t\t\t\t\t\t\t\t<\/div>\n\t\t\t\t<\/div>\n\t\t\t\t<\/div>\n\t\t\t\t<\/div>\n\t\t\t\t\t<\/div>\n\t\t\t\t<\/div>\n\t\t\t\t<\/div>\n\t\t","protected":false},"excerpt":{"rendered":"<p>Vitafon2 28.11.2019 przez webmaster Wibroakustyka \u2013 nowy kierunek w medycynie W naszym Gabinecie Medycyny Naturalnej \u201eZdrowie\u201d oferujemy zabiegi wibroakustyczne urz\u0105dzeniem Vitafon2. Wibroakustyczne metody leczenia i profilaktyki chor\u00f3b po raz pierwszy znalaz\u0142y zastosowanie w praktyce pod koniec XX wieku. Istota metody polega\u0142a na tym, \u017ce w miejscu zmian chorobowych stosowano oddzia\u0142ywanie za pomoc\u0105 drga\u0144 d\u017awi\u0119kowych o [&hellip;]<\/p>\n","protected":false},"author":1,"featured_media":0,"parent":0,"menu_order":0,"comment_status":"closed","ping_status":"closed","template":"elementor_header_footer","meta":{"ocean_post_layout":"","ocean_both_sidebars_style":"","ocean_both_sidebars_content_width":0,"ocean_both_sidebars_sidebars_width":0,"ocean_sidebar":"","ocean_second_sidebar":"","ocean_disable_margins":"enable","ocean_add_body_class":"","ocean_shortcode_before_top_bar":"","ocean_shortcode_after_top_bar":"","ocean_shortcode_before_header":"","ocean_shortcode_after_header":"","ocean_has_shortcode":"","ocean_shortcode_after_title":"","ocean_shortcode_before_footer_widgets":"","ocean_shortcode_after_footer_widgets":"","ocean_shortcode_before_footer_bottom":"","ocean_shortcode_after_footer_bottom":"","ocean_display_top_bar":"default","ocean_display_header":"default","ocean_header_style":"","ocean_center_header_left_menu":"","ocean_custom_header_template":"","ocean_custom_logo":0,"ocean_custom_retina_logo":0,"ocean_custom_logo_max_width":0,"ocean_custom_logo_tablet_max_width":0,"ocean_custom_logo_mobile_max_width":0,"ocean_custom_logo_max_height":0,"ocean_custom_logo_tablet_max_height":0,"ocean_custom_logo_mobile_max_height":0,"ocean_header_custom_menu":"","ocean_menu_typo_font_family":"","ocean_menu_typo_font_subset":"","ocean_menu_typo_font_size":0,"ocean_menu_typo_font_size_tablet":0,"ocean_menu_typo_font_size_mobile":0,"ocean_menu_typo_font_size_unit":"px","ocean_menu_typo_font_weight":"","ocean_menu_typo_font_weight_tablet":"","ocean_menu_typo_font_weight_mobile":"","ocean_menu_typo_transform":"","ocean_menu_typo_transform_tablet":"","ocean_menu_typo_transform_mobile":"","ocean_menu_typo_line_height":0,"ocean_menu_typo_line_height_tablet":0,"ocean_menu_typo_line_height_mobile":0,"ocean_menu_typo_line_height_unit":"","ocean_menu_typo_spacing":0,"ocean_menu_typo_spacing_tablet":0,"ocean_menu_typo_spacing_mobile":0,"ocean_menu_typo_spacing_unit":"","ocean_menu_link_color":"","ocean_menu_link_color_hover":"","ocean_menu_link_color_active":"","ocean_menu_link_background":"","ocean_menu_link_hover_background":"","ocean_menu_link_active_background":"","ocean_menu_social_links_bg":"","ocean_menu_social_hover_links_bg":"","ocean_menu_social_links_color":"","ocean_menu_social_hover_links_color":"","ocean_disable_title":"default","ocean_disable_heading":"default","ocean_post_title":"","ocean_post_subheading":"","ocean_post_title_style":"","ocean_post_title_background_color":"","ocean_post_title_background":0,"ocean_post_title_bg_image_position":"","ocean_post_title_bg_image_attachment":"","ocean_post_title_bg_image_repeat":"","ocean_post_title_bg_image_size":"","ocean_post_title_height":0,"ocean_post_title_bg_overlay":0.5,"ocean_post_title_bg_overlay_color":"","ocean_disable_breadcrumbs":"default","ocean_breadcrumbs_color":"","ocean_breadcrumbs_separator_color":"","ocean_breadcrumbs_links_color":"","ocean_breadcrumbs_links_hover_color":"","ocean_display_footer_widgets":"default","ocean_display_footer_bottom":"default","ocean_custom_footer_template":"","footnotes":""},"class_list":["post-535","page","type-page","status-publish","hentry","entry"],"_links":{"self":[{"href":"https:\/\/zdrowiejoga.pl\/index.php\/wp-json\/wp\/v2\/pages\/535","targetHints":{"allow":["GET"]}}],"collection":[{"href":"https:\/\/zdrowiejoga.pl\/index.php\/wp-json\/wp\/v2\/pages"}],"about":[{"href":"https:\/\/zdrowiejoga.pl\/index.php\/wp-json\/wp\/v2\/types\/page"}],"author":[{"embeddable":true,"href":"https:\/\/zdrowiejoga.pl\/index.php\/wp-json\/wp\/v2\/users\/1"}],"replies":[{"embeddable":true,"href":"https:\/\/zdrowiejoga.pl\/index.php\/wp-json\/wp\/v2\/comments?post=535"}],"version-history":[{"count":28,"href":"https:\/\/zdrowiejoga.pl\/index.php\/wp-json\/wp\/v2\/pages\/535\/revisions"}],"predecessor-version":[{"id":2820,"href":"https:\/\/zdrowiejoga.pl\/index.php\/wp-json\/wp\/v2\/pages\/535\/revisions\/2820"}],"wp:attachment":[{"href":"https:\/\/zdrowiejoga.pl\/index.php\/wp-json\/wp\/v2\/media?parent=535"}],"curies":[{"name":"wp","href":"https:\/\/api.w.org\/{rel}","templated":true}]}}